{"id":118,"date":"2016-01-28T12:00:30","date_gmt":"2016-01-28T12:00:30","guid":{"rendered":"http:\/\/demo.themegrill.com\/estore\/?page_id=118"},"modified":"2018-12-21T23:20:08","modified_gmt":"2018-12-21T16:20:08","slug":"front-page","status":"publish","type":"page","link":"https:\/\/xuongphukientubep.com\/site\/","title":{"rendered":"Ph\u1ee5 Ki\u1ec7n T\u1ee7 B\u1ebfp Niran"},"content":{"rendered":"<p>Ph\u1ee5 ki\u1ec7n t\u1ee7 b\u1ebfp Niran\u00a0inox 304 \u0111\u01b0\u1ee3c s\u1ea3n xu\u1ea5t t\u1ea1i TP H\u1ed3 Ch\u00ed Minh. \u0110T\/Zalo: 0933103313<br \/>\nX\u01af\u1edeNG CHUY\u00caN S\u1ea2N XU\u1ea4T PH\u1ee4 KI\u1ec6N T\u1ee6 B\u1ebeP NIRAN INOX 304 THEO S\u1ed0 \u0110O T\u1ee6 B\u1ebeP KH\u00c1CH H\u00c0NG.<br \/>\nMi\u1ec5n ph\u00ed t\u01b0 v\u1ea5n ,l\u1eafp \u0111\u1eb7t v\u00e0 b\u1ea3o h\u00e0nh s\u1ea3n ph\u1ea9m tr\u1ecdn \u0111\u1eddi<br \/>\nS\u1ea3n ph\u1ea9m ph\u1ee5 ki\u1ec7n t\u1ee7 b\u1ebfp Niran\u00a0\u0111\u01b0\u1ee3c l\u00e0m duy nh\u1ea5t b\u1eb1ng ch\u1ea5t li\u1ec7u inox 304 cao c\u1ea5p d\u00e0y ch\u1eafc ch\u1eafn \u0111\u01b0\u1ee3c \u0111\u00e1nh b\u00f3ng t\u1ec9 m\u1ec9 b\u1eb1ng th\u1ee7 c\u00f4ng b\u1edfi nh\u1eefng ng\u01b0\u1eddi th\u1ee3 l\u00e0nh ngh\u1ec1 l\u00e0m cho s\u1ea3n ph\u1ea9m lu\u00f4n \u0111\u01b0\u1ee3c s\u00e1ng b\u00f3ng kh\u00f4ng lo g\u1ec9 s\u00e9t,\u00a0bi\u1ebfn d\u1ea1ng trong m\u00f4i tr\u01b0\u1eddng kh\u1eafc nghi\u1ec7t c\u1ee7a nh\u00e0 b\u1ebfp.<\/p>\n<h4><span style=\"vertical-align: inherit;\">B\u1ea1n \u0111\u00e3 s\u1edf h\u1eefu hay \u0111ang l\u00ean \u00fd t\u01b0\u1edfng ho\u00e0n thi\u1ec7n cho t\u1ee7 b\u1ebfp c\u1ee7a b\u1ea1n?<\/span><br \/>\n<span style=\"vertical-align: inherit;\">B\u1ea1n \u0111ang b\u0103n kho\u0103n v\u1ec1 vi\u1ec7c mua ph\u1ee5 ki\u1ec7n t\u1ee7 b\u1ebfp tr\u01b0\u1edbc hay sau khi ho\u00e0n thi\u1ec7n t\u1ee7 b\u1ebfp?<\/span><br \/>\n<span style=\"vertical-align: inherit;\">S\u1ee3 r\u1eb1ng mua ph\u1ee5 ki\u1ec7n tr\u01b0\u1edbc th\u00ec ph\u1ea3i theo k\u00edch th\u01b0\u1edbc c\u00f3 s\u1eb5n kh\u00f4ng h\u1ee3p v\u1edbi thi\u1ebft k\u1ebf v\u1edbi nhu c\u1ea7u ,c\u00f2n mua sau th\u00ec s\u1ee3 l\u1eafp kh\u00f4ng v\u1eeba.<\/span><br \/>\n<span style=\"vertical-align: inherit;\">C\u00f3 <\/span><span style=\"vertical-align: inherit;\">X\u01af\u1edeNG PH\u1ee4 KI\u1ec6N T\u1ee6 B\u1ebeP<\/span><span style=\"vertical-align: inherit;\"> \u0111\u00e2y r\u1ed3i , kh\u00f4ng c\u1ea7n lo n\u1eefa nh\u00e9 , c\u1ee9 tho\u1ea3i m\u00e1i x\u00e2y d\u1ef1ng t\u1ee7 b\u1ebfp theo \u00fd th\u00edch c\u1ee7a gia \u0111\u00ecnh b\u1ea1n.C\u00f2n vi\u1ec7c g\u1eafn ph\u1ee5 ki\u1ec7n t\u1ee7 b\u1ebfp X\u01af\u1edeNG em s\u1ebd lo t\u1ea5t \u1ea1.<\/span><\/h4>\n<p>\u2705K\u00edch th\u01b0\u1edbc ph\u1ee5 ki\u1ec7n s\u1ebd \u0111\u01b0\u1ee3c thi\u1ebft k\u1ebf, \u0111o \u0111\u1ea1c theo t\u1eebng milimet t\u1ee7 b\u1ebfp c\u1ee7a kh\u00e1ch h\u00e0ng.<br \/>\n\u2705\u0110\u1eb7c bi\u1ec7t x\u01b0\u1edfng s\u1ebd thi\u1ebft k\u1ebf theo nhu c\u1ea7u ri\u00eang c\u1ee7a m\u1ed7i kh\u00e1ch h\u00e0ng.<br \/>\n\u2705M\u1eabu m\u00e3 th\u1ea9m m\u1ef9 t\u01b0\u01a1ng th\u00edch v\u1edbi t\u1ee7 b\u1ebfp c\u00f3 s\u1eb5n, k\u00edch th\u01b0\u1edbc th\u00ec v\u1eeba kh\u00edt.<br \/>\n\u2705X\u01b0\u1edfng ch\u1ec9 s\u1eed d\u1ee5ng duy nh\u1ea5t ch\u1ea5t li\u1ec7u inox 304 \u0111\u1ec3 l\u00e0m n\u00ean s\u1ea3n ph\u1ea9m c\u00f3 \u0111\u1ed9 b\u1ec1n cao nh\u1ea5t.<br \/>\n\u2705Lu\u00f4n c\u1eadp nh\u1eadt m\u1eabu m\u00e3 m\u1edbi \u0111\u1ebfn v\u1edbi kh\u00e1ch h\u00e0ng<br \/>\n\u2705S\u1ea3n ph\u1ea9m b\u1ea3o h\u00e0nh tr\u1ecdn \u0111\u1eddi<br \/>\n? T\u01b0 v\u1ea5n &amp; b\u00e1o gi\u00e1: \u0110T\/Zalo 0933103313<\/p>\n<p>\u0110\u1ec3 tr\u1ea3i nghi\u1ec7m s\u1ea3n ph\u1ea9m qu\u00fd kh\u00e1ch c\u00f3 th\u1ec3 xem m\u1eabu tr\u1ef1c ti\u1ebfp t\u1ea1i \u0111\u1ecba ch\u1ec9<br \/>\n<span class=\"_5mfr\"><span class=\"_6qdm\">?<\/span><\/span>\u00a0Showroom: 4\/40 L\u01b0u Ch\u00ed Hi\u1ebfu , Ph\u01b0\u1eddng T\u00e2y Th\u1ea1nh , Qu\u1eadn T\u00e2n Ph\u00fa, TPHCM<br \/>\n? X\u01b0\u1edbng SX:\u00a061\/2 Qu\u1ed1c L\u1ed9 1A, Ti\u1ec1n L\u00e2n 15, B\u00e0 \u0110i\u1ec3m, Hooc M\u00f4n,TP.HCM<br \/>\n<a href=\"https:\/\/xuongphukientubep.com\">https:\/\/xuongphukientubep.com<\/a><br \/>\n<a href=\"https:\/\/www.facebook.com\/xuongphukientubep\/\">https:\/\/www.facebook.com\/xuongphukientubep\/<\/a><\/p>\n","protected":false},"excerpt":{"rendered":"<p>Ph\u1ee5 ki\u1ec7n t\u1ee7 b\u1ebfp Niran\u00a0inox 304 \u0111\u01b0\u1ee3c s\u1ea3n xu\u1ea5t t\u1ea1i TP H\u1ed3 Ch\u00ed Minh. \u0110T\/Zalo: 0933103313 X\u01af\u1edeNG CHUY\u00caN S\u1ea2N XU\u1ea4T PH\u1ee4 KI\u1ec6N T\u1ee6 B\u1ebeP NIRAN INOX 304 THEO S\u1ed0 \u0110O T\u1ee6 B\u1ebeP KH\u00c1CH H\u00c0NG. Mi\u1ec5n ph\u00ed t\u01b0 v\u1ea5n ,l\u1eafp \u0111\u1eb7t v\u00e0 b\u1ea3o h\u00e0nh s\u1ea3n ph\u1ea9m tr\u1ecdn \u0111\u1eddi S\u1ea3n ph\u1ea9m ph\u1ee5 ki\u1ec7n t\u1ee7 b\u1ebfp Niran\u00a0\u0111\u01b0\u1ee3c l\u00e0m [&hellip;]<\/p>\n","protected":false},"author":1,"featured_media":896,"parent":0,"menu_order":0,"comment_status":"closed","ping_status":"closed","template":"page-templates\/template-wc-collection.php","meta":{"_exactmetrics_skip_tracking":false,"_exactmetrics_sitenote_active":false,"_exactmetrics_sitenote_note":"","_exactmetrics_sitenote_category":0,"footnotes":""},"yoast_head":"<!-- This site is optimized with the Yoast SEO plugin v24.5 - https:\/\/yoast.com\/wordpress\/plugins\/seo\/ -->\n<title>Ph\u1ee5 ki\u1ec7n t\u1ee7 b\u1ebfp Niran - Made in Viet Nam - www.xuongphukientubep.com<\/title>\n<meta name=\"description\" content=\"X\u01af\u1edeNG CHUY\u00caN S\u1ea2N XU\u1ea4T PH\u1ee4 KI\u1ec6N T\u1ee6 B\u1ebeP NIRAN INOX 304 CAO C\u1ea4P THEO S\u1ed0 \u0110O T\u1ee6 B\u1ebeP KH\u00c1CH H\u00c0NG t\u1ea1i TP H\u1ed3 Ch\u00ed Minh. Li\u00ean h\u1ec7 \u0110T\/Zalo: 0933103313\" \/>\n<meta name=\"robots\" content=\"index, follow, max-snippet:-1, max-image-preview:large, max-video-preview:-1\" \/>\n<link rel=\"canonical\" href=\"https:\/\/xuongphukientubep.com\/site\/\" \/>\n<meta property=\"og:locale\" content=\"vi_VN\" \/>\n<meta property=\"og:type\" content=\"article\" \/>\n<meta property=\"og:title\" content=\"Ph\u1ee5 ki\u1ec7n t\u1ee7 b\u1ebfp Niran - Made in Viet Nam - www.xuongphukientubep.com\" \/>\n<meta property=\"og:description\" content=\"X\u01af\u1edeNG CHUY\u00caN S\u1ea2N XU\u1ea4T PH\u1ee4 KI\u1ec6N T\u1ee6 B\u1ebeP NIRAN INOX 304 CAO C\u1ea4P THEO S\u1ed0 \u0110O T\u1ee6 B\u1ebeP KH\u00c1CH H\u00c0NG t\u1ea1i TP H\u1ed3 Ch\u00ed Minh. Li\u00ean h\u1ec7 \u0110T\/Zalo: 0933103313\" \/>\n<meta property=\"og:url\" content=\"https:\/\/xuongphukientubep.com\/site\/\" \/>\n<meta property=\"og:site_name\" content=\"Niran\" \/>\n<meta property=\"article:modified_time\" content=\"2018-12-21T16:20:08+00:00\" \/>\n<meta property=\"og:image\" content=\"https:\/\/xuongphukientubep.com\/site\/wp-content\/uploads\/2018\/09\/file-word.png\" \/>\n\t<meta property=\"og:image:width\" content=\"880\" \/>\n\t<meta property=\"og:image:height\" content=\"520\" \/>\n\t<meta property=\"og:image:type\" content=\"image\/png\" \/>\n<meta name=\"twitter:card\" content=\"summary_large_image\" \/>\n<meta name=\"twitter:label1\" content=\"\u01af\u1edbc t\u00ednh th\u1eddi gian \u0111\u1ecdc\" \/>\n\t<meta name=\"twitter:data1\" content=\"3 ph\u00fat\" \/>\n<!-- \/ Yoast SEO plugin. -->","yoast_head_json":{"title":"Ph\u1ee5 ki\u1ec7n t\u1ee7 b\u1ebfp Niran - Made in Viet Nam - www.xuongphukientubep.com","description":"X\u01af\u1edeNG CHUY\u00caN S\u1ea2N XU\u1ea4T PH\u1ee4 KI\u1ec6N T\u1ee6 B\u1ebeP NIRAN INOX 304 CAO C\u1ea4P THEO S\u1ed0 \u0110O T\u1ee6 B\u1ebeP KH\u00c1CH H\u00c0NG t\u1ea1i TP H\u1ed3 Ch\u00ed Minh. Li\u00ean h\u1ec7 \u0110T\/Zalo: 0933103313","robots":{"index":"index","follow":"follow","max-snippet":"max-snippet:-1","max-image-preview":"max-image-preview:large","max-video-preview":"max-video-preview:-1"},"canonical":"https:\/\/xuongphukientubep.com\/site\/","og_locale":"vi_VN","og_type":"article","og_title":"Ph\u1ee5 ki\u1ec7n t\u1ee7 b\u1ebfp Niran - Made in Viet Nam - www.xuongphukientubep.com","og_description":"X\u01af\u1edeNG CHUY\u00caN S\u1ea2N XU\u1ea4T PH\u1ee4 KI\u1ec6N T\u1ee6 B\u1ebeP NIRAN INOX 304 CAO C\u1ea4P THEO S\u1ed0 \u0110O T\u1ee6 B\u1ebeP KH\u00c1CH H\u00c0NG t\u1ea1i TP H\u1ed3 Ch\u00ed Minh. Li\u00ean h\u1ec7 \u0110T\/Zalo: 0933103313","og_url":"https:\/\/xuongphukientubep.com\/site\/","og_site_name":"Niran","article_modified_time":"2018-12-21T16:20:08+00:00","og_image":[{"width":880,"height":520,"url":"https:\/\/xuongphukientubep.com\/site\/wp-content\/uploads\/2018\/09\/file-word.png","type":"image\/png"}],"twitter_card":"summary_large_image","twitter_misc":{"\u01af\u1edbc t\u00ednh th\u1eddi gian \u0111\u1ecdc":"3 ph\u00fat"},"schema":{"@context":"https:\/\/schema.org","@graph":[{"@type":"WebPage","@id":"https:\/\/xuongphukientubep.com\/site\/","url":"https:\/\/xuongphukientubep.com\/site\/","name":"Ph\u1ee5 ki\u1ec7n t\u1ee7 b\u1ebfp Niran - Made in Viet Nam - www.xuongphukientubep.com","isPartOf":{"@id":"https:\/\/xuongphukientubep.com\/site\/#website"},"primaryImageOfPage":{"@id":"https:\/\/xuongphukientubep.com\/site\/#primaryimage"},"image":{"@id":"https:\/\/xuongphukientubep.com\/site\/#primaryimage"},"thumbnailUrl":"https:\/\/xuongphukientubep.com\/site\/wp-content\/uploads\/2018\/09\/file-word.png","datePublished":"2016-01-28T12:00:30+00:00","dateModified":"2018-12-21T16:20:08+00:00","description":"X\u01af\u1edeNG CHUY\u00caN S\u1ea2N XU\u1ea4T PH\u1ee4 KI\u1ec6N T\u1ee6 B\u1ebeP NIRAN INOX 304 CAO C\u1ea4P THEO S\u1ed0 \u0110O T\u1ee6 B\u1ebeP KH\u00c1CH H\u00c0NG t\u1ea1i TP H\u1ed3 Ch\u00ed Minh. Li\u00ean h\u1ec7 \u0110T\/Zalo: 0933103313","breadcrumb":{"@id":"https:\/\/xuongphukientubep.com\/site\/#breadcrumb"},"inLanguage":"vi","potentialAction":[{"@type":"ReadAction","target":["https:\/\/xuongphukientubep.com\/site\/"]}]},{"@type":"ImageObject","inLanguage":"vi","@id":"https:\/\/xuongphukientubep.com\/site\/#primaryimage","url":"https:\/\/xuongphukientubep.com\/site\/wp-content\/uploads\/2018\/09\/file-word.png","contentUrl":"https:\/\/xuongphukientubep.com\/site\/wp-content\/uploads\/2018\/09\/file-word.png","width":880,"height":520,"caption":"X\u01b0\u1edfng s\u1ea3n xu\u1ea5t ph\u1ee5 ki\u1ec7n t\u1ee7 b\u1ebfp Niran inox 304 t\u1ea1i TP H\u1ed3 Ch\u00ed Minh"},{"@type":"BreadcrumbList","@id":"https:\/\/xuongphukientubep.com\/site\/#breadcrumb","itemListElement":[{"@type":"ListItem","position":1,"name":"Trang ch\u1ee7","item":"https:\/\/xuongphukientubep.com\/site\/"},{"@type":"ListItem","position":2,"name":"Ph\u1ee5 Ki\u1ec7n T\u1ee7 B\u1ebfp Niran"}]},{"@type":"WebSite","@id":"https:\/\/xuongphukientubep.com\/site\/#website","url":"https:\/\/xuongphukientubep.com\/site\/","name":"Niran","description":"X\u01b0\u1edfng chuy\u00ean s\u1ea3n xu\u1ea5t ph\u1ee5 ki\u1ec7n t\u1ee7 b\u1ebfp inox 304 cao c\u1ea5p","publisher":{"@id":"https:\/\/xuongphukientubep.com\/site\/#organization"},"potentialAction":[{"@type":"SearchAction","target":{"@type":"EntryPoint","urlTemplate":"https:\/\/xuongphukientubep.com\/site\/?s={search_term_string}"},"query-input":{"@type":"PropertyValueSpecification","valueRequired":true,"valueName":"search_term_string"}}],"inLanguage":"vi"},{"@type":"Organization","@id":"https:\/\/xuongphukientubep.com\/site\/#organization","name":"Niran","url":"https:\/\/xuongphukientubep.com\/site\/","logo":{"@type":"ImageObject","inLanguage":"vi","@id":"https:\/\/xuongphukientubep.com\/site\/#\/schema\/logo\/image\/","url":"https:\/\/xuongphukientubep.com\/site\/wp-content\/uploads\/2018\/09\/cropped-215-2.png","contentUrl":"https:\/\/xuongphukientubep.com\/site\/wp-content\/uploads\/2018\/09\/cropped-215-2.png","width":197,"height":108,"caption":"Niran"},"image":{"@id":"https:\/\/xuongphukientubep.com\/site\/#\/schema\/logo\/image\/"}}]}},"amp_enabled":false,"_links":{"self":[{"href":"https:\/\/xuongphukientubep.com\/site\/wp-json\/wp\/v2\/pages\/118"}],"collection":[{"href":"https:\/\/xuongphukientubep.com\/site\/wp-json\/wp\/v2\/pages"}],"about":[{"href":"https:\/\/xuongphukientubep.com\/site\/wp-json\/wp\/v2\/types\/page"}],"author":[{"embeddable":true,"href":"https:\/\/xuongphukientubep.com\/site\/wp-json\/wp\/v2\/users\/1"}],"replies":[{"embeddable":true,"href":"https:\/\/xuongphukientubep.com\/site\/wp-json\/wp\/v2\/comments?post=118"}],"version-history":[{"count":8,"href":"https:\/\/xuongphukientubep.com\/site\/wp-json\/wp\/v2\/pages\/118\/revisions"}],"predecessor-version":[{"id":2587,"href":"https:\/\/xuongphukientubep.com\/site\/wp-json\/wp\/v2\/pages\/118\/revisions\/2587"}],"wp:featuredmedia":[{"embeddable":true,"href":"https:\/\/xuongphukientubep.com\/site\/wp-json\/wp\/v2\/media\/896"}],"wp:attachment":[{"href":"https:\/\/xuongphukientubep.com\/site\/wp-json\/wp\/v2\/media?parent=118"}],"curies":[{"name":"wp","href":"https:\/\/api.w.org\/{rel}","templated":true}]}}