{"id":1123,"date":"2018-08-11T17:38:38","date_gmt":"2018-08-11T10:38:38","guid":{"rendered":"https:\/\/xuongphukientubep.com\/site\/?post_type=product&#038;p=1123"},"modified":"2022-06-15T15:20:29","modified_gmt":"2022-06-15T08:20:29","slug":"ke-chen-dia-am-tu-niran-inox-304-nr0104","status":"publish","type":"product","link":"https:\/\/xuongphukientubep.com\/site\/product\/ke-chen-dia-am-tu-niran-inox-304-nr0104\/","title":{"rendered":"K\u1ec7 ch\u00e9n d\u0129a \u00e2m t\u1ee7 Niran inox 304 NR0104"},"content":{"rendered":"<p><em><strong>K\u1ec7 ch\u00e9n d\u0129a \u00e2m t\u1ee7 Niran inox 304 NR0104<\/strong><\/em> \u0111\u01b0\u1ee3c thi\u1ebft k\u1ebf \u00e2m b\u00ean trong t\u1ee7 b\u1ebfp tr\u00ean v\u1eeba ti\u1ec7n l\u1ee3i v\u1eeba \u0111\u1eb9p m\u1eaft.S\u1ea3n ph\u1ea9m \u0111\u01b0\u1ee3c s\u1ea3n xu\u1ea5t t\u1ec9 m\u1ec9 b\u1edfi nh\u1eefng ng\u01b0\u1eddi th\u1ee3 l\u00e0nh ngh\u1ec1, l\u00e0 m\u1ed9t s\u1ea3n ph\u1ea9m inox cao c\u1ea5p, \u0111\u01b0\u1eddng n\u00e9t tinh x\u1ea3o, hi\u1ec7n \u0111\u1ea1i t\u1ea1o cho nh\u00e0 b\u1ebfp c\u1ee7a b\u1ea1n m\u1ed9t \u0111i\u1ec3m nh\u1ea5n v\u00f4 c\u00f9ng n\u1ed5i b\u1eadt, n\u00f3 nh\u01b0 m\u1ed9t v\u1eadt trang tr\u00ed ho\u00e0n h\u1ea3o v\u1edbi t\u00ednh n\u0103ng \u00fap ch\u00e9n d\u0129a.Thu\u1eadn ti\u1ec7n s\u1eafp x\u1ebfp ch\u00e9n d\u0129a 1 c\u00e1ch g\u1ecdn g\u00e0ng ng\u0103n n\u1eafp<\/p>\n<p>? S\u1ea3n ph\u1ea9m <a href=\"https:\/\/xuongphukientubep.com\">ph\u1ee5 ki\u1ec7n t\u1ee7 b\u1ebfp Niran inox 304<\/a> b\u1ea3o h\u00e0nh tr\u1ecdn \u0111\u1eddi.<\/p>\n<p><img loading=\"lazy\" decoding=\"async\" class=\" lazy size-full wp-image-1994\" src=\"data:image\/svg+xml,%3Csvg%20xmlns='http:\/\/www.w3.org\/2000\/svg'%20viewBox='0%200%203024%203024'%3E%3C\/svg%3E\" data-src=\"https:\/\/xuongphukientubep.com\/site\/wp-content\/uploads\/2018\/08\/Ke-chen-dia-am-tu-Niran-inox-304-NR0104.jpg\" alt=\"Ke chen dia am tu Niran inox 304 NR0104\" width=\"3024\" height=\"3024\" data-srcset=\"https:\/\/xuongphukientubep.com\/site\/wp-content\/uploads\/2018\/08\/Ke-chen-dia-am-tu-Niran-inox-304-NR0104.jpg 3024w, https:\/\/xuongphukientubep.com\/site\/wp-content\/uploads\/2018\/08\/Ke-chen-dia-am-tu-Niran-inox-304-NR0104-150x150.jpg 150w, https:\/\/xuongphukientubep.com\/site\/wp-content\/uploads\/2018\/08\/Ke-chen-dia-am-tu-Niran-inox-304-NR0104-300x300.jpg 300w, https:\/\/xuongphukientubep.com\/site\/wp-content\/uploads\/2018\/08\/Ke-chen-dia-am-tu-Niran-inox-304-NR0104-768x768.jpg 768w, https:\/\/xuongphukientubep.com\/site\/wp-content\/uploads\/2018\/08\/Ke-chen-dia-am-tu-Niran-inox-304-NR0104-1024x1024.jpg 1024w, https:\/\/xuongphukientubep.com\/site\/wp-content\/uploads\/2018\/08\/Ke-chen-dia-am-tu-Niran-inox-304-NR0104-75x75.jpg 75w, https:\/\/xuongphukientubep.com\/site\/wp-content\/uploads\/2018\/08\/Ke-chen-dia-am-tu-Niran-inox-304-NR0104-444x444.jpg 444w, https:\/\/xuongphukientubep.com\/site\/wp-content\/uploads\/2018\/08\/Ke-chen-dia-am-tu-Niran-inox-304-NR0104-600x600.jpg 600w, https:\/\/xuongphukientubep.com\/site\/wp-content\/uploads\/2018\/08\/Ke-chen-dia-am-tu-Niran-inox-304-NR0104-100x100.jpg 100w\" sizes=\"(max-width: 3024px) 100vw, 3024px\" \/><\/p>\n<figure id=\"attachment_4222\" aria-describedby=\"caption-attachment-4222\" style=\"width: 1331px\" class=\"wp-caption alignnone\"><img loading=\"lazy\" decoding=\"async\" class=\" lazy wp-image-4222 size-full\" src=\"data:image\/svg+xml,%3Csvg%20xmlns='http:\/\/www.w3.org\/2000\/svg'%20viewBox='0%200%201331%20363'%3E%3C\/svg%3E\" data-src=\"http:\/\/xuongphukientubep.com\/site\/wp-content\/uploads\/2018\/08\/Bang-gia-thong-so-ky-thuat-ke-chen-treo-2-tang-inox-304-niran-nr0104.png\" alt=\"B\u1ea3ng gi\u00e1 K\u1ec7 ch\u00e9n d\u0129a 2 t\u1ea7ng treo inox 304 Niran NR0104\" width=\"1331\" height=\"363\" data-srcset=\"https:\/\/xuongphukientubep.com\/site\/wp-content\/uploads\/2018\/08\/Bang-gia-thong-so-ky-thuat-ke-chen-treo-2-tang-inox-304-niran-nr0104.png 1331w, https:\/\/xuongphukientubep.com\/site\/wp-content\/uploads\/2018\/08\/Bang-gia-thong-so-ky-thuat-ke-chen-treo-2-tang-inox-304-niran-nr0104-300x82.png 300w, https:\/\/xuongphukientubep.com\/site\/wp-content\/uploads\/2018\/08\/Bang-gia-thong-so-ky-thuat-ke-chen-treo-2-tang-inox-304-niran-nr0104-768x209.png 768w, https:\/\/xuongphukientubep.com\/site\/wp-content\/uploads\/2018\/08\/Bang-gia-thong-so-ky-thuat-ke-chen-treo-2-tang-inox-304-niran-nr0104-1024x279.png 1024w, https:\/\/xuongphukientubep.com\/site\/wp-content\/uploads\/2018\/08\/Bang-gia-thong-so-ky-thuat-ke-chen-treo-2-tang-inox-304-niran-nr0104-600x164.png 600w\" sizes=\"(max-width: 1331px) 100vw, 1331px\" \/><figcaption id=\"caption-attachment-4222\" class=\"wp-caption-text\">B\u1ea3ng gi\u00e1 K\u1ec7 ch\u00e9n d\u0129a 2 t\u1ea7ng treo inox 304 Niran NR0104<\/figcaption><\/figure>\n<h3>T\u01b0 v\u1ea5n &#8211; Thi\u1ebft k\u1ebf &#8211; L\u1eafp \u0111\u1eb7t K\u1ec7 ch\u00e9n d\u0129a \u00e2m t\u1ee7 Niran inox 304 NR0104 theo k\u00edch th\u01b0\u1edbc kh\u00e1ch h\u00e0ng<\/h3>\n<p>Xem th\u00eam b\u00e1o gi\u00e1 c\u00e1c s\u1ea3n ph\u1ea9m kh\u00e1c t\u1ea1i \u0111\u00e2y : <a href=\"https:\/\/xuongphukientubep.com\">B\u1ea3ng gi\u00e1 s\u1ea3n ph\u1ea9m ph\u1ee5 ki\u1ec7n t\u1ee7 b\u1ebfp Niran<\/a><\/p>\n<h4>N\u01a1i s\u1ea3n xu\u1ea5t K\u1ec7 ch\u00e9n d\u0129a \u00e2m t\u1ee7 inox 304 uy t\u00edn t\u1ea1i Th\u00e0nh ph\u1ed1 H\u1ed3 Ch\u00ed Minh.<\/h4>\n<p>B\u1ea1n \u0111\u00e3 s\u1edf h\u1eefu hay \u0111ang l\u00ean \u00fd t\u01b0\u1edfng ho\u00e0n thi\u1ec7n cho t\u1ee7 b\u1ebfp c\u1ee7a b\u1ea1n?<br \/>\nB\u1ea1n \u0111ang b\u0103n kho\u0103n v\u1ec1 vi\u1ec7c mua ph\u1ee5 ki\u1ec7n t\u1ee7 b\u1ebfp tr\u01b0\u1edbc hay sau khi ho\u00e0n thi\u1ec7n t\u1ee7 b\u1ebfp?<br \/>\nS\u1ee3 r\u1eb1ng mua ph\u1ee5 ki\u1ec7n tr\u01b0\u1edbc th\u00ec ph\u1ea3i theo k\u00edch th\u01b0\u1edbc c\u00f3 s\u1eb5n kh\u00f4ng h\u1ee3p v\u1edbi thi\u1ebft k\u1ebf v\u1edbi nhu c\u1ea7u ,c\u00f2n mua sau th\u00ec s\u1ee3 l\u1eafp kh\u00f4ng v\u1eeba.<br \/>\nC\u00f3 <a href=\"https:\/\/xuongphukientubep.com\/site\/product-category\/phu-kien-tu-bep-niran\/\">X\u01af\u1edeNG PH\u1ee4 KI\u1ec6N T\u1ee6 B\u1ebeP<\/a> \u0111\u00e2y r\u1ed3i , kh\u00f4ng c\u1ea7n lo n\u1eefa nh\u00e9 , c\u1ee9 tho\u1ea3i m\u00e1i x\u00e2y d\u1ef1ng t\u1ee7 b\u1ebfp theo \u00fd th\u00edch c\u1ee7a gia \u0111\u00ecnh b\u1ea1n.C\u00f2n vi\u1ec7c g\u1eafn ph\u1ee5 ki\u1ec7n t\u1ee7 b\u1ebfp X\u01af\u1edeNG em s\u1ebd lo t\u1ea5t \u1ea1.<\/p>\n<p>\u2705K\u00edch th\u01b0\u1edbc ph\u1ee5 ki\u1ec7n s\u1ebd \u0111\u01b0\u1ee3c thi\u1ebft k\u1ebf, \u0111o \u0111\u1ea1c theo t\u1eebng milimet t\u1ee7 b\u1ebfp c\u1ee7a kh\u00e1ch h\u00e0ng.<br \/>\n\u2705\u0110\u1eb7c bi\u1ec7t x\u01b0\u1edfng s\u1ebd thi\u1ebft k\u1ebf theo nhu c\u1ea7u ri\u00eang c\u1ee7a m\u1ed7i kh\u00e1ch h\u00e0ng.<br \/>\n\u2705M\u1eabu m\u00e3 th\u1ea9m m\u1ef9 t\u01b0\u01a1ng th\u00edch v\u1edbi t\u1ee7 b\u1ebfp c\u00f3 s\u1eb5n, k\u00edch th\u01b0\u1edbc th\u00ec v\u1eeba kh\u00edt.<br \/>\n\u2705X\u01b0\u1edfng ch\u1ec9 s\u1eed d\u1ee5ng duy nh\u1ea5t ch\u1ea5t li\u1ec7u inox 304 \u0111\u1ec3 l\u00e0m n\u00ean s\u1ea3n ph\u1ea9m c\u00f3 \u0111\u1ed9 b\u1ec1n cao nh\u1ea5t.<br \/>\n\u2705Lu\u00f4n c\u1eadp nh\u1eadt m\u1eabu m\u00e3 m\u1edbi \u0111\u1ebfn v\u1edbi kh\u00e1ch h\u00e0ng<br \/>\n\u2705S\u1ea3n ph\u1ea9m b\u1ea3o h\u00e0nh tr\u1ecdn \u0111\u1eddi<br \/>\nLi\u00ean h\u1ec7 t\u01b0 v\u1ea5n mi\u1ec5n ph\u00ed \u0110T\/Zalo : 0933103313<br \/>\nShowroom: 4\/40 L\u01b0u Ch\u00ed Hi\u1ebfu, Ph\u01b0\u1eddng T\u00e2y Th\u1ea1nh, Qu\u1eadn T\u00e2n Ph\u00fa, TP.HCM<\/p>\n<p>X\u01b0\u1edbng SX: 61\/2 Qu\u1ed1c L\u1ed9 1A, Ti\u1ec1n L\u00e2n 15, B\u00e0 \u0110i\u1ec3m, Hooc M\u00f4n,TP.HCM<\/p>\n<p>T\u00ecm hi\u1ec3u th\u00eam h\u00ecnh \u1ea3nh thi c\u00f4ng th\u1ef1c t\u1ebf <a href=\"https:\/\/xuongphukientubep.com\/site\/product-category\/phu-kien-tu-bep-niran\/\">ph\u1ee5 ki\u1ec7n t\u1ee7 b\u1ebfp<\/a> c\u1ee7a x\u01b0\u1edfng t\u1ea1i : <a href=\"https:\/\/www.facebook.com\/xuongphukientubep\/\">https:\/\/www.facebook.com\/xuongphukientubep\/<\/a><br \/>\n<a href=\"https:\/\/www.youtube.com\/c\/X%C6%AF%E1%BB%9ENGS%E1%BA%A2NXU%E1%BA%A4TPH%E1%BB%A4KI%E1%BB%86NT%E1%BB%A6B%E1%BA%BEPINOX304CAOC%E1%BA%A4P\">https:\/\/www.youtube.com\/x\u01b0\u1edfngs\u1ea3nxu\u1ea5tph\u1ee5ki\u1ec7nt\u1ee7b\u1ebfpinox304caoc\u1ea5p<\/a><\/p>\n","protected":false},"excerpt":{"rendered":"<p><strong>K\u1ec6 CH\u00c9N D\u0128A \u00c2M T\u1ee6 NIRAN INOX 304 NR0104<\/strong><br \/>\n<strong>Nh\u00e3n hi\u1ec7u:<\/strong> NIRAN &#8211; S\u1ea3n xu\u1ea5t t\u1ea1i Vi\u1ec7t Nam<br \/>\n<strong>M\u00e3 SP: NR0104<\/strong><br \/>\n<strong>Ch\u1ea5t li\u1ec7u:<\/strong> inox 304<\/p>\n<p>X\u01af\u1edeNG CHUY\u00caN S\u1ea2N XU\u1ea4T PH\u1ee4 KI\u1ec6N T\u1ee6 B\u1ebeP THEO S\u1ed0 \u0110O T\u1ee6 B\u1ebeP C\u1ee6A QU\u00dd KH\u00c1CH &#8211; 0933103313<\/p>\n<p>Mi\u1ec5n ph\u00ed t\u01b0 v\u1ea5n ,l\u1eafp \u0111\u1eb7t v\u00e0 b\u1ea3o h\u00e0nh s\u1ea3n ph\u1ea9m tr\u1ecdn \u0111\u1eddi<\/p>\n<p><span class=\"_5mfr _47e3\"><span class=\"_7oe\">\u00a0Mi\u1ec5n ph\u00ed giao h\u00e0ng n\u1ed9i th\u00e0nh TP. H\u1ed3 Ch\u00ed Minh v\u1edbi \u0111\u01a1n h\u00e0ng &gt;1.000.000\u0111 v\u00e0 free ship c\u00e1c t\u1ec9nh v\u1edbi \u0111\u01a1n h\u00e0ng &gt;10.000.0000\u0111<\/span><\/span><\/p>\n","protected":false},"featured_media":1124,"comment_status":"open","ping_status":"closed","template":"","meta":{"_exactmetrics_skip_tracking":false,"_exactmetrics_sitenote_active":false,"_exactmetrics_sitenote_note":"","_exactmetrics_sitenote_category":0},"yoast_head":"<!-- This site is optimized with the Yoast SEO plugin v24.5 - https:\/\/yoast.com\/wordpress\/plugins\/seo\/ -->\n<title>K\u1ec7 ch\u00e9n d\u0129a \u00e2m t\u1ee7 Niran inox 304 NR0104 - xuongphukientubep.com<\/title>\n<meta name=\"description\" content=\"X\u01af\u1edeNG CHUY\u00caN S\u1ea2N XU\u1ea4T PH\u1ee4 KI\u1ec6N T\u1ee6 B\u1ebeP INOX 304 THEO S\u1ed0 \u0110O T\u1ee6 B\u1ebeP KH\u00c1CH H\u00c0NG. N\u01a1i s\u1ea3n xu\u1ea5t K\u1ec7 ch\u00e9n d\u0129a \u00e2m t\u1ee7 Niran inox 304 NR0104 t\u1ea1i TP H\u1ed3 Ch\u00ed Minh\" \/>\n<meta name=\"robots\" content=\"index, follow, max-snippet:-1, max-image-preview:large, max-video-preview:-1\" \/>\n<link rel=\"canonical\" href=\"https:\/\/xuongphukientubep.com\/site\/product\/ke-chen-dia-am-tu-niran-inox-304-nr0104\/\" \/>\n<meta property=\"og:locale\" content=\"vi_VN\" \/>\n<meta property=\"og:type\" content=\"article\" \/>\n<meta property=\"og:title\" content=\"K\u1ec7 ch\u00e9n d\u0129a \u00e2m t\u1ee7 Niran inox 304 NR0104 - xuongphukientubep.com\" \/>\n<meta property=\"og:description\" content=\"X\u01af\u1edeNG CHUY\u00caN S\u1ea2N XU\u1ea4T PH\u1ee4 KI\u1ec6N T\u1ee6 B\u1ebeP INOX 304 THEO S\u1ed0 \u0110O T\u1ee6 B\u1ebeP KH\u00c1CH H\u00c0NG. N\u01a1i s\u1ea3n xu\u1ea5t K\u1ec7 ch\u00e9n d\u0129a \u00e2m t\u1ee7 Niran inox 304 NR0104 t\u1ea1i TP H\u1ed3 Ch\u00ed Minh\" \/>\n<meta property=\"og:url\" content=\"https:\/\/xuongphukientubep.com\/site\/product\/ke-chen-dia-am-tu-niran-inox-304-nr0104\/\" \/>\n<meta property=\"og:site_name\" content=\"Niran\" \/>\n<meta property=\"article:modified_time\" content=\"2022-06-15T08:20:29+00:00\" \/>\n<meta property=\"og:image\" content=\"https:\/\/xuongphukientubep.com\/site\/wp-content\/uploads\/2018\/10\/1-2.jpg\" \/>\n\t<meta property=\"og:image:width\" content=\"3024\" \/>\n\t<meta property=\"og:image:height\" content=\"3024\" \/>\n\t<meta property=\"og:image:type\" content=\"image\/jpeg\" \/>\n<meta name=\"twitter:card\" content=\"summary_large_image\" \/>\n<meta name=\"twitter:label1\" content=\"\u01af\u1edbc t\u00ednh th\u1eddi gian \u0111\u1ecdc\" \/>\n\t<meta name=\"twitter:data1\" content=\"3 ph\u00fat\" \/>\n<!-- \/ Yoast SEO plugin. -->","yoast_head_json":{"title":"K\u1ec7 ch\u00e9n d\u0129a \u00e2m t\u1ee7 Niran inox 304 NR0104 - xuongphukientubep.com","description":"X\u01af\u1edeNG CHUY\u00caN S\u1ea2N XU\u1ea4T PH\u1ee4 KI\u1ec6N T\u1ee6 B\u1ebeP INOX 304 THEO S\u1ed0 \u0110O T\u1ee6 B\u1ebeP KH\u00c1CH H\u00c0NG. N\u01a1i s\u1ea3n xu\u1ea5t K\u1ec7 ch\u00e9n d\u0129a \u00e2m t\u1ee7 Niran inox 304 NR0104 t\u1ea1i TP H\u1ed3 Ch\u00ed Minh","robots":{"index":"index","follow":"follow","max-snippet":"max-snippet:-1","max-image-preview":"max-image-preview:large","max-video-preview":"max-video-preview:-1"},"canonical":"https:\/\/xuongphukientubep.com\/site\/product\/ke-chen-dia-am-tu-niran-inox-304-nr0104\/","og_locale":"vi_VN","og_type":"article","og_title":"K\u1ec7 ch\u00e9n d\u0129a \u00e2m t\u1ee7 Niran inox 304 NR0104 - xuongphukientubep.com","og_description":"X\u01af\u1edeNG CHUY\u00caN S\u1ea2N XU\u1ea4T PH\u1ee4 KI\u1ec6N T\u1ee6 B\u1ebeP INOX 304 THEO S\u1ed0 \u0110O T\u1ee6 B\u1ebeP KH\u00c1CH H\u00c0NG. N\u01a1i s\u1ea3n xu\u1ea5t K\u1ec7 ch\u00e9n d\u0129a \u00e2m t\u1ee7 Niran inox 304 NR0104 t\u1ea1i TP H\u1ed3 Ch\u00ed Minh","og_url":"https:\/\/xuongphukientubep.com\/site\/product\/ke-chen-dia-am-tu-niran-inox-304-nr0104\/","og_site_name":"Niran","article_modified_time":"2022-06-15T08:20:29+00:00","og_image":[{"width":3024,"height":3024,"url":"https:\/\/xuongphukientubep.com\/site\/wp-content\/uploads\/2018\/10\/1-2.jpg","type":"image\/jpeg"}],"twitter_card":"summary_large_image","twitter_misc":{"\u01af\u1edbc t\u00ednh th\u1eddi gian \u0111\u1ecdc":"3 ph\u00fat"},"schema":{"@context":"https:\/\/schema.org","@graph":[{"@type":"WebPage","@id":"https:\/\/xuongphukientubep.com\/site\/product\/ke-chen-dia-am-tu-niran-inox-304-nr0104\/","url":"https:\/\/xuongphukientubep.com\/site\/product\/ke-chen-dia-am-tu-niran-inox-304-nr0104\/","name":"K\u1ec7 ch\u00e9n d\u0129a \u00e2m t\u1ee7 Niran inox 304 NR0104 - xuongphukientubep.com","isPartOf":{"@id":"https:\/\/xuongphukientubep.com\/site\/#website"},"primaryImageOfPage":{"@id":"https:\/\/xuongphukientubep.com\/site\/product\/ke-chen-dia-am-tu-niran-inox-304-nr0104\/#primaryimage"},"image":{"@id":"https:\/\/xuongphukientubep.com\/site\/product\/ke-chen-dia-am-tu-niran-inox-304-nr0104\/#primaryimage"},"thumbnailUrl":"https:\/\/xuongphukientubep.com\/site\/wp-content\/uploads\/2018\/10\/1-2.jpg","datePublished":"2018-08-11T10:38:38+00:00","dateModified":"2022-06-15T08:20:29+00:00","description":"X\u01af\u1edeNG CHUY\u00caN S\u1ea2N XU\u1ea4T PH\u1ee4 KI\u1ec6N T\u1ee6 B\u1ebeP INOX 304 THEO S\u1ed0 \u0110O T\u1ee6 B\u1ebeP KH\u00c1CH H\u00c0NG. N\u01a1i s\u1ea3n xu\u1ea5t K\u1ec7 ch\u00e9n d\u0129a \u00e2m t\u1ee7 Niran inox 304 NR0104 t\u1ea1i TP H\u1ed3 Ch\u00ed Minh","breadcrumb":{"@id":"https:\/\/xuongphukientubep.com\/site\/product\/ke-chen-dia-am-tu-niran-inox-304-nr0104\/#breadcrumb"},"inLanguage":"vi","potentialAction":[{"@type":"ReadAction","target":["https:\/\/xuongphukientubep.com\/site\/product\/ke-chen-dia-am-tu-niran-inox-304-nr0104\/"]}]},{"@type":"ImageObject","inLanguage":"vi","@id":"https:\/\/xuongphukientubep.com\/site\/product\/ke-chen-dia-am-tu-niran-inox-304-nr0104\/#primaryimage","url":"https:\/\/xuongphukientubep.com\/site\/wp-content\/uploads\/2018\/10\/1-2.jpg","contentUrl":"https:\/\/xuongphukientubep.com\/site\/wp-content\/uploads\/2018\/10\/1-2.jpg","width":3024,"height":3024,"caption":"X\u01af\u1edeNG CHUY\u00caN S\u1ea2N XU\u1ea4T PH\u1ee4 KI\u1ec6N T\u1ee6 B\u1ebeP INOX 304 THEO S\u1ed0 \u0110O T\u1ee6 B\u1ebeP KH\u00c1CH H\u00c0NG. N\u01a1i s\u1ea3n xu\u1ea5t K\u1ec7 ch\u00e9n d\u0129a \u00e2m t\u1ee7 2 t\u1ea7ng Niran inox 304 NR0104 t\u1ea1i Th\u00e0nh Ph\u1ed1 H\u1ed3 Ch\u00ed Minh"},{"@type":"BreadcrumbList","@id":"https:\/\/xuongphukientubep.com\/site\/product\/ke-chen-dia-am-tu-niran-inox-304-nr0104\/#breadcrumb","itemListElement":[{"@type":"ListItem","position":1,"name":"Trang ch\u1ee7","item":"https:\/\/xuongphukientubep.com\/site\/"},{"@type":"ListItem","position":2,"name":"C\u1eeda H\u00e0ng","item":"https:\/\/xuongphukientubep.com\/site\/shop\/"},{"@type":"ListItem","position":3,"name":"K\u1ec7 ch\u00e9n d\u0129a \u00e2m t\u1ee7 Niran inox 304 NR0104"}]},{"@type":"WebSite","@id":"https:\/\/xuongphukientubep.com\/site\/#website","url":"https:\/\/xuongphukientubep.com\/site\/","name":"Niran","description":"X\u01b0\u1edfng chuy\u00ean s\u1ea3n xu\u1ea5t ph\u1ee5 ki\u1ec7n t\u1ee7 b\u1ebfp inox 304 cao c\u1ea5p","publisher":{"@id":"https:\/\/xuongphukientubep.com\/site\/#organization"},"potentialAction":[{"@type":"SearchAction","target":{"@type":"EntryPoint","urlTemplate":"https:\/\/xuongphukientubep.com\/site\/?s={search_term_string}"},"query-input":{"@type":"PropertyValueSpecification","valueRequired":true,"valueName":"search_term_string"}}],"inLanguage":"vi"},{"@type":"Organization","@id":"https:\/\/xuongphukientubep.com\/site\/#organization","name":"Niran","url":"https:\/\/xuongphukientubep.com\/site\/","logo":{"@type":"ImageObject","inLanguage":"vi","@id":"https:\/\/xuongphukientubep.com\/site\/#\/schema\/logo\/image\/","url":"https:\/\/xuongphukientubep.com\/site\/wp-content\/uploads\/2018\/09\/cropped-215-2.png","contentUrl":"https:\/\/xuongphukientubep.com\/site\/wp-content\/uploads\/2018\/09\/cropped-215-2.png","width":197,"height":108,"caption":"Niran"},"image":{"@id":"https:\/\/xuongphukientubep.com\/site\/#\/schema\/logo\/image\/"}}]}},"amp_enabled":true,"_links":{"self":[{"href":"https:\/\/xuongphukientubep.com\/site\/wp-json\/wp\/v2\/product\/1123"}],"collection":[{"href":"https:\/\/xuongphukientubep.com\/site\/wp-json\/wp\/v2\/product"}],"about":[{"href":"https:\/\/xuongphukientubep.com\/site\/wp-json\/wp\/v2\/types\/product"}],"replies":[{"embeddable":true,"href":"https:\/\/xuongphukientubep.com\/site\/wp-json\/wp\/v2\/comments?post=1123"}],"wp:featuredmedia":[{"embeddable":true,"href":"https:\/\/xuongphukientubep.com\/site\/wp-json\/wp\/v2\/media\/1124"}],"wp:attachment":[{"href":"https:\/\/xuongphukientubep.com\/site\/wp-json\/wp\/v2\/media?parent=1123"}],"curies":[{"name":"wp","href":"https:\/\/api.w.org\/{rel}","templated":true}]}}