{"id":1284,"date":"2018-09-08T22:22:14","date_gmt":"2018-09-08T15:22:14","guid":{"rendered":"https:\/\/xuongphukientubep.com\/site\/?post_type=product&#038;p=1284"},"modified":"2021-04-23T22:36:43","modified_gmt":"2021-04-23T15:36:43","slug":"ke-dung-chai-ruou-inox-304-niran-nr0503","status":"publish","type":"product","link":"https:\/\/xuongphukientubep.com\/site\/product\/ke-dung-chai-ruou-inox-304-niran-nr0503\/","title":{"rendered":"K\u1ec7 \u0111\u1ef1ng chai r\u01b0\u1ee3u inox 304 Niran NR0503"},"content":{"rendered":"<p><span style=\"vertical-align: inherit;\"><em><strong>K\u1ec7 \u0111\u1ef1ng chai r\u01b0\u1ee3u inox 304 Niran NR0503<\/strong><\/em> \u0111\u01b0\u1ee3c l\u00e0m 100% ch\u1ea5t li\u1ec7u inox 304 cao c\u1ea5p d\u00e0y ch\u1eafc ch\u1eafn\u00a0b\u00f3ng kh\u00f4ng lo g\u1ec9 s\u00e9t,\u00a0bi\u1ebfn d\u1ea1ng trong m\u00f4i tr\u01b0\u1eddng kh\u1eafc nghi\u1ec7t c\u1ee7a nh\u00e0 b\u1ebfp. \u0110\u01b0\u1ee3c thi\u1ebft k\u1ebf \u0111a d\u1ea1ng v\u1ec1 k\u00edch th\u01b0\u1edbc v\u00e0 h\u00ecnh d\u1ea1ng gi\u00fap b\u1ea1n d\u1ec5 d\u00e0ng s\u1eafp x\u1ebfp c\u00e1c lo\u1ea1i chai r\u01b0\u1ee3u 1 c\u00e1ch g\u1ecdn g\u00e0ng v\u00e0 b\u1eaft m\u1eaft.<\/span><br \/>\nS\u1ea3n ph\u1ea9m <a href=\"https:\/\/xuongphukientubep.com\">ph\u1ee5 ki\u1ec7n t\u1ee7 b\u1ebfp Niran inox 304<\/a> b\u1ea3o h\u00e0nh tr\u1ecdn \u0111\u1eddi.<\/p>\n<p><img loading=\"lazy\" decoding=\"async\" class=\" lazy size-full wp-image-2633\" src=\"data:image\/svg+xml,%3Csvg%20xmlns='http:\/\/www.w3.org\/2000\/svg'%20viewBox='0%200%203024%203024'%3E%3C\/svg%3E\" data-src=\"https:\/\/xuongphukientubep.com\/site\/wp-content\/uploads\/2018\/09\/K\u1ec7-\u0111\u1ef1ng-chai-r\u01b0\u1ee3u-inox-304-Niran-NR0503.jpg\" alt=\"K\u1ec7 \u0111\u1ef1ng chai r\u01b0\u1ee3u inox 304 Niran NR0503\" width=\"3024\" height=\"3024\" data-srcset=\"https:\/\/xuongphukientubep.com\/site\/wp-content\/uploads\/2018\/09\/K\u1ec7-\u0111\u1ef1ng-chai-r\u01b0\u1ee3u-inox-304-Niran-NR0503.jpg 3024w, https:\/\/xuongphukientubep.com\/site\/wp-content\/uploads\/2018\/09\/K\u1ec7-\u0111\u1ef1ng-chai-r\u01b0\u1ee3u-inox-304-Niran-NR0503-150x150.jpg 150w, https:\/\/xuongphukientubep.com\/site\/wp-content\/uploads\/2018\/09\/K\u1ec7-\u0111\u1ef1ng-chai-r\u01b0\u1ee3u-inox-304-Niran-NR0503-300x300.jpg 300w, https:\/\/xuongphukientubep.com\/site\/wp-content\/uploads\/2018\/09\/K\u1ec7-\u0111\u1ef1ng-chai-r\u01b0\u1ee3u-inox-304-Niran-NR0503-768x768.jpg 768w, https:\/\/xuongphukientubep.com\/site\/wp-content\/uploads\/2018\/09\/K\u1ec7-\u0111\u1ef1ng-chai-r\u01b0\u1ee3u-inox-304-Niran-NR0503-1024x1024.jpg 1024w, https:\/\/xuongphukientubep.com\/site\/wp-content\/uploads\/2018\/09\/K\u1ec7-\u0111\u1ef1ng-chai-r\u01b0\u1ee3u-inox-304-Niran-NR0503-75x75.jpg 75w, https:\/\/xuongphukientubep.com\/site\/wp-content\/uploads\/2018\/09\/K\u1ec7-\u0111\u1ef1ng-chai-r\u01b0\u1ee3u-inox-304-Niran-NR0503-444x444.jpg 444w, https:\/\/xuongphukientubep.com\/site\/wp-content\/uploads\/2018\/09\/K\u1ec7-\u0111\u1ef1ng-chai-r\u01b0\u1ee3u-inox-304-Niran-NR0503-600x600.jpg 600w, https:\/\/xuongphukientubep.com\/site\/wp-content\/uploads\/2018\/09\/K\u1ec7-\u0111\u1ef1ng-chai-r\u01b0\u1ee3u-inox-304-Niran-NR0503-100x100.jpg 100w\" sizes=\"(max-width: 3024px) 100vw, 3024px\" \/><\/p>\n<figure id=\"attachment_2634\" aria-describedby=\"caption-attachment-2634\" style=\"width: 1331px\" class=\"wp-caption aligncenter\"><img loading=\"lazy\" decoding=\"async\" class=\" lazy size-full wp-image-2634\" src=\"data:image\/svg+xml,%3Csvg%20xmlns='http:\/\/www.w3.org\/2000\/svg'%20viewBox='0%200%201331%20280'%3E%3C\/svg%3E\" data-src=\"https:\/\/xuongphukientubep.com\/site\/wp-content\/uploads\/2018\/09\/B\u1ea3ng-gi\u00e1-K\u1ec7-\u0111\u1ef1ng-chai-r\u01b0\u1ee3u-inox-304-Niran-NR0503.jpg\" alt=\"B\u1ea3ng gi\u00e1 K\u1ec7 \u0111\u1ef1ng chai r\u01b0\u1ee3u inox 304 Niran NR0503\" width=\"1331\" height=\"280\" data-srcset=\"https:\/\/xuongphukientubep.com\/site\/wp-content\/uploads\/2018\/09\/B\u1ea3ng-gi\u00e1-K\u1ec7-\u0111\u1ef1ng-chai-r\u01b0\u1ee3u-inox-304-Niran-NR0503.jpg 1331w, https:\/\/xuongphukientubep.com\/site\/wp-content\/uploads\/2018\/09\/B\u1ea3ng-gi\u00e1-K\u1ec7-\u0111\u1ef1ng-chai-r\u01b0\u1ee3u-inox-304-Niran-NR0503-300x63.jpg 300w, https:\/\/xuongphukientubep.com\/site\/wp-content\/uploads\/2018\/09\/B\u1ea3ng-gi\u00e1-K\u1ec7-\u0111\u1ef1ng-chai-r\u01b0\u1ee3u-inox-304-Niran-NR0503-768x162.jpg 768w, https:\/\/xuongphukientubep.com\/site\/wp-content\/uploads\/2018\/09\/B\u1ea3ng-gi\u00e1-K\u1ec7-\u0111\u1ef1ng-chai-r\u01b0\u1ee3u-inox-304-Niran-NR0503-1024x215.jpg 1024w, https:\/\/xuongphukientubep.com\/site\/wp-content\/uploads\/2018\/09\/B\u1ea3ng-gi\u00e1-K\u1ec7-\u0111\u1ef1ng-chai-r\u01b0\u1ee3u-inox-304-Niran-NR0503-600x126.jpg 600w\" sizes=\"(max-width: 1331px) 100vw, 1331px\" \/><figcaption id=\"caption-attachment-2634\" class=\"wp-caption-text\">B\u1ea3ng gi\u00e1 K\u1ec7 \u0111\u1ef1ng chai r\u01b0\u1ee3u inox 304 Niran NR0503.<\/figcaption><\/figure>\n<h3>T\u01b0 v\u1ea5n &#8211; Thi\u1ebft k\u1ebf &#8211; L\u1eafp \u0111\u1eb7t K\u1ec7 \u0111\u1ec3 chai r\u01b0\u1ee3u inox 304 Niran NR0503. theo k\u00edch th\u01b0\u1edbc kh\u00e1ch h\u00e0ng<\/h3>\n<p>Xem th\u00eam b\u00e1o gi\u00e1 c\u00e1c s\u1ea3n ph\u1ea9m kh\u00e1c t\u1ea1i \u0111\u00e2y : <a href=\"https:\/\/xuongphukientubep.com\">B\u1ea3ng gi\u00e1 s\u1ea3n ph\u1ea9m ph\u1ee5 ki\u1ec7n t\u1ee7 b\u1ebfp Niran<\/a><\/p>\n<h4><span style=\"vertical-align: inherit;\">N\u01a1i s\u1ea3n xu\u1ea5t K\u1ec7 \u0111\u1ef1ng chai r\u01b0\u1ee3u inox 304 Niran NR0503 uy t\u00edn t\u1ea1i Th\u00e0nh ph\u1ed1 H\u1ed3 Ch\u00ed Minh.<\/span><\/h4>\n<p><span style=\"vertical-align: inherit;\">B\u1ea1n \u0111\u00e3 s\u1edf h\u1eefu hay \u0111ang l\u00ean \u00fd t\u01b0\u1edfng ho\u00e0n thi\u1ec7n cho t\u1ee7 b\u1ebfp c\u1ee7a b\u1ea1n?<\/span><br \/>\n<span style=\"vertical-align: inherit;\">B\u1ea1n \u0111ang b\u0103n kho\u0103n v\u1ec1 vi\u1ec7c mua ph\u1ee5 ki\u1ec7n t\u1ee7 b\u1ebfp tr\u01b0\u1edbc hay sau khi ho\u00e0n thi\u1ec7n t\u1ee7 b\u1ebfp?<\/span><br \/>\n<span style=\"vertical-align: inherit;\">S\u1ee3 r\u1eb1ng mua ph\u1ee5 ki\u1ec7n tr\u01b0\u1edbc th\u00ec ph\u1ea3i theo k\u00edch th\u01b0\u1edbc c\u00f3 s\u1eb5n kh\u00f4ng h\u1ee3p v\u1edbi thi\u1ebft k\u1ebf v\u1edbi nhu c\u1ea7u ,c\u00f2n mua sau th\u00ec s\u1ee3 l\u1eafp kh\u00f4ng v\u1eeba.<\/span><br \/>\n<span style=\"vertical-align: inherit;\">C\u00f3 <\/span><a href=\"https:\/\/xuongphukientubep.com\/site\/product-category\/phu-kien-tu-bep-niran\/\"><span style=\"vertical-align: inherit;\">X\u01af\u1edeNG PH\u1ee4 KI\u1ec6N T\u1ee6 B\u1ebeP<\/span><\/a><span style=\"vertical-align: inherit;\"> \u0111\u00e2y r\u1ed3i , kh\u00f4ng c\u1ea7n lo n\u1eefa nh\u00e9 , c\u1ee9 tho\u1ea3i m\u00e1i x\u00e2y d\u1ef1ng t\u1ee7 b\u1ebfp theo \u00fd th\u00edch c\u1ee7a gia \u0111\u00ecnh b\u1ea1n.C\u00f2n vi\u1ec7c g\u1eafn ph\u1ee5 ki\u1ec7n t\u1ee7 b\u1ebfp X\u01af\u1edeNG em s\u1ebd lo t\u1ea5t \u1ea1.<\/span><\/p>\n<p>\u2705K\u00edch th\u01b0\u1edbc ph\u1ee5 ki\u1ec7n s\u1ebd \u0111\u01b0\u1ee3c thi\u1ebft k\u1ebf, \u0111o \u0111\u1ea1c theo t\u1eebng milimet t\u1ee7 b\u1ebfp c\u1ee7a kh\u00e1ch h\u00e0ng.<br \/>\n\u2705\u0110\u1eb7c bi\u1ec7t x\u01b0\u1edfng s\u1ebd thi\u1ebft k\u1ebf theo nhu c\u1ea7u ri\u00eang c\u1ee7a m\u1ed7i kh\u00e1ch h\u00e0ng.<br \/>\n\u2705M\u1eabu m\u00e3 th\u1ea9m m\u1ef9 t\u01b0\u01a1ng th\u00edch v\u1edbi t\u1ee7 b\u1ebfp c\u00f3 s\u1eb5n, k\u00edch th\u01b0\u1edbc th\u00ec v\u1eeba kh\u00edt.<br \/>\n\u2705X\u01b0\u1edfng ch\u1ec9 s\u1eed d\u1ee5ng duy nh\u1ea5t ch\u1ea5t li\u1ec7u inox 304 \u0111\u1ec3 l\u00e0m n\u00ean s\u1ea3n ph\u1ea9m c\u00f3 \u0111\u1ed9 b\u1ec1n cao nh\u1ea5t.<br \/>\n\u2705Lu\u00f4n c\u1eadp nh\u1eadt m\u1eabu m\u00e3 m\u1edbi \u0111\u1ebfn v\u1edbi kh\u00e1ch h\u00e0ng<br \/>\n\u2705S\u1ea3n ph\u1ea9m b\u1ea3o h\u00e0nh tr\u1ecdn \u0111\u1eddi<br \/>\nLi\u00ean h\u1ec7 t\u01b0 v\u1ea5n mi\u1ec5n ph\u00ed \u0110T\/Zalo : 0933103313<br \/>\nShowroom: 4\/40 L\u01b0u Ch\u00ed Hi\u1ebfu, Ph\u01b0\u1eddng T\u00e2y Th\u1ea1nh, Qu\u1eadn T\u00e2n Ph\u00fa, TP.HCM<\/p>\n<p>X\u01b0\u1edbng SX: 61\/2 Qu\u1ed1c L\u1ed9 1A, Ti\u1ec1n L\u00e2n 15, B\u00e0 \u0110i\u1ec3m, Hooc M\u00f4n,TP.HCM<\/p>\n<p><span style=\"vertical-align: inherit;\">T\u00ecm hi\u1ec3u th\u00eam h\u00ecnh \u1ea3nh thi c\u00f4ng th\u1ef1c t\u1ebf <a href=\"https:\/\/xuongphukientubep.com\/site\/product-category\/phu-kien-tu-bep-niran\/\">ph\u1ee5 ki\u1ec7n t\u1ee7 b\u1ebfp<\/a> c\u1ee7a x\u01b0\u1edfng t\u1ea1i : <\/span><a href=\"https:\/\/www.facebook.com\/xuongphukientubep\/\"><span style=\"vertical-align: inherit;\">https:\/\/www.facebook.com\/xuongphukientubep\/<\/span><\/a><\/p>\n","protected":false},"excerpt":{"rendered":"<p><strong><span style=\"vertical-align: inherit;\">Nh\u00e3n hi\u1ec7u<\/span><\/strong><span style=\"vertical-align: inherit;\"> : <strong><span style=\"color: #0000ff;\">NIRAN<\/span> &#8211; S\u1ea3n xu\u1ea5t t\u1ea1i Vi\u1ec7t Nam<\/strong><\/span><br \/>\n<strong><span style=\"vertical-align: inherit;\">M\u00e3 SP<\/span><\/strong><span style=\"vertical-align: inherit;\">: <\/span><strong><span style=\"vertical-align: inherit;\">NR0503<\/span><\/strong><br \/>\n<strong><span style=\"vertical-align: inherit;\">Ch\u1ea5t li\u1ec7u<\/span><\/strong><span style=\"vertical-align: inherit;\">: inox 304 b\u00f3ng kh\u00f4ng g\u1ec9 s\u00e9t<\/span><br \/>\n<strong><span style=\"vertical-align: inherit;\">K\u00edch th\u01b0\u1edbc<\/span><\/strong><span style=\"vertical-align: inherit;\">: N500x S300 mm (K\u00edch th\u01b0\u1edbc c\u00f3 th\u1ec3 thay \u0111\u1ed5i theo s\u1ed1 \u0111o t\u1ee7 b\u1ebfp c\u1ee7a kh\u00e1ch )<\/span><br \/>\n<strong><span style=\"vertical-align: inherit;\">Gi\u00e1<\/span><\/strong><span style=\"vertical-align: inherit;\">: <\/span><strong><span style=\"vertical-align: inherit;\">2.750.000 \u0111<\/span><\/strong><\/p>\n<p>X\u01af\u1edeNG CHUY\u00caN S\u1ea2N XU\u1ea4T PH\u1ee4 KI\u1ec6N T\u1ee6 B\u1ebeP THEO S\u1ed0 \u0110O T\u1ee6 B\u1ebeP C\u1ee6A QU\u00dd KH\u00c1CH &#8211; 0933103313<\/p>\n<p>Mi\u1ec5n ph\u00ed t\u01b0 v\u1ea5n ,l\u1eafp \u0111\u1eb7t v\u00e0 b\u1ea3o h\u00e0nh s\u1ea3n ph\u1ea9m tr\u1ecdn \u0111\u1eddi<\/p>\n<p><span class=\"_5mfr _47e3\"><span class=\"_7oe\">\u00a0Mi\u1ec5n ph\u00ed giao h\u00e0ng n\u1ed9i th\u00e0nh TP. H\u1ed3 Ch\u00ed Minh v\u1edbi \u0111\u01a1n h\u00e0ng &gt;1.000.000\u0111 v\u00e0 free ship c\u00e1c t\u1ec9nh v\u1edbi \u0111\u01a1n h\u00e0ng &gt;5.000.0000\u0111<\/span><\/span><\/p>\n","protected":false},"featured_media":1285,"comment_status":"open","ping_status":"closed","template":"","meta":{"_exactmetrics_skip_tracking":false,"_exactmetrics_sitenote_active":false,"_exactmetrics_sitenote_note":"","_exactmetrics_sitenote_category":0},"yoast_head":"<!-- This site is optimized with the Yoast SEO plugin v24.5 - https:\/\/yoast.com\/wordpress\/plugins\/seo\/ -->\n<title>K\u1ec7 \u0111\u1ef1ng chai r\u01b0\u1ee3u inox 304 Niran NR0503 - \u0110T\/Zalo: 0933103313<\/title>\n<meta name=\"description\" content=\"X\u01af\u1edeNG CHUY\u00caN S\u1ea2N XU\u1ea4T PH\u1ee4 KI\u1ec6N T\u1ee6 B\u1ebeP INOX 304 THEO S\u1ed0 \u0110O T\u1ee6 B\u1ebeP KH\u00c1CH H\u00c0NG. N\u01a1i s\u1ea3n xu\u1ea5t K\u1ec7 \u0111\u1ef1ng chai r\u01b0\u1ee3u inox 304 Niran uy t\u00edn t\u1ea1i TP HCM. LH: 0933103313\" \/>\n<meta name=\"robots\" content=\"index, follow, max-snippet:-1, max-image-preview:large, max-video-preview:-1\" \/>\n<link rel=\"canonical\" href=\"https:\/\/xuongphukientubep.com\/site\/product\/ke-dung-chai-ruou-inox-304-niran-nr0503\/\" \/>\n<meta property=\"og:locale\" content=\"vi_VN\" \/>\n<meta property=\"og:type\" content=\"article\" \/>\n<meta property=\"og:title\" content=\"K\u1ec7 \u0111\u1ef1ng chai r\u01b0\u1ee3u inox 304 Niran NR0503 - \u0110T\/Zalo: 0933103313\" \/>\n<meta property=\"og:description\" content=\"X\u01af\u1edeNG CHUY\u00caN S\u1ea2N XU\u1ea4T PH\u1ee4 KI\u1ec6N T\u1ee6 B\u1ebeP INOX 304 THEO S\u1ed0 \u0110O T\u1ee6 B\u1ebeP KH\u00c1CH H\u00c0NG. N\u01a1i s\u1ea3n xu\u1ea5t K\u1ec7 \u0111\u1ef1ng chai r\u01b0\u1ee3u inox 304 Niran uy t\u00edn t\u1ea1i TP HCM. LH: 0933103313\" \/>\n<meta property=\"og:url\" content=\"https:\/\/xuongphukientubep.com\/site\/product\/ke-dung-chai-ruou-inox-304-niran-nr0503\/\" \/>\n<meta property=\"og:site_name\" content=\"Niran\" \/>\n<meta property=\"article:modified_time\" content=\"2021-04-23T15:36:43+00:00\" \/>\n<meta property=\"og:image\" content=\"https:\/\/xuongphukientubep.com\/site\/wp-content\/uploads\/2018\/12\/5.jpg\" \/>\n\t<meta property=\"og:image:width\" content=\"3024\" \/>\n\t<meta property=\"og:image:height\" content=\"3024\" \/>\n\t<meta property=\"og:image:type\" content=\"image\/jpeg\" \/>\n<meta name=\"twitter:card\" content=\"summary_large_image\" \/>\n<meta name=\"twitter:label1\" content=\"\u01af\u1edbc t\u00ednh th\u1eddi gian \u0111\u1ecdc\" \/>\n\t<meta name=\"twitter:data1\" content=\"3 ph\u00fat\" \/>\n<!-- \/ Yoast SEO plugin. -->","yoast_head_json":{"title":"K\u1ec7 \u0111\u1ef1ng chai r\u01b0\u1ee3u inox 304 Niran NR0503 - \u0110T\/Zalo: 0933103313","description":"X\u01af\u1edeNG CHUY\u00caN S\u1ea2N XU\u1ea4T PH\u1ee4 KI\u1ec6N T\u1ee6 B\u1ebeP INOX 304 THEO S\u1ed0 \u0110O T\u1ee6 B\u1ebeP KH\u00c1CH H\u00c0NG. N\u01a1i s\u1ea3n xu\u1ea5t K\u1ec7 \u0111\u1ef1ng chai r\u01b0\u1ee3u inox 304 Niran uy t\u00edn t\u1ea1i TP HCM. LH: 0933103313","robots":{"index":"index","follow":"follow","max-snippet":"max-snippet:-1","max-image-preview":"max-image-preview:large","max-video-preview":"max-video-preview:-1"},"canonical":"https:\/\/xuongphukientubep.com\/site\/product\/ke-dung-chai-ruou-inox-304-niran-nr0503\/","og_locale":"vi_VN","og_type":"article","og_title":"K\u1ec7 \u0111\u1ef1ng chai r\u01b0\u1ee3u inox 304 Niran NR0503 - \u0110T\/Zalo: 0933103313","og_description":"X\u01af\u1edeNG CHUY\u00caN S\u1ea2N XU\u1ea4T PH\u1ee4 KI\u1ec6N T\u1ee6 B\u1ebeP INOX 304 THEO S\u1ed0 \u0110O T\u1ee6 B\u1ebeP KH\u00c1CH H\u00c0NG. N\u01a1i s\u1ea3n xu\u1ea5t K\u1ec7 \u0111\u1ef1ng chai r\u01b0\u1ee3u inox 304 Niran uy t\u00edn t\u1ea1i TP HCM. LH: 0933103313","og_url":"https:\/\/xuongphukientubep.com\/site\/product\/ke-dung-chai-ruou-inox-304-niran-nr0503\/","og_site_name":"Niran","article_modified_time":"2021-04-23T15:36:43+00:00","og_image":[{"width":3024,"height":3024,"url":"https:\/\/xuongphukientubep.com\/site\/wp-content\/uploads\/2018\/12\/5.jpg","type":"image\/jpeg"}],"twitter_card":"summary_large_image","twitter_misc":{"\u01af\u1edbc t\u00ednh th\u1eddi gian \u0111\u1ecdc":"3 ph\u00fat"},"schema":{"@context":"https:\/\/schema.org","@graph":[{"@type":"WebPage","@id":"https:\/\/xuongphukientubep.com\/site\/product\/ke-dung-chai-ruou-inox-304-niran-nr0503\/","url":"https:\/\/xuongphukientubep.com\/site\/product\/ke-dung-chai-ruou-inox-304-niran-nr0503\/","name":"K\u1ec7 \u0111\u1ef1ng chai r\u01b0\u1ee3u inox 304 Niran NR0503 - \u0110T\/Zalo: 0933103313","isPartOf":{"@id":"https:\/\/xuongphukientubep.com\/site\/#website"},"primaryImageOfPage":{"@id":"https:\/\/xuongphukientubep.com\/site\/product\/ke-dung-chai-ruou-inox-304-niran-nr0503\/#primaryimage"},"image":{"@id":"https:\/\/xuongphukientubep.com\/site\/product\/ke-dung-chai-ruou-inox-304-niran-nr0503\/#primaryimage"},"thumbnailUrl":"https:\/\/xuongphukientubep.com\/site\/wp-content\/uploads\/2018\/12\/5.jpg","datePublished":"2018-09-08T15:22:14+00:00","dateModified":"2021-04-23T15:36:43+00:00","description":"X\u01af\u1edeNG CHUY\u00caN S\u1ea2N XU\u1ea4T PH\u1ee4 KI\u1ec6N T\u1ee6 B\u1ebeP INOX 304 THEO S\u1ed0 \u0110O T\u1ee6 B\u1ebeP KH\u00c1CH H\u00c0NG. N\u01a1i s\u1ea3n xu\u1ea5t K\u1ec7 \u0111\u1ef1ng chai r\u01b0\u1ee3u inox 304 Niran uy t\u00edn t\u1ea1i TP HCM. LH: 0933103313","breadcrumb":{"@id":"https:\/\/xuongphukientubep.com\/site\/product\/ke-dung-chai-ruou-inox-304-niran-nr0503\/#breadcrumb"},"inLanguage":"vi","potentialAction":[{"@type":"ReadAction","target":["https:\/\/xuongphukientubep.com\/site\/product\/ke-dung-chai-ruou-inox-304-niran-nr0503\/"]}]},{"@type":"ImageObject","inLanguage":"vi","@id":"https:\/\/xuongphukientubep.com\/site\/product\/ke-dung-chai-ruou-inox-304-niran-nr0503\/#primaryimage","url":"https:\/\/xuongphukientubep.com\/site\/wp-content\/uploads\/2018\/12\/5.jpg","contentUrl":"https:\/\/xuongphukientubep.com\/site\/wp-content\/uploads\/2018\/12\/5.jpg","width":3024,"height":3024,"caption":"X\u01af\u1edeNG CHUY\u00caN S\u1ea2N XU\u1ea4T PH\u1ee4 KI\u1ec6N T\u1ee6 B\u1ebeP INOX 304 THEO S\u1ed0 \u0110O T\u1ee6 B\u1ebeP KH\u00c1CH H\u00c0NG. N\u01a1i s\u1ea3n xu\u1ea5t K\u1ec7 \u0111\u1ef1ng chai r\u01b0\u1ee3u inox 304 Niran NR0503 t\u1ea1i TPHCM. \u0110T: 0933103313"},{"@type":"BreadcrumbList","@id":"https:\/\/xuongphukientubep.com\/site\/product\/ke-dung-chai-ruou-inox-304-niran-nr0503\/#breadcrumb","itemListElement":[{"@type":"ListItem","position":1,"name":"Trang ch\u1ee7","item":"https:\/\/xuongphukientubep.com\/site\/"},{"@type":"ListItem","position":2,"name":"C\u1eeda H\u00e0ng","item":"https:\/\/xuongphukientubep.com\/site\/shop\/"},{"@type":"ListItem","position":3,"name":"K\u1ec7 \u0111\u1ef1ng chai r\u01b0\u1ee3u inox 304 Niran NR0503"}]},{"@type":"WebSite","@id":"https:\/\/xuongphukientubep.com\/site\/#website","url":"https:\/\/xuongphukientubep.com\/site\/","name":"Niran","description":"X\u01b0\u1edfng chuy\u00ean s\u1ea3n xu\u1ea5t ph\u1ee5 ki\u1ec7n t\u1ee7 b\u1ebfp inox 304 cao c\u1ea5p","publisher":{"@id":"https:\/\/xuongphukientubep.com\/site\/#organization"},"potentialAction":[{"@type":"SearchAction","target":{"@type":"EntryPoint","urlTemplate":"https:\/\/xuongphukientubep.com\/site\/?s={search_term_string}"},"query-input":{"@type":"PropertyValueSpecification","valueRequired":true,"valueName":"search_term_string"}}],"inLanguage":"vi"},{"@type":"Organization","@id":"https:\/\/xuongphukientubep.com\/site\/#organization","name":"Niran","url":"https:\/\/xuongphukientubep.com\/site\/","logo":{"@type":"ImageObject","inLanguage":"vi","@id":"https:\/\/xuongphukientubep.com\/site\/#\/schema\/logo\/image\/","url":"https:\/\/xuongphukientubep.com\/site\/wp-content\/uploads\/2018\/09\/cropped-215-2.png","contentUrl":"https:\/\/xuongphukientubep.com\/site\/wp-content\/uploads\/2018\/09\/cropped-215-2.png","width":197,"height":108,"caption":"Niran"},"image":{"@id":"https:\/\/xuongphukientubep.com\/site\/#\/schema\/logo\/image\/"}}]}},"amp_enabled":true,"_links":{"self":[{"href":"https:\/\/xuongphukientubep.com\/site\/wp-json\/wp\/v2\/product\/1284"}],"collection":[{"href":"https:\/\/xuongphukientubep.com\/site\/wp-json\/wp\/v2\/product"}],"about":[{"href":"https:\/\/xuongphukientubep.com\/site\/wp-json\/wp\/v2\/types\/product"}],"replies":[{"embeddable":true,"href":"https:\/\/xuongphukientubep.com\/site\/wp-json\/wp\/v2\/comments?post=1284"}],"wp:featuredmedia":[{"embeddable":true,"href":"https:\/\/xuongphukientubep.com\/site\/wp-json\/wp\/v2\/media\/1285"}],"wp:attachment":[{"href":"https:\/\/xuongphukientubep.com\/site\/wp-json\/wp\/v2\/media?parent=1284"}],"curies":[{"name":"wp","href":"https:\/\/api.w.org\/{rel}","templated":true}]}}