{"id":1373,"date":"2018-09-03T12:16:54","date_gmt":"2018-09-03T05:16:54","guid":{"rendered":"https:\/\/xuongphukientubep.com\/site\/?post_type=product&#038;p=1373"},"modified":"2022-06-15T21:57:56","modified_gmt":"2022-06-15T14:57:56","slug":"ke-chen-dia-treo-da-nang-inox-304-nr0607","status":"publish","type":"product","link":"https:\/\/xuongphukientubep.com\/site\/product\/ke-chen-dia-treo-da-nang-inox-304-nr0607\/","title":{"rendered":"K\u1ec7 ch\u00e9n d\u0129a treo \u0111a n\u0103ng inox 304 NR0607"},"content":{"rendered":"<p><em><strong>K\u1ec7 ch\u00e9n d\u0129a treo \u0111a n\u0103ng inox 304 NR0607<\/strong><\/em> c\u00f3 k\u00e8m ng\u0103n \u0111\u1ef1ng \u1ed1ng \u0111\u0169a v\u00e0 dao th\u1edbt \u0111\u01b0\u1ee3c x\u01b0\u1edfng thi\u1ebft k\u1ebf treo d\u01b0\u1edbi \u0111\u00e1y t\u1ee7 b\u1ebfp tr\u00ean v\u1eeba ti\u1ec7n l\u1ee3i v\u1eeba \u0111\u1eb9p m\u1eaft m\u00e0 kh\u00f4ng c\u1ea7n ph\u1ea3i khoan t\u01b0\u1eddng hay k\u00ednh.\u00a0 S\u1ea3n ph\u1ea9m \u0111\u01b0\u1ee3c l\u00e0m 100% ch\u1ea5t li\u1ec7u inox 304 cao c\u1ea5p d\u00e0y ch\u1eafc ch\u1eafn, d\u1ec5 d\u00e0ng s\u1eafp x\u1ebfp ch\u00e9n d\u0129a sau khi r\u1eeda 1 c\u00e1ch g\u1ecdn g\u00e0ng ng\u0103n n\u1eafp. L\u1eafp \u0111\u1eb7t ch\u1eafc ch\u1eafn ch\u1ecbu \u0111\u01b0\u1ee3c l\u1ef1c c\u1ef1c t\u1ed1t.<br \/>\nS\u1ea3n ph\u1ea9m K\u1ec7 ch\u00e9n d\u0129a treo \u0111a n\u0103ng NR0607 b\u1ea3o h\u00e0nh tr\u1ecdn \u0111\u1eddi.<\/p>\n<p><img loading=\"lazy\" decoding=\"async\" class=\" lazy size-full wp-image-2005\" src=\"data:image\/svg+xml,%3Csvg%20xmlns='http:\/\/www.w3.org\/2000\/svg'%20viewBox='0%200%203024%203024'%3E%3C\/svg%3E\" data-src=\"https:\/\/xuongphukientubep.com\/site\/wp-content\/uploads\/2018\/09\/Ke-chen-dia-treo-da-nang-inox-304-NR0607.jpg\" alt=\"Ke chen dia treo da nang inox 304 NR0607\" width=\"3024\" height=\"3024\" data-srcset=\"https:\/\/xuongphukientubep.com\/site\/wp-content\/uploads\/2018\/09\/Ke-chen-dia-treo-da-nang-inox-304-NR0607.jpg 3024w, https:\/\/xuongphukientubep.com\/site\/wp-content\/uploads\/2018\/09\/Ke-chen-dia-treo-da-nang-inox-304-NR0607-150x150.jpg 150w, https:\/\/xuongphukientubep.com\/site\/wp-content\/uploads\/2018\/09\/Ke-chen-dia-treo-da-nang-inox-304-NR0607-300x300.jpg 300w, https:\/\/xuongphukientubep.com\/site\/wp-content\/uploads\/2018\/09\/Ke-chen-dia-treo-da-nang-inox-304-NR0607-768x768.jpg 768w, https:\/\/xuongphukientubep.com\/site\/wp-content\/uploads\/2018\/09\/Ke-chen-dia-treo-da-nang-inox-304-NR0607-1024x1024.jpg 1024w, https:\/\/xuongphukientubep.com\/site\/wp-content\/uploads\/2018\/09\/Ke-chen-dia-treo-da-nang-inox-304-NR0607-75x75.jpg 75w, https:\/\/xuongphukientubep.com\/site\/wp-content\/uploads\/2018\/09\/Ke-chen-dia-treo-da-nang-inox-304-NR0607-444x444.jpg 444w, https:\/\/xuongphukientubep.com\/site\/wp-content\/uploads\/2018\/09\/Ke-chen-dia-treo-da-nang-inox-304-NR0607-600x600.jpg 600w, https:\/\/xuongphukientubep.com\/site\/wp-content\/uploads\/2018\/09\/Ke-chen-dia-treo-da-nang-inox-304-NR0607-100x100.jpg 100w\" sizes=\"(max-width: 3024px) 100vw, 3024px\" \/><\/p>\n<figure id=\"attachment_4233\" aria-describedby=\"caption-attachment-4233\" style=\"width: 1331px\" class=\"wp-caption alignnone\"><img loading=\"lazy\" decoding=\"async\" class=\" lazy wp-image-4233 size-full\" src=\"data:image\/svg+xml,%3Csvg%20xmlns='http:\/\/www.w3.org\/2000\/svg'%20viewBox='0%200%201331%20371'%3E%3C\/svg%3E\" data-src=\"http:\/\/xuongphukientubep.com\/site\/wp-content\/uploads\/2018\/09\/Bang-gia-thong-so-ky-thuat-ke-chen-treo-day-tu-1-tang-inox-304-niran-nr0607.png\" alt=\"B\u1ea3ng gi\u00e1 K\u1ec7 ch\u00e9n d\u0129a treo \u0111a n\u0103ng inox 304 NR0607\" width=\"1331\" height=\"371\" data-srcset=\"https:\/\/xuongphukientubep.com\/site\/wp-content\/uploads\/2018\/09\/Bang-gia-thong-so-ky-thuat-ke-chen-treo-day-tu-1-tang-inox-304-niran-nr0607.png 1331w, https:\/\/xuongphukientubep.com\/site\/wp-content\/uploads\/2018\/09\/Bang-gia-thong-so-ky-thuat-ke-chen-treo-day-tu-1-tang-inox-304-niran-nr0607-300x84.png 300w, https:\/\/xuongphukientubep.com\/site\/wp-content\/uploads\/2018\/09\/Bang-gia-thong-so-ky-thuat-ke-chen-treo-day-tu-1-tang-inox-304-niran-nr0607-768x214.png 768w, https:\/\/xuongphukientubep.com\/site\/wp-content\/uploads\/2018\/09\/Bang-gia-thong-so-ky-thuat-ke-chen-treo-day-tu-1-tang-inox-304-niran-nr0607-1024x285.png 1024w, https:\/\/xuongphukientubep.com\/site\/wp-content\/uploads\/2018\/09\/Bang-gia-thong-so-ky-thuat-ke-chen-treo-day-tu-1-tang-inox-304-niran-nr0607-600x167.png 600w\" sizes=\"(max-width: 1331px) 100vw, 1331px\" \/><figcaption id=\"caption-attachment-4233\" class=\"wp-caption-text\">B\u1ea3ng gi\u00e1 K\u1ec7 ch\u00e9n d\u0129a treo \u0111a n\u0103ng inox 304 NR0607<\/figcaption><\/figure>\n<h3>T\u01b0 v\u1ea5n \u2013 Thi\u1ebft k\u1ebf \u2013 L\u1eafp \u0111\u1eb7t K\u1ec7 ch\u00e9n d\u0129a treo \u0111a n\u0103ng inox 304 NR0607 theo k\u00edch th\u01b0\u1edbc t\u1ee7 b\u1ebfp kh\u00e1ch h\u00e0ng.<\/h3>\n<p><span style=\"vertical-align: inherit;\">B\u1ea1n \u0111\u00e3 s\u1edf h\u1eefu hay \u0111ang l\u00ean \u00fd t\u01b0\u1edfng ho\u00e0n thi\u1ec7n cho t\u1ee7 b\u1ebfp c\u1ee7a b\u1ea1n?<\/span><br \/>\n<span style=\"vertical-align: inherit;\">B\u1ea1n \u0111ang b\u0103n kho\u0103n v\u1ec1 vi\u1ec7c mua ph\u1ee5 ki\u1ec7n t\u1ee7 b\u1ebfp tr\u01b0\u1edbc hay sau khi ho\u00e0n thi\u1ec7n t\u1ee7 b\u1ebfp?<\/span><br \/>\n<span style=\"vertical-align: inherit;\">S\u1ee3 r\u1eb1ng mua ph\u1ee5 ki\u1ec7n tr\u01b0\u1edbc th\u00ec ph\u1ea3i theo k\u00edch th\u01b0\u1edbc c\u00f3 s\u1eb5n kh\u00f4ng h\u1ee3p v\u1edbi thi\u1ebft k\u1ebf v\u1edbi nhu c\u1ea7u ,c\u00f2n mua sau th\u00ec s\u1ee3 l\u1eafp kh\u00f4ng v\u1eeba.<\/span><br \/>\n<span style=\"vertical-align: inherit;\">C\u00f3 <\/span><a href=\"https:\/\/xuongphukientubep.com\/site\/product-category\/phu-kien-tu-bep-niran\/\"><span style=\"vertical-align: inherit;\">X\u01af\u1edeNG PH\u1ee4 KI\u1ec6N T\u1ee6 B\u1ebeP<\/span><\/a><span style=\"vertical-align: inherit;\"> \u0111\u00e2y r\u1ed3i , kh\u00f4ng c\u1ea7n lo n\u1eefa nh\u00e9 , c\u1ee9 tho\u1ea3i m\u00e1i x\u00e2y d\u1ef1ng t\u1ee7 b\u1ebfp theo \u00fd th\u00edch c\u1ee7a gia \u0111\u00ecnh b\u1ea1n.C\u00f2n vi\u1ec7c g\u1eafn ph\u1ee5 ki\u1ec7n t\u1ee7 b\u1ebfp X\u01af\u1edeNG em s\u1ebd lo t\u1ea5t \u1ea1.<\/span><\/p>\n<p>\u2705K\u00edch th\u01b0\u1edbc ph\u1ee5 ki\u1ec7n s\u1ebd \u0111\u01b0\u1ee3c thi\u1ebft k\u1ebf, \u0111o \u0111\u1ea1c theo t\u1eebng milimet t\u1ee7 b\u1ebfp c\u1ee7a kh\u00e1ch h\u00e0ng.<br \/>\n\u2705\u0110\u1eb7c bi\u1ec7t x\u01b0\u1edfng s\u1ebd thi\u1ebft k\u1ebf theo nhu c\u1ea7u ri\u00eang c\u1ee7a m\u1ed7i kh\u00e1ch h\u00e0ng.<br \/>\n\u2705M\u1eabu m\u00e3 th\u1ea9m m\u1ef9 t\u01b0\u01a1ng th\u00edch v\u1edbi t\u1ee7 b\u1ebfp c\u00f3 s\u1eb5n, k\u00edch th\u01b0\u1edbc th\u00ec v\u1eeba kh\u00edt.<br \/>\n\u2705X\u01b0\u1edfng ch\u1ec9 s\u1eed d\u1ee5ng duy nh\u1ea5t ch\u1ea5t li\u1ec7u inox 304 \u0111\u1ec3 l\u00e0m n\u00ean s\u1ea3n ph\u1ea9m c\u00f3 \u0111\u1ed9 b\u1ec1n cao nh\u1ea5t.<br \/>\n\u2705Lu\u00f4n c\u1eadp nh\u1eadt m\u1eabu m\u00e3 m\u1edbi \u0111\u1ebfn v\u1edbi kh\u00e1ch h\u00e0ng<br \/>\n\u2705S\u1ea3n ph\u1ea9m b\u1ea3o h\u00e0nh tr\u1ecdn \u0111\u1eddi<br \/>\nLi\u00ean h\u1ec7 t\u01b0 v\u1ea5n mi\u1ec5n ph\u00ed \u0110T\/Zalo : 0933103313<br \/>\nShowroom: 4\/40 L\u01b0u Ch\u00ed Hi\u1ebfu, Ph\u01b0\u1eddng T\u00e2y Th\u1ea1nh, Qu\u1eadn T\u00e2n Ph\u00fa, TP.HCM<\/p>\n<p>X\u01b0\u1edbng SX: 61\/2 Qu\u1ed1c L\u1ed9 1A, Ti\u1ec1n L\u00e2n 15, B\u00e0 \u0110i\u1ec3m, Hooc M\u00f4n,TP.HCM<\/p>\n<p><span style=\"vertical-align: inherit;\">T\u00ecm hi\u1ec3u th\u00eam h\u00ecnh \u1ea3nh thi c\u00f4ng th\u1ef1c t\u1ebf <a href=\"https:\/\/xuongphukientubep.com\/site\/product-category\/phu-kien-tu-bep-niran\/\">ph\u1ee5 ki\u1ec7n t\u1ee7 b\u1ebfp<\/a> c\u1ee7a x\u01b0\u1edfng t\u1ea1i<\/span> : <a href=\"https:\/\/www.facebook.com\/xuongphukientubep\/\">https:\/\/www.facebook.com\/xuongphukientubep\/<\/a><br \/>\n<a href=\"https:\/\/www.youtube.com\/c\/X%C6%AF%E1%BB%9ENGS%E1%BA%A2NXU%E1%BA%A4TPH%E1%BB%A4KI%E1%BB%86NT%E1%BB%A6B%E1%BA%BEPINOX304CAOC%E1%BA%A4P\">https:\/\/www.youtube.com\/x\u01b0\u1edfngs\u1ea3nxu\u1ea5tph\u1ee5ki\u1ec7nt\u1ee7b\u1ebfpinox304caoc\u1ea5p<\/a><\/p>\n","protected":false},"excerpt":{"rendered":"<p><strong>Nh\u00e3n hi\u1ec7u <\/strong>: NIRAN &#8211; S\u1ea3n xu\u1ea5t t\u1ea1i Vi\u1ec7t Nam<br \/>\n<strong>M\u00e3 SP: NR0607<\/strong><br \/>\n<strong>Ch\u1ea5t li\u1ec7u:<\/strong> inox 304 b\u00f3ng kh\u00f4ng g\u1ec9 s\u00e9t<\/p>\n<p>X\u01af\u1edeNG CHUY\u00caN S\u1ea2N XU\u1ea4T PH\u1ee4 KI\u1ec6N T\u1ee6 B\u1ebeP THEO S\u1ed0 \u0110O T\u1ee6 B\u1ebeP C\u1ee6A QU\u00dd KH\u00c1CH &#8211; 0933103313<\/p>\n<p>Mi\u1ec5n ph\u00ed t\u01b0 v\u1ea5n ,l\u1eafp \u0111\u1eb7t v\u00e0 b\u1ea3o h\u00e0nh s\u1ea3n ph\u1ea9m tr\u1ecdn \u0111\u1eddi<\/p>\n","protected":false},"featured_media":2774,"comment_status":"open","ping_status":"closed","template":"","meta":{"_exactmetrics_skip_tracking":false,"_exactmetrics_sitenote_active":false,"_exactmetrics_sitenote_note":"","_exactmetrics_sitenote_category":0},"yoast_head":"<!-- This site is optimized with the Yoast SEO plugin v24.5 - https:\/\/yoast.com\/wordpress\/plugins\/seo\/ -->\n<title>K\u1ec7 ch\u00e9n d\u0129a treo \u0111a n\u0103ng inox 304 NR0607 - \u0110T\/Zalo: 0933103313<\/title>\n<meta name=\"description\" content=\"X\u01af\u1edeNG CHUY\u00caN S\u1ea2N XU\u1ea4T PH\u1ee4 KI\u1ec6N T\u1ee6 B\u1ebeP INOX 304 THEO S\u1ed0 \u0110O T\u1ee6 B\u1ebeP KH\u00c1CH H\u00c0NG. N\u01a1i s\u1ea3n xu\u1ea5t K\u1ec7 ch\u00e9n d\u0129a treo \u0111a n\u0103ng inox 304 t\u1ea1i TPHCM uy t\u00edn, \u0111a d\u1ea1ng m\u1eabu m\u00e3\" \/>\n<meta name=\"robots\" content=\"index, follow, max-snippet:-1, max-image-preview:large, max-video-preview:-1\" \/>\n<link rel=\"canonical\" href=\"https:\/\/xuongphukientubep.com\/site\/product\/ke-chen-dia-treo-da-nang-inox-304-nr0607\/\" \/>\n<meta property=\"og:locale\" content=\"vi_VN\" \/>\n<meta property=\"og:type\" content=\"article\" \/>\n<meta property=\"og:title\" content=\"K\u1ec7 ch\u00e9n d\u0129a treo \u0111a n\u0103ng inox 304 NR0607 - \u0110T\/Zalo: 0933103313\" \/>\n<meta property=\"og:description\" content=\"X\u01af\u1edeNG CHUY\u00caN S\u1ea2N XU\u1ea4T PH\u1ee4 KI\u1ec6N T\u1ee6 B\u1ebeP INOX 304 THEO S\u1ed0 \u0110O T\u1ee6 B\u1ebeP KH\u00c1CH H\u00c0NG. N\u01a1i s\u1ea3n xu\u1ea5t K\u1ec7 ch\u00e9n d\u0129a treo \u0111a n\u0103ng inox 304 t\u1ea1i TPHCM uy t\u00edn, \u0111a d\u1ea1ng m\u1eabu m\u00e3\" \/>\n<meta property=\"og:url\" content=\"https:\/\/xuongphukientubep.com\/site\/product\/ke-chen-dia-treo-da-nang-inox-304-nr0607\/\" \/>\n<meta property=\"og:site_name\" content=\"Niran\" \/>\n<meta property=\"article:modified_time\" content=\"2022-06-15T14:57:56+00:00\" \/>\n<meta property=\"og:image\" content=\"https:\/\/xuongphukientubep.com\/site\/wp-content\/uploads\/2018\/09\/Ke-chen-dia-treo-da-nang-inox-304-NR0607-1.jpg\" \/>\n\t<meta property=\"og:image:width\" content=\"3024\" \/>\n\t<meta property=\"og:image:height\" content=\"3024\" \/>\n\t<meta property=\"og:image:type\" content=\"image\/jpeg\" \/>\n<meta name=\"twitter:card\" content=\"summary_large_image\" \/>\n<meta name=\"twitter:label1\" content=\"\u01af\u1edbc t\u00ednh th\u1eddi gian \u0111\u1ecdc\" \/>\n\t<meta name=\"twitter:data1\" content=\"3 ph\u00fat\" \/>\n<!-- \/ Yoast SEO plugin. -->","yoast_head_json":{"title":"K\u1ec7 ch\u00e9n d\u0129a treo \u0111a n\u0103ng inox 304 NR0607 - \u0110T\/Zalo: 0933103313","description":"X\u01af\u1edeNG CHUY\u00caN S\u1ea2N XU\u1ea4T PH\u1ee4 KI\u1ec6N T\u1ee6 B\u1ebeP INOX 304 THEO S\u1ed0 \u0110O T\u1ee6 B\u1ebeP KH\u00c1CH H\u00c0NG. N\u01a1i s\u1ea3n xu\u1ea5t K\u1ec7 ch\u00e9n d\u0129a treo \u0111a n\u0103ng inox 304 t\u1ea1i TPHCM uy t\u00edn, \u0111a d\u1ea1ng m\u1eabu m\u00e3","robots":{"index":"index","follow":"follow","max-snippet":"max-snippet:-1","max-image-preview":"max-image-preview:large","max-video-preview":"max-video-preview:-1"},"canonical":"https:\/\/xuongphukientubep.com\/site\/product\/ke-chen-dia-treo-da-nang-inox-304-nr0607\/","og_locale":"vi_VN","og_type":"article","og_title":"K\u1ec7 ch\u00e9n d\u0129a treo \u0111a n\u0103ng inox 304 NR0607 - \u0110T\/Zalo: 0933103313","og_description":"X\u01af\u1edeNG CHUY\u00caN S\u1ea2N XU\u1ea4T PH\u1ee4 KI\u1ec6N T\u1ee6 B\u1ebeP INOX 304 THEO S\u1ed0 \u0110O T\u1ee6 B\u1ebeP KH\u00c1CH H\u00c0NG. N\u01a1i s\u1ea3n xu\u1ea5t K\u1ec7 ch\u00e9n d\u0129a treo \u0111a n\u0103ng inox 304 t\u1ea1i TPHCM uy t\u00edn, \u0111a d\u1ea1ng m\u1eabu m\u00e3","og_url":"https:\/\/xuongphukientubep.com\/site\/product\/ke-chen-dia-treo-da-nang-inox-304-nr0607\/","og_site_name":"Niran","article_modified_time":"2022-06-15T14:57:56+00:00","og_image":[{"width":3024,"height":3024,"url":"https:\/\/xuongphukientubep.com\/site\/wp-content\/uploads\/2018\/09\/Ke-chen-dia-treo-da-nang-inox-304-NR0607-1.jpg","type":"image\/jpeg"}],"twitter_card":"summary_large_image","twitter_misc":{"\u01af\u1edbc t\u00ednh th\u1eddi gian \u0111\u1ecdc":"3 ph\u00fat"},"schema":{"@context":"https:\/\/schema.org","@graph":[{"@type":"WebPage","@id":"https:\/\/xuongphukientubep.com\/site\/product\/ke-chen-dia-treo-da-nang-inox-304-nr0607\/","url":"https:\/\/xuongphukientubep.com\/site\/product\/ke-chen-dia-treo-da-nang-inox-304-nr0607\/","name":"K\u1ec7 ch\u00e9n d\u0129a treo \u0111a n\u0103ng inox 304 NR0607 - \u0110T\/Zalo: 0933103313","isPartOf":{"@id":"https:\/\/xuongphukientubep.com\/site\/#website"},"primaryImageOfPage":{"@id":"https:\/\/xuongphukientubep.com\/site\/product\/ke-chen-dia-treo-da-nang-inox-304-nr0607\/#primaryimage"},"image":{"@id":"https:\/\/xuongphukientubep.com\/site\/product\/ke-chen-dia-treo-da-nang-inox-304-nr0607\/#primaryimage"},"thumbnailUrl":"https:\/\/xuongphukientubep.com\/site\/wp-content\/uploads\/2018\/09\/Ke-chen-dia-treo-da-nang-inox-304-NR0607-1.jpg","datePublished":"2018-09-03T05:16:54+00:00","dateModified":"2022-06-15T14:57:56+00:00","description":"X\u01af\u1edeNG CHUY\u00caN S\u1ea2N XU\u1ea4T PH\u1ee4 KI\u1ec6N T\u1ee6 B\u1ebeP INOX 304 THEO S\u1ed0 \u0110O T\u1ee6 B\u1ebeP KH\u00c1CH H\u00c0NG. N\u01a1i s\u1ea3n xu\u1ea5t K\u1ec7 ch\u00e9n d\u0129a treo \u0111a n\u0103ng inox 304 t\u1ea1i TPHCM uy t\u00edn, \u0111a d\u1ea1ng m\u1eabu m\u00e3","breadcrumb":{"@id":"https:\/\/xuongphukientubep.com\/site\/product\/ke-chen-dia-treo-da-nang-inox-304-nr0607\/#breadcrumb"},"inLanguage":"vi","potentialAction":[{"@type":"ReadAction","target":["https:\/\/xuongphukientubep.com\/site\/product\/ke-chen-dia-treo-da-nang-inox-304-nr0607\/"]}]},{"@type":"ImageObject","inLanguage":"vi","@id":"https:\/\/xuongphukientubep.com\/site\/product\/ke-chen-dia-treo-da-nang-inox-304-nr0607\/#primaryimage","url":"https:\/\/xuongphukientubep.com\/site\/wp-content\/uploads\/2018\/09\/Ke-chen-dia-treo-da-nang-inox-304-NR0607-1.jpg","contentUrl":"https:\/\/xuongphukientubep.com\/site\/wp-content\/uploads\/2018\/09\/Ke-chen-dia-treo-da-nang-inox-304-NR0607-1.jpg","width":3024,"height":3024,"caption":"Ke chen dia treo da nang inox 304 NR0607"},{"@type":"BreadcrumbList","@id":"https:\/\/xuongphukientubep.com\/site\/product\/ke-chen-dia-treo-da-nang-inox-304-nr0607\/#breadcrumb","itemListElement":[{"@type":"ListItem","position":1,"name":"Trang ch\u1ee7","item":"https:\/\/xuongphukientubep.com\/site\/"},{"@type":"ListItem","position":2,"name":"C\u1eeda H\u00e0ng","item":"https:\/\/xuongphukientubep.com\/site\/shop\/"},{"@type":"ListItem","position":3,"name":"K\u1ec7 ch\u00e9n d\u0129a treo \u0111a n\u0103ng inox 304 NR0607"}]},{"@type":"WebSite","@id":"https:\/\/xuongphukientubep.com\/site\/#website","url":"https:\/\/xuongphukientubep.com\/site\/","name":"Niran","description":"X\u01b0\u1edfng chuy\u00ean s\u1ea3n xu\u1ea5t ph\u1ee5 ki\u1ec7n t\u1ee7 b\u1ebfp inox 304 cao c\u1ea5p","publisher":{"@id":"https:\/\/xuongphukientubep.com\/site\/#organization"},"potentialAction":[{"@type":"SearchAction","target":{"@type":"EntryPoint","urlTemplate":"https:\/\/xuongphukientubep.com\/site\/?s={search_term_string}"},"query-input":{"@type":"PropertyValueSpecification","valueRequired":true,"valueName":"search_term_string"}}],"inLanguage":"vi"},{"@type":"Organization","@id":"https:\/\/xuongphukientubep.com\/site\/#organization","name":"Niran","url":"https:\/\/xuongphukientubep.com\/site\/","logo":{"@type":"ImageObject","inLanguage":"vi","@id":"https:\/\/xuongphukientubep.com\/site\/#\/schema\/logo\/image\/","url":"https:\/\/xuongphukientubep.com\/site\/wp-content\/uploads\/2018\/09\/cropped-215-2.png","contentUrl":"https:\/\/xuongphukientubep.com\/site\/wp-content\/uploads\/2018\/09\/cropped-215-2.png","width":197,"height":108,"caption":"Niran"},"image":{"@id":"https:\/\/xuongphukientubep.com\/site\/#\/schema\/logo\/image\/"}}]}},"amp_enabled":true,"_links":{"self":[{"href":"https:\/\/xuongphukientubep.com\/site\/wp-json\/wp\/v2\/product\/1373"}],"collection":[{"href":"https:\/\/xuongphukientubep.com\/site\/wp-json\/wp\/v2\/product"}],"about":[{"href":"https:\/\/xuongphukientubep.com\/site\/wp-json\/wp\/v2\/types\/product"}],"replies":[{"embeddable":true,"href":"https:\/\/xuongphukientubep.com\/site\/wp-json\/wp\/v2\/comments?post=1373"}],"wp:featuredmedia":[{"embeddable":true,"href":"https:\/\/xuongphukientubep.com\/site\/wp-json\/wp\/v2\/media\/2774"}],"wp:attachment":[{"href":"https:\/\/xuongphukientubep.com\/site\/wp-json\/wp\/v2\/media?parent=1373"}],"curies":[{"name":"wp","href":"https:\/\/api.w.org\/{rel}","templated":true}]}}