{"id":1774,"date":"2019-05-18T15:24:01","date_gmt":"2019-05-18T08:24:01","guid":{"rendered":"https:\/\/xuongphukientubep.com\/site\/?post_type=product&#038;p=1774"},"modified":"2022-06-16T17:51:48","modified_gmt":"2022-06-16T10:51:48","slug":"ke-treo-quay-bar-gold-niran-nr0507","status":"publish","type":"product","link":"https:\/\/xuongphukientubep.com\/site\/product\/ke-treo-quay-bar-gold-niran-nr0507\/","title":{"rendered":"K\u1ec7 treo qu\u1ea7y bar Gold Niran NR0507"},"content":{"rendered":"<p><span style=\"vertical-align: inherit;\"><span style=\"vertical-align: inherit;\"><em><strong>K\u1ec7 treo qu\u1ea7y bar Gold Niran NR0507 <\/strong><\/em><\/span><\/span>l\u00e0 m\u1ed9t trong nh\u1eefng chi\u1ebfc k\u1ec7 th\u1ea7n th\u00e1nh kh\u00f4ng th\u1ec3 thi\u1ebfu \u0111i tr\u00ean nh\u1eefng qu\u1ea7y bar sang ch\u1ea3nh c\u1ee7a b\u1ea1n . N\u1ebfu qu\u1ea7y bar c\u1ee7a b\u1ea1n sang 1 th\u00ec khi g\u1eafn th\u00eam k\u1ec7 l\u1ea1i sang l\u00ean 10 . K\u1ec7 gi\u00fap b\u1ea1n show ra nh\u1eefng chai r\u01b0\u1ee3u \u0111\u1eaft gi\u00e1 v\u00e0 nh\u1eefng chi\u1ebfc ly th\u1ee7y tinh long lanh \u0111\u00fang chu\u1ea9n ph\u01b0\u01a1ng T\u00e2y . K\u1ec7 treo tr\u00ean tr\u1ea7n c\u1ee7a qu\u1ea7y bar m\u1ed9t c\u00e1ch t\u1ec9 m\u1ec9 kh\u00e9o l\u00e9o v\u00e0 ch\u1ecbu \u0111\u01b0\u1ee3c s\u1ee9c n\u1eb7ng t\u1ed1t. V\u1edbi ch\u1ea5t li\u1ec7u \u0111\u01b0\u1ee3c l\u00e0m t\u1eeb Inox 304 xi l\u1edbp m\u1ea1 v\u00e0ng b\u00f3ng lo\u00e1ng t\u1ea1o n\u00ean s\u1ef1 sang tr\u1ecdng tuy\u1ec7t \u0111\u1ed1i.<\/p>\n<p>S\u1ea3n ph\u1ea9m ph\u1ee5 ki\u1ec7n t\u1ee7 b\u1ebfp Niran inox 304 b\u1ea3o h\u00e0nh tr\u1ecdn \u0111\u1eddi.<\/p>\n<p><img loading=\"lazy\" decoding=\"async\" class=\" lazy size-full wp-image-1775\" src=\"data:image\/svg+xml,%3Csvg%20xmlns='http:\/\/www.w3.org\/2000\/svg'%20viewBox='0%200%203024%203024'%3E%3C\/svg%3E\" data-src=\"https:\/\/xuongphukientubep.com\/site\/wp-content\/uploads\/2019\/07\/2-7.jpg\" alt=\"K\u1ec7 treo qu\u1ea7y bar Gold Niran NR0507\" width=\"3024\" height=\"3024\" data-srcset=\"https:\/\/xuongphukientubep.com\/site\/wp-content\/uploads\/2019\/07\/2-7.jpg 3024w, https:\/\/xuongphukientubep.com\/site\/wp-content\/uploads\/2019\/07\/2-7-150x150.jpg 150w, https:\/\/xuongphukientubep.com\/site\/wp-content\/uploads\/2019\/07\/2-7-300x300.jpg 300w, https:\/\/xuongphukientubep.com\/site\/wp-content\/uploads\/2019\/07\/2-7-768x768.jpg 768w, https:\/\/xuongphukientubep.com\/site\/wp-content\/uploads\/2019\/07\/2-7-1024x1024.jpg 1024w, https:\/\/xuongphukientubep.com\/site\/wp-content\/uploads\/2019\/07\/2-7-75x75.jpg 75w, https:\/\/xuongphukientubep.com\/site\/wp-content\/uploads\/2019\/07\/2-7-444x444.jpg 444w, https:\/\/xuongphukientubep.com\/site\/wp-content\/uploads\/2019\/07\/2-7-600x600.jpg 600w, https:\/\/xuongphukientubep.com\/site\/wp-content\/uploads\/2019\/07\/2-7-100x100.jpg 100w\" sizes=\"(max-width: 3024px) 100vw, 3024px\" \/><\/p>\n<figure id=\"attachment_4297\" aria-describedby=\"caption-attachment-4297\" style=\"width: 1338px\" class=\"wp-caption alignnone\"><img loading=\"lazy\" decoding=\"async\" class=\" lazy wp-image-4297 size-full\" src=\"data:image\/svg+xml,%3Csvg%20xmlns='http:\/\/www.w3.org\/2000\/svg'%20viewBox='0%200%201338%20372'%3E%3C\/svg%3E\" data-src=\"http:\/\/xuongphukientubep.com\/site\/wp-content\/uploads\/2019\/05\/Bang-gia-thong-so-ky-thuat-ke-treo-ly-chai-ruou-inox-304-gold-niran-nr0507.png\" alt=\"B\u1ea3ng gi\u00e1 K\u1ec7 treo qu\u1ea7y bar Gold Niran NR0507\" width=\"1338\" height=\"372\" data-srcset=\"https:\/\/xuongphukientubep.com\/site\/wp-content\/uploads\/2019\/05\/Bang-gia-thong-so-ky-thuat-ke-treo-ly-chai-ruou-inox-304-gold-niran-nr0507.png 1338w, https:\/\/xuongphukientubep.com\/site\/wp-content\/uploads\/2019\/05\/Bang-gia-thong-so-ky-thuat-ke-treo-ly-chai-ruou-inox-304-gold-niran-nr0507-300x83.png 300w, https:\/\/xuongphukientubep.com\/site\/wp-content\/uploads\/2019\/05\/Bang-gia-thong-so-ky-thuat-ke-treo-ly-chai-ruou-inox-304-gold-niran-nr0507-768x214.png 768w, https:\/\/xuongphukientubep.com\/site\/wp-content\/uploads\/2019\/05\/Bang-gia-thong-so-ky-thuat-ke-treo-ly-chai-ruou-inox-304-gold-niran-nr0507-1024x285.png 1024w, https:\/\/xuongphukientubep.com\/site\/wp-content\/uploads\/2019\/05\/Bang-gia-thong-so-ky-thuat-ke-treo-ly-chai-ruou-inox-304-gold-niran-nr0507-600x167.png 600w\" sizes=\"(max-width: 1338px) 100vw, 1338px\" \/><figcaption id=\"caption-attachment-4297\" class=\"wp-caption-text\">B\u1ea3ng gi\u00e1 K\u1ec7 treo qu\u1ea7y bar Gold Niran NR0507<\/figcaption><\/figure>\n<h3>T\u01b0 v\u1ea5n &#8211; Thi\u1ebft k\u1ebf &#8211; L\u1eafp \u0111\u1eb7t <span style=\"vertical-align: inherit;\"><em><strong>K\u1ec7 treo qu\u1ea7y bar Gold Niran NR0507<\/strong><\/em><\/span>\u00a0theo k\u00edch th\u01b0\u1edbc t\u1ee7 b\u1ebfp kh\u00e1ch h\u00e0ng.<\/h3>\n<p><div class=\"yt-video-place embed-responsive embed-responsive-4by3\" data-yt-url=\"https:\/\/www.youtube.com\/embed\/NpMwGTCQK1w?rel=0&showinfo=0\"><img src=\"data:image\/svg+xml,%3Csvg%20xmlns='http:\/\/www.w3.org\/2000\/svg'%20viewBox='0%200%20870%20489'%3E%3C\/svg%3E\" data-src=\"https:\/\/i.ytimg.com\/vi\/NpMwGTCQK1w\/maxresdefault.jpg\" async class=\" lazy play-yt-video\"><a class=\"start-video\"><img width=\"64\" src=\"data:image\/svg+xml,%3Csvg%20xmlns='http:\/\/www.w3.org\/2000\/svg'%20viewBox='0%200%2064%2064'%3E%3C\/svg%3E\" data-src=\"https:\/\/xuongphukientubep.com\/site\/wp-content\/plugins\/wp2speed\/lib\/asset\/play-btn.png\" class=\" lazy \" ><\/a><\/div><\/p>\n<p>Xem th\u00eam b\u00e1o gi\u00e1 c\u00e1c s\u1ea3n ph\u1ea9m t\u01b0\u01a1ng t\u1ef1 kh\u00e1c:<\/p>\n<p class=\"products-title\"><a href=\"https:\/\/xuongphukientubep.com\/site\/product\/ke-quay-bar-treo-ly-ruou-niran-inox-304-nr0501\/\">K\u1ec7 qu\u1ea7y bar treo ly r\u01b0\u1ee3u Inox 304 Niran NR0501<\/a><\/p>\n<p class=\"products-title\"><a href=\"https:\/\/xuongphukientubep.com\/site\/product\/ke-treo-ly-inox-304-niran-nr0505\/\">K\u1ec7 treo ly inox 304 Niran NR0505<\/a><\/p>\n<p class=\"products-title\"><a href=\"https:\/\/xuongphukientubep.com\/site\/product\/ke-dung-chai-ruou-inox-304-niran-nr0503\/\">K\u1ec7 \u0111\u1ef1ng chai r\u01b0\u1ee3u inox 304 Niran NR0503<\/a><\/p>\n<p><span style=\"vertical-align: inherit;\"><span style=\"vertical-align: inherit;\">B\u1ea1n \u0111\u00e3 s\u1edf h\u1eefu hay \u0111ang l\u00ean \u00fd t\u01b0\u1edfng ho\u00e0n thi\u1ec7n cho t\u1ee7 b\u1ebfp c\u1ee7a b\u1ea1n?<\/span><\/span><br \/>\n<span style=\"vertical-align: inherit;\"><span style=\"vertical-align: inherit;\">B\u1ea1n \u0111ang b\u0103n kho\u0103n v\u1ec1 vi\u1ec7c mua ph\u1ee5 ki\u1ec7n t\u1ee7 b\u1ebfp tr\u01b0\u1edbc hay sau khi ho\u00e0n thi\u1ec7n t\u1ee7 b\u1ebfp?<\/span><\/span><br \/>\n<span style=\"vertical-align: inherit;\"><span style=\"vertical-align: inherit;\">S\u1ee3 r\u1eb1ng mua ph\u1ee5 ki\u1ec7n tr\u01b0\u1edbc th\u00ec ph\u1ea3i theo k\u00edch th\u01b0\u1edbc c\u00f3 s\u1eb5n kh\u00f4ng h\u1ee3p v\u1edbi thi\u1ebft k\u1ebf v\u1edbi nhu c\u1ea7u ,c\u00f2n mua sau th\u00ec s\u1ee3 l\u1eafp kh\u00f4ng v\u1eeba.<\/span><\/span><br \/>\n<span style=\"vertical-align: inherit;\"><span style=\"vertical-align: inherit;\">C\u00f3 <\/span><\/span><a href=\"https:\/\/xuongphukientubep.com\/site\/product-category\/phu-kien-tu-bep-niran\/\"><span style=\"vertical-align: inherit;\"><span style=\"vertical-align: inherit;\">X\u01af\u1edeNG PH\u1ee4 KI\u1ec6N T\u1ee6 B\u1ebeP<\/span><\/span><\/a><span style=\"vertical-align: inherit;\"><span style=\"vertical-align: inherit;\"> \u0111\u00e2y r\u1ed3i , kh\u00f4ng c\u1ea7n lo n\u1eefa nh\u00e9 , c\u1ee9 tho\u1ea3i m\u00e1i x\u00e2y d\u1ef1ng t\u1ee7 b\u1ebfp theo \u00fd th\u00edch c\u1ee7a gia \u0111\u00ecnh b\u1ea1n.C\u00f2n vi\u1ec7c g\u1eafn ph\u1ee5 ki\u1ec7n t\u1ee7 b\u1ebfp X\u01af\u1edeNG em s\u1ebd lo t\u1ea5t \u1ea1.<\/span><\/span><\/p>\n<p>\u2705K\u00edch th\u01b0\u1edbc ph\u1ee5 ki\u1ec7n s\u1ebd \u0111\u01b0\u1ee3c thi\u1ebft k\u1ebf, \u0111o \u0111\u1ea1c theo t\u1eebng milimet t\u1ee7 b\u1ebfp c\u1ee7a kh\u00e1ch h\u00e0ng.<br \/>\n\u2705\u0110\u1eb7c bi\u1ec7t x\u01b0\u1edfng s\u1ebd thi\u1ebft k\u1ebf theo nhu c\u1ea7u ri\u00eang c\u1ee7a m\u1ed7i kh\u00e1ch h\u00e0ng.<br \/>\n\u2705M\u1eabu m\u00e3 th\u1ea9m m\u1ef9 t\u01b0\u01a1ng th\u00edch v\u1edbi t\u1ee7 b\u1ebfp c\u00f3 s\u1eb5n, k\u00edch th\u01b0\u1edbc th\u00ec v\u1eeba kh\u00edt.<br \/>\n\u2705X\u01b0\u1edfng ch\u1ec9 s\u1eed d\u1ee5ng duy nh\u1ea5t ch\u1ea5t li\u1ec7u inox 304 \u0111\u1ec3 l\u00e0m n\u00ean s\u1ea3n ph\u1ea9m c\u00f3 \u0111\u1ed9 b\u1ec1n cao nh\u1ea5t.<br \/>\n\u2705Lu\u00f4n c\u1eadp nh\u1eadt m\u1eabu m\u00e3 m\u1edbi \u0111\u1ebfn v\u1edbi kh\u00e1ch h\u00e0ng<br \/>\n\u2705S\u1ea3n ph\u1ea9m b\u1ea3o h\u00e0nh tr\u1ecdn \u0111\u1eddi<\/p>\n<h4><strong>PH\u01af\u01a0NG TH\u1ee8C \u0110\u1eb6T H\u00c0NG V\u00c0 V\u1eacN CHUY\u1ec2N<\/strong><\/h4>\n<p>\u0110\u1ec3 \u0111\u1eb7t h\u00e0ng <span style=\"vertical-align: inherit;\"><em><strong>K\u1ec7 treo qu\u1ea7y bar inox v\u00e0ng Niran NR0507<\/strong><\/em><\/span> b\u1ea1n vui l\u00f2ng li\u00ean h\u1ec7 s\u1ed1 Hotline \u0110T\/Zalo: <strong>09 3310 3313\u00a0<\/strong>ho\u1eb7c \u0111\u1ec3 l\u1ea1i tin nh\u1eafn. Nh\u00e2n vi\u00ean x\u01b0\u1edfng s\u1ebd li\u00ean h\u1ec7 l\u1ea1i t\u01b0 v\u1ea5n nhanh ch\u00f3ng trong v\u00f2ng 1-2h cho b\u1ea1n.<\/p>\n<p>S\u1ea3n ph\u1ea9m \u0111\u01b0\u1ee3c s\u1ea3n xu\u1ea5t \u0111\u00fang theo y\u00eau c\u1ea7u v\u00e0 giao h\u00e0ng trong th\u1eddi gian th\u1ecfa thu\u1eadn.<\/p>\n<p>Mi\u1ec5n ph\u00ed giao h\u00e0ng trong n\u1ed9i th\u00e0nh H\u1ed3 Ch\u00ed Minh v\u1edbi \u0111\u01a1n h\u00e0ng &gt;1.000.000 \u0111 v\u00e0\u00a0 &gt; 5.000.000 \u0111 \u0111\u1ed1i v\u1edbi c\u00e1c t\u1ec9nh th\u00e0nh kh\u00e1c.<\/p>\n<p>\u0110\u1ed1i v\u1edbi kh\u00e1ch h\u00e0ng \u1edf t\u1ec9nh. Ch\u00fang t\u00f4i s\u1ebd g\u1edfi h\u00e0ng ra ch\u00e0nh xe v\u1ec1 t\u1ea5t c\u1ea3 c\u00e1c t\u1ec9nh tr\u00ean ph\u1ea1m vi to\u00e0n qu\u1ed1c. \u0110\u1ea3m b\u1ea3o th\u1eddi gian nh\u1eadn h\u00e0ng nhanh ch\u00f3ng. Ch\u00fang t\u00f4i cung \u1ee9ng &amp; b\u00e1n s\u1ea3n ph\u1ea9m tr\u00ean to\u00e0n qu\u1ed1c.<\/p>\n<p>Li\u00ean h\u1ec7 t\u01b0 v\u1ea5n mi\u1ec5n ph\u00ed \u0110T\/Zalo : 0933103313<br \/>\nShowroom: 4\/40 L\u01b0u Ch\u00ed Hi\u1ebfu, Ph\u01b0\u1eddng T\u00e2y Th\u1ea1nh, Qu\u1eadn T\u00e2n Ph\u00fa, TP.HCM<\/p>\n<p>X\u01b0\u1edbng SX: 61\/2 Qu\u1ed1c L\u1ed9 1A, Ti\u1ec1n L\u00e2n 15, B\u00e0 \u0110i\u1ec3m, Hooc M\u00f4n,TP.HCM<\/p>\n<p><span style=\"vertical-align: inherit;\"><span style=\"vertical-align: inherit;\">T\u00ecm hi\u1ec3u th\u00eam h\u00ecnh \u1ea3nh thi c\u00f4ng th\u1ef1c t\u1ebf <a href=\"https:\/\/xuongphukientubep.com\/site\/product-category\/phu-kien-tu-bep-niran\/\">ph\u1ee5 ki\u1ec7n t\u1ee7 b\u1ebfp<\/a> c\u1ee7a x\u01b0\u1edfng t\u1ea1i : <\/span><\/span><a href=\"https:\/\/www.facebook.com\/xuongphukientubep\/\"><span style=\"vertical-align: inherit;\"><span style=\"vertical-align: inherit;\">https:\/\/www.facebook.com\/xuongphukientubep\/<\/span><\/span><\/a><\/p>\n<p>&nbsp;<\/p>\n","protected":false},"excerpt":{"rendered":"<p><strong><span style=\"vertical-align: inherit;\"><span style=\"vertical-align: inherit;\">Nh\u00e3n hi\u1ec7u<\/span><\/span><\/strong><span style=\"vertical-align: inherit;\"><span style=\"vertical-align: inherit;\"> : NIRAN &#8211; S\u1ea3n xu\u1ea5t t\u1ea1i Vi\u1ec7t Nam<\/span><\/span><br \/>\n<strong><span style=\"vertical-align: inherit;\"><span style=\"vertical-align: inherit;\">M\u00e3 SP<\/span><\/span><\/strong><span style=\"vertical-align: inherit;\"><span style=\"vertical-align: inherit;\">: <\/span><\/span><strong><span style=\"vertical-align: inherit;\"><span style=\"vertical-align: inherit;\">NR0507<\/span><\/span><\/strong><br \/>\n<strong><span style=\"vertical-align: inherit;\"><span style=\"vertical-align: inherit;\">Ch\u1ea5t li\u1ec7u<\/span><\/span><\/strong><span style=\"vertical-align: inherit;\"><span style=\"vertical-align: inherit;\">: inox 304 b\u00f3ng kh\u00f4ng g\u1ec9 s\u00e9t<\/span><\/span><br \/>\n<strong><span style=\"vertical-align: inherit;\"><span style=\"vertical-align: inherit;\">K\u00edch th\u01b0\u1edbc<\/span><\/span><\/strong><span style=\"vertical-align: inherit;\"><span style=\"vertical-align: inherit;\">: N800x S300 mm (K\u00edch th\u01b0\u1edbc c\u00f3 th\u1ec3 thay \u0111\u1ed5i theo s\u1ed1 \u0111o t\u1ee7 b\u1ebfp c\u1ee7a kh\u00e1ch )<\/span><\/span><\/p>\n<p>X\u01af\u1edeNG CHUY\u00caN S\u1ea2N XU\u1ea4T PH\u1ee4 KI\u1ec6N T\u1ee6 B\u1ebeP THEO S\u1ed0 \u0110O T\u1ee6 B\u1ebeP C\u1ee6A QU\u00dd KH\u00c1CH &#8211; 0933103313<\/p>\n<p>Mi\u1ec5n ph\u00ed t\u01b0 v\u1ea5n ,l\u1eafp \u0111\u1eb7t v\u00e0 b\u1ea3o h\u00e0nh s\u1ea3n ph\u1ea9m tr\u1ecdn \u0111\u1eddi<\/p>\n<p><span class=\"_5mfr _47e3\"><span class=\"_7oe\">\u00a0Mi\u1ec5n ph\u00ed giao h\u00e0ng n\u1ed9i th\u00e0nh TP. H\u1ed3 Ch\u00ed Minh v\u1edbi \u0111\u01a1n h\u00e0ng &gt;1.000.000\u0111 v\u00e0 free ship c\u00e1c t\u1ec9nh v\u1edbi \u0111\u01a1n h\u00e0ng &gt;5.000.0000\u0111<\/span><\/span><\/p>\n","protected":false},"featured_media":2030,"comment_status":"open","ping_status":"closed","template":"","meta":{"_exactmetrics_skip_tracking":false,"_exactmetrics_sitenote_active":false,"_exactmetrics_sitenote_note":"","_exactmetrics_sitenote_category":0},"yoast_head":"<!-- This site is optimized with the Yoast SEO plugin v24.5 - https:\/\/yoast.com\/wordpress\/plugins\/seo\/ -->\n<title>K\u1ec7 treo qu\u1ea7y bar Gold Niran NR0507 - Made in Viet Nam<\/title>\n<meta name=\"description\" content=\"K\u1ec7 treo qu\u1ea7y bar Gold Niran NR0507 \u0111\u01b0\u1ee3c x\u01b0\u1edfng ph\u1ee5 ki\u1ec7n Niran thi\u1ebft k\u1ebf v\u00e0 s\u1ea3n xu\u1ea5t. H\u00e0ng Vi\u1ec7t Nam ch\u1ea5t l\u01b0\u1ee3ng cao c\u1ea5p, nh\u1eadn \u0111\u1eb7t h\u00e0ng theo y\u00eau c\u1ea7u kh\u00e1ch h\u00e0ng\" \/>\n<meta name=\"robots\" content=\"index, follow, max-snippet:-1, max-image-preview:large, max-video-preview:-1\" \/>\n<link rel=\"canonical\" href=\"https:\/\/xuongphukientubep.com\/site\/product\/ke-treo-quay-bar-gold-niran-nr0507\/\" \/>\n<meta property=\"og:locale\" content=\"vi_VN\" \/>\n<meta property=\"og:type\" content=\"article\" \/>\n<meta property=\"og:title\" content=\"K\u1ec7 treo qu\u1ea7y bar Gold Niran NR0507 - Made in Viet Nam\" \/>\n<meta property=\"og:description\" content=\"K\u1ec7 treo qu\u1ea7y bar Gold Niran NR0507 \u0111\u01b0\u1ee3c x\u01b0\u1edfng ph\u1ee5 ki\u1ec7n Niran thi\u1ebft k\u1ebf v\u00e0 s\u1ea3n xu\u1ea5t. H\u00e0ng Vi\u1ec7t Nam ch\u1ea5t l\u01b0\u1ee3ng cao c\u1ea5p, nh\u1eadn \u0111\u1eb7t h\u00e0ng theo y\u00eau c\u1ea7u kh\u00e1ch h\u00e0ng\" \/>\n<meta property=\"og:url\" content=\"https:\/\/xuongphukientubep.com\/site\/product\/ke-treo-quay-bar-gold-niran-nr0507\/\" \/>\n<meta property=\"og:site_name\" content=\"Niran\" \/>\n<meta property=\"article:modified_time\" content=\"2022-06-16T10:51:48+00:00\" \/>\n<meta property=\"og:image\" content=\"https:\/\/xuongphukientubep.com\/site\/wp-content\/uploads\/2019\/05\/ke-treo-ly-quay-bar-vang.jpg\" \/>\n\t<meta property=\"og:image:width\" content=\"3024\" \/>\n\t<meta property=\"og:image:height\" content=\"3024\" \/>\n\t<meta property=\"og:image:type\" content=\"image\/jpeg\" \/>\n<meta name=\"twitter:card\" content=\"summary_large_image\" \/>\n<meta name=\"twitter:label1\" content=\"\u01af\u1edbc t\u00ednh th\u1eddi gian \u0111\u1ecdc\" \/>\n\t<meta name=\"twitter:data1\" content=\"4 ph\u00fat\" \/>\n<!-- \/ Yoast SEO plugin. -->","yoast_head_json":{"title":"K\u1ec7 treo qu\u1ea7y bar Gold Niran NR0507 - Made in Viet Nam","description":"K\u1ec7 treo qu\u1ea7y bar Gold Niran NR0507 \u0111\u01b0\u1ee3c x\u01b0\u1edfng ph\u1ee5 ki\u1ec7n Niran thi\u1ebft k\u1ebf v\u00e0 s\u1ea3n xu\u1ea5t. H\u00e0ng Vi\u1ec7t Nam ch\u1ea5t l\u01b0\u1ee3ng cao c\u1ea5p, nh\u1eadn \u0111\u1eb7t h\u00e0ng theo y\u00eau c\u1ea7u kh\u00e1ch h\u00e0ng","robots":{"index":"index","follow":"follow","max-snippet":"max-snippet:-1","max-image-preview":"max-image-preview:large","max-video-preview":"max-video-preview:-1"},"canonical":"https:\/\/xuongphukientubep.com\/site\/product\/ke-treo-quay-bar-gold-niran-nr0507\/","og_locale":"vi_VN","og_type":"article","og_title":"K\u1ec7 treo qu\u1ea7y bar Gold Niran NR0507 - Made in Viet Nam","og_description":"K\u1ec7 treo qu\u1ea7y bar Gold Niran NR0507 \u0111\u01b0\u1ee3c x\u01b0\u1edfng ph\u1ee5 ki\u1ec7n Niran thi\u1ebft k\u1ebf v\u00e0 s\u1ea3n xu\u1ea5t. H\u00e0ng Vi\u1ec7t Nam ch\u1ea5t l\u01b0\u1ee3ng cao c\u1ea5p, nh\u1eadn \u0111\u1eb7t h\u00e0ng theo y\u00eau c\u1ea7u kh\u00e1ch h\u00e0ng","og_url":"https:\/\/xuongphukientubep.com\/site\/product\/ke-treo-quay-bar-gold-niran-nr0507\/","og_site_name":"Niran","article_modified_time":"2022-06-16T10:51:48+00:00","og_image":[{"width":3024,"height":3024,"url":"https:\/\/xuongphukientubep.com\/site\/wp-content\/uploads\/2019\/05\/ke-treo-ly-quay-bar-vang.jpg","type":"image\/jpeg"}],"twitter_card":"summary_large_image","twitter_misc":{"\u01af\u1edbc t\u00ednh th\u1eddi gian \u0111\u1ecdc":"4 ph\u00fat"},"schema":{"@context":"https:\/\/schema.org","@graph":[{"@type":"WebPage","@id":"https:\/\/xuongphukientubep.com\/site\/product\/ke-treo-quay-bar-gold-niran-nr0507\/","url":"https:\/\/xuongphukientubep.com\/site\/product\/ke-treo-quay-bar-gold-niran-nr0507\/","name":"K\u1ec7 treo qu\u1ea7y bar Gold Niran NR0507 - Made in Viet Nam","isPartOf":{"@id":"https:\/\/xuongphukientubep.com\/site\/#website"},"primaryImageOfPage":{"@id":"https:\/\/xuongphukientubep.com\/site\/product\/ke-treo-quay-bar-gold-niran-nr0507\/#primaryimage"},"image":{"@id":"https:\/\/xuongphukientubep.com\/site\/product\/ke-treo-quay-bar-gold-niran-nr0507\/#primaryimage"},"thumbnailUrl":"https:\/\/xuongphukientubep.com\/site\/wp-content\/uploads\/2019\/05\/ke-treo-ly-quay-bar-vang.jpg","datePublished":"2019-05-18T08:24:01+00:00","dateModified":"2022-06-16T10:51:48+00:00","description":"K\u1ec7 treo qu\u1ea7y bar Gold Niran NR0507 \u0111\u01b0\u1ee3c x\u01b0\u1edfng ph\u1ee5 ki\u1ec7n Niran thi\u1ebft k\u1ebf v\u00e0 s\u1ea3n xu\u1ea5t. H\u00e0ng Vi\u1ec7t Nam ch\u1ea5t l\u01b0\u1ee3ng cao c\u1ea5p, nh\u1eadn \u0111\u1eb7t h\u00e0ng theo y\u00eau c\u1ea7u kh\u00e1ch h\u00e0ng","breadcrumb":{"@id":"https:\/\/xuongphukientubep.com\/site\/product\/ke-treo-quay-bar-gold-niran-nr0507\/#breadcrumb"},"inLanguage":"vi","potentialAction":[{"@type":"ReadAction","target":["https:\/\/xuongphukientubep.com\/site\/product\/ke-treo-quay-bar-gold-niran-nr0507\/"]}]},{"@type":"ImageObject","inLanguage":"vi","@id":"https:\/\/xuongphukientubep.com\/site\/product\/ke-treo-quay-bar-gold-niran-nr0507\/#primaryimage","url":"https:\/\/xuongphukientubep.com\/site\/wp-content\/uploads\/2019\/05\/ke-treo-ly-quay-bar-vang.jpg","contentUrl":"https:\/\/xuongphukientubep.com\/site\/wp-content\/uploads\/2019\/05\/ke-treo-ly-quay-bar-vang.jpg","width":3024,"height":3024,"caption":"K\u1ec7 treo ly qu\u1ea7y bar xi v\u00e0ng"},{"@type":"BreadcrumbList","@id":"https:\/\/xuongphukientubep.com\/site\/product\/ke-treo-quay-bar-gold-niran-nr0507\/#breadcrumb","itemListElement":[{"@type":"ListItem","position":1,"name":"Trang ch\u1ee7","item":"https:\/\/xuongphukientubep.com\/site\/"},{"@type":"ListItem","position":2,"name":"C\u1eeda H\u00e0ng","item":"https:\/\/xuongphukientubep.com\/site\/shop\/"},{"@type":"ListItem","position":3,"name":"K\u1ec7 treo qu\u1ea7y bar Gold Niran NR0507"}]},{"@type":"WebSite","@id":"https:\/\/xuongphukientubep.com\/site\/#website","url":"https:\/\/xuongphukientubep.com\/site\/","name":"Niran","description":"X\u01b0\u1edfng chuy\u00ean s\u1ea3n xu\u1ea5t ph\u1ee5 ki\u1ec7n t\u1ee7 b\u1ebfp inox 304 cao c\u1ea5p","publisher":{"@id":"https:\/\/xuongphukientubep.com\/site\/#organization"},"potentialAction":[{"@type":"SearchAction","target":{"@type":"EntryPoint","urlTemplate":"https:\/\/xuongphukientubep.com\/site\/?s={search_term_string}"},"query-input":{"@type":"PropertyValueSpecification","valueRequired":true,"valueName":"search_term_string"}}],"inLanguage":"vi"},{"@type":"Organization","@id":"https:\/\/xuongphukientubep.com\/site\/#organization","name":"Niran","url":"https:\/\/xuongphukientubep.com\/site\/","logo":{"@type":"ImageObject","inLanguage":"vi","@id":"https:\/\/xuongphukientubep.com\/site\/#\/schema\/logo\/image\/","url":"https:\/\/xuongphukientubep.com\/site\/wp-content\/uploads\/2018\/09\/cropped-215-2.png","contentUrl":"https:\/\/xuongphukientubep.com\/site\/wp-content\/uploads\/2018\/09\/cropped-215-2.png","width":197,"height":108,"caption":"Niran"},"image":{"@id":"https:\/\/xuongphukientubep.com\/site\/#\/schema\/logo\/image\/"}}]}},"amp_enabled":true,"_links":{"self":[{"href":"https:\/\/xuongphukientubep.com\/site\/wp-json\/wp\/v2\/product\/1774"}],"collection":[{"href":"https:\/\/xuongphukientubep.com\/site\/wp-json\/wp\/v2\/product"}],"about":[{"href":"https:\/\/xuongphukientubep.com\/site\/wp-json\/wp\/v2\/types\/product"}],"replies":[{"embeddable":true,"href":"https:\/\/xuongphukientubep.com\/site\/wp-json\/wp\/v2\/comments?post=1774"}],"wp:featuredmedia":[{"embeddable":true,"href":"https:\/\/xuongphukientubep.com\/site\/wp-json\/wp\/v2\/media\/2030"}],"wp:attachment":[{"href":"https:\/\/xuongphukientubep.com\/site\/wp-json\/wp\/v2\/media?parent=1774"}],"curies":[{"name":"wp","href":"https:\/\/api.w.org\/{rel}","templated":true}]}}