{"id":2065,"date":"2019-08-20T11:27:07","date_gmt":"2019-08-20T04:27:07","guid":{"rendered":"https:\/\/xuongphukientubep.com\/site\/?post_type=product&#038;p=2065"},"modified":"2021-04-23T23:09:27","modified_gmt":"2021-04-23T16:09:27","slug":"gia-bat-co-dinh-chu-v-tu-tren-eu01-060-eurogold","status":"publish","type":"product","link":"https:\/\/xuongphukientubep.com\/site\/product\/gia-bat-co-dinh-chu-v-tu-tren-eu01-060-eurogold\/","title":{"rendered":"Gi\u00e1 b\u00e1t c\u1ed1 \u0111\u1ecbnh ch\u1eef V t\u1ee7 tr\u00ean EU01.060 \u2013 Eurogold"},"content":{"rendered":"<p><strong>Gi\u00e1 b\u00e1t c\u1ed1 \u0111\u1ecbnh ch\u1eef V t\u1ee7 tr\u00ean EU01.060 \u2013 Eurogold ch\u00ednh h\u00e3ng \u0111\u01b0\u1ee3c ph\u00e2n ph\u1ed1i tr\u00ean to\u00e0n qu\u1ed1c t\u1ea1i <\/strong><strong><span style=\"color: #0000ff;\">www.xuongphukientubep.com<\/span><\/strong><\/p>\n<figure id=\"attachment_2519\" aria-describedby=\"caption-attachment-2519\" style=\"width: 2124px\" class=\"wp-caption aligncenter\"><img loading=\"lazy\" decoding=\"async\" class=\" lazy size-full wp-image-2519\" src=\"data:image\/svg+xml,%3Csvg%20xmlns='http:\/\/www.w3.org\/2000\/svg'%20viewBox='0%200%202124%201317'%3E%3C\/svg%3E\" data-src=\"https:\/\/xuongphukientubep.com\/site\/wp-content\/uploads\/2019\/08\/Th\u00f4ng-s\u1ed1-Gi\u00e1-b\u00e1t-c\u1ed1-\u0111\u1ecbnh-ch\u1eef-V-t\u1ee7-tr\u00ean-EU01-Eurogold.jpg\" alt=\"Th\u00f4ng s\u1ed1 Gi\u00e1 b\u00e1t c\u1ed1 \u0111\u1ecbnh ch\u1eef V t\u1ee7 tr\u00ean EU01.060 Eurogold\" width=\"2124\" height=\"1317\" data-srcset=\"https:\/\/xuongphukientubep.com\/site\/wp-content\/uploads\/2019\/08\/Th\u00f4ng-s\u1ed1-Gi\u00e1-b\u00e1t-c\u1ed1-\u0111\u1ecbnh-ch\u1eef-V-t\u1ee7-tr\u00ean-EU01-Eurogold.jpg 2124w, https:\/\/xuongphukientubep.com\/site\/wp-content\/uploads\/2019\/08\/Th\u00f4ng-s\u1ed1-Gi\u00e1-b\u00e1t-c\u1ed1-\u0111\u1ecbnh-ch\u1eef-V-t\u1ee7-tr\u00ean-EU01-Eurogold-300x186.jpg 300w, https:\/\/xuongphukientubep.com\/site\/wp-content\/uploads\/2019\/08\/Th\u00f4ng-s\u1ed1-Gi\u00e1-b\u00e1t-c\u1ed1-\u0111\u1ecbnh-ch\u1eef-V-t\u1ee7-tr\u00ean-EU01-Eurogold-768x476.jpg 768w, https:\/\/xuongphukientubep.com\/site\/wp-content\/uploads\/2019\/08\/Th\u00f4ng-s\u1ed1-Gi\u00e1-b\u00e1t-c\u1ed1-\u0111\u1ecbnh-ch\u1eef-V-t\u1ee7-tr\u00ean-EU01-Eurogold-1024x635.jpg 1024w, https:\/\/xuongphukientubep.com\/site\/wp-content\/uploads\/2019\/08\/Th\u00f4ng-s\u1ed1-Gi\u00e1-b\u00e1t-c\u1ed1-\u0111\u1ecbnh-ch\u1eef-V-t\u1ee7-tr\u00ean-EU01-Eurogold-600x372.jpg 600w\" sizes=\"(max-width: 2124px) 100vw, 2124px\" \/><figcaption id=\"caption-attachment-2519\" class=\"wp-caption-text\">Th\u00f4ng s\u1ed1 Gi\u00e1 b\u00e1t c\u1ed1 \u0111\u1ecbnh ch\u1eef V t\u1ee7 tr\u00ean EU01.060 Eurogold<\/figcaption><\/figure>\n<p>Xem th\u00eam &gt;&gt;&gt; <a href=\"https:\/\/xuongphukientubep.com\/site\/product-category\/phu-kien-tu-bep-niran-inox-304\/ke-chen-dia-am-tu-tren-niran-inox-304\/\">K\u1ec7 ch\u00e9n d\u0129a \u00e2m t\u1ee7 tr\u00ean inox 304 Niran<\/a><\/p>\n<p><span style=\"vertical-align: inherit;\">B\u1ea1n \u0111\u00e3 s\u1edf h\u1eefu hay \u0111ang l\u00ean \u00fd t\u01b0\u1edfng ho\u00e0n thi\u1ec7n cho t\u1ee7 b\u1ebfp c\u1ee7a b\u1ea1n?<\/span><br \/>\n<span style=\"vertical-align: inherit;\">B\u1ea1n \u0111ang b\u0103n kho\u0103n v\u1ec1 vi\u1ec7c mua ph\u1ee5 ki\u1ec7n t\u1ee7 b\u1ebfp tr\u01b0\u1edbc hay sau khi ho\u00e0n thi\u1ec7n t\u1ee7 b\u1ebfp?<\/span><br \/>\n<span style=\"vertical-align: inherit;\">S\u1ee3 r\u1eb1ng mua ph\u1ee5 ki\u1ec7n tr\u01b0\u1edbc th\u00ec ph\u1ea3i theo k\u00edch th\u01b0\u1edbc c\u00f3 s\u1eb5n kh\u00f4ng h\u1ee3p v\u1edbi thi\u1ebft k\u1ebf v\u1edbi nhu c\u1ea7u ,c\u00f2n mua sau th\u00ec s\u1ee3 l\u1eafp kh\u00f4ng v\u1eeba.<\/span><br \/>\n<span style=\"vertical-align: inherit;\">C\u00f3 <\/span><span style=\"vertical-align: inherit;\">X\u01af\u1edeNG PH\u1ee4 KI\u1ec6N T\u1ee6 B\u1ebeP<\/span><span style=\"vertical-align: inherit;\"> \u0111\u00e2y r\u1ed3i , kh\u00f4ng c\u1ea7n lo n\u1eefa nh\u00e9 , c\u1ee9 tho\u1ea3i m\u00e1i x\u00e2y d\u1ef1ng t\u1ee7 b\u1ebfp theo \u00fd th\u00edch c\u1ee7a gia \u0111\u00ecnh b\u1ea1n.C\u00f2n vi\u1ec7c g\u1eafn ph\u1ee5 ki\u1ec7n t\u1ee7 b\u1ebfp X\u01af\u1edeNG em s\u1ebd lo t\u1ea5t \u1ea1.<\/span><\/p>\n<p>\u2705K\u00edch th\u01b0\u1edbc ph\u1ee5 ki\u1ec7n s\u1ebd \u0111\u01b0\u1ee3c thi\u1ebft k\u1ebf, \u0111o \u0111\u1ea1c theo t\u1eebng milimet t\u1ee7 b\u1ebfp c\u1ee7a kh\u00e1ch h\u00e0ng.<br \/>\n\u2705\u0110\u1eb7c bi\u1ec7t x\u01b0\u1edfng s\u1ebd thi\u1ebft k\u1ebf theo nhu c\u1ea7u ri\u00eang c\u1ee7a m\u1ed7i kh\u00e1ch h\u00e0ng.<br \/>\n\u2705M\u1eabu m\u00e3 th\u1ea9m m\u1ef9 t\u01b0\u01a1ng th\u00edch v\u1edbi t\u1ee7 b\u1ebfp c\u00f3 s\u1eb5n, k\u00edch th\u01b0\u1edbc th\u00ec v\u1eeba kh\u00edt.<br \/>\n\u2705X\u01b0\u1edfng ch\u1ec9 s\u1eed d\u1ee5ng duy nh\u1ea5t ch\u1ea5t li\u1ec7u inox 304 \u0111\u1ec3 l\u00e0m n\u00ean s\u1ea3n ph\u1ea9m c\u00f3 \u0111\u1ed9 b\u1ec1n cao nh\u1ea5t.<br \/>\n\u2705Lu\u00f4n c\u1eadp nh\u1eadt m\u1eabu m\u00e3 m\u1edbi \u0111\u1ebfn v\u1edbi kh\u00e1ch h\u00e0ng<br \/>\n\u2705S\u1ea3n ph\u1ea9m b\u1ea3o h\u00e0nh tr\u1ecdn \u0111\u1eddi<\/p>\n<p>Li\u00ean h\u1ec7 t\u01b0 v\u1ea5n mi\u1ec5n ph\u00ed \u0110T\/Zalo : 0933103313<br \/>\nShowroom: 4\/40 L\u01b0u Ch\u00ed Hi\u1ebfu, Ph\u01b0\u1eddng T\u00e2y Th\u1ea1nh, Qu\u1eadn T\u00e2n Ph\u00fa, TP.HCM<\/p>\n<p>X\u01b0\u1edbng SX: 61\/2 Qu\u1ed1c L\u1ed9 1A, Ti\u1ec1n L\u00e2n 15, B\u00e0 \u0110i\u1ec3m, Hooc M\u00f4n,TP.HCM<\/p>\n<p><span style=\"vertical-align: inherit;\">Xem th\u00eam &gt;&gt;&gt; <a href=\"https:\/\/xuongphukientubep.com\/site\/category\/hinh-anh-thi-cong-thuc-te-phu-kien-tu-bep\/\">H\u00ecnh \u1ea3nh thi c\u00f4ng th\u1ef1c t\u1ebf ph\u1ee5 ki\u1ec7n t\u1ee7 b\u1ebfp Niran <\/a><\/span><\/p>\n<p><a href=\"https:\/\/www.facebook.com\/xuongphukientubep\/\"><span style=\"vertical-align: inherit;\">https:\/\/www.facebook.com\/xuongphukientubep\/<\/span><\/a><\/p>\n","protected":false},"excerpt":{"rendered":"<p><strong>Nh\u00e3n hi\u1ec7u <\/strong>: <span style=\"color: #ffcc00;\"><strong>EUROGOLD<\/strong><\/span><br \/>\n<strong>Xu\u1ea5t x\u1ee9<\/strong>: <strong>China<\/strong><br \/>\n<strong>M\u00e3 SP: EU01.060, EU01.070, EU01.080, EU01.090, EU01.0100, EP160, EP170, EP180, EP190, EP1100<\/strong><br \/>\n<strong>Ch\u1ea5t li\u1ec7u: <span style=\"color: #0000ff;\">inox m\u1edd\u00a0<\/span><\/strong><br \/>\n<strong>B\u1ea3o h\u00e0nh : 12 th\u00e1ng<\/strong><\/p>\n<p>X\u01af\u1edeNG CHUY\u00caN S\u1ea2N XU\u1ea4T PH\u1ee4 KI\u1ec6N T\u1ee6 B\u1ebeP THEO S\u1ed0 \u0110O T\u1ee6 B\u1ebeP C\u1ee6A QU\u00dd KH\u00c1CH &#8211; 0933103313<\/p>\n<p>Mi\u1ec5n ph\u00ed t\u01b0 v\u1ea5n ,l\u1eafp \u0111\u1eb7t v\u00e0 b\u1ea3o h\u00e0nh s\u1ea3n ph\u1ea9m tr\u1ecdn \u0111\u1eddi<\/p>\n<p><span class=\"_5mfr _47e3\"><span class=\"_7oe\">\u00a0Mi\u1ec5n ph\u00ed giao h\u00e0ng n\u1ed9i th\u00e0nh TP. H\u1ed3 Ch\u00ed Minh v\u1edbi \u0111\u01a1n h\u00e0ng &gt;1.000.000\u0111 v\u00e0 free ship c\u00e1c t\u1ec9nh v\u1edbi \u0111\u01a1n h\u00e0ng &gt;5.000.000\u0111<\/span><\/span><\/p>\n","protected":false},"featured_media":2521,"comment_status":"open","ping_status":"closed","template":"","meta":{"_exactmetrics_skip_tracking":false,"_exactmetrics_sitenote_active":false,"_exactmetrics_sitenote_note":"","_exactmetrics_sitenote_category":0},"yoast_head":"<!-- This site is optimized with the Yoast SEO plugin v24.5 - https:\/\/yoast.com\/wordpress\/plugins\/seo\/ -->\n<title>Gi\u00e1 b\u00e1t c\u1ed1 \u0111\u1ecbnh ch\u1eef V t\u1ee7 tr\u00ean EU01.060 \u2013 Eurogold - \u0110T\/Zalo: 0933103313<\/title>\n<meta name=\"description\" content=\"Gi\u00e1 b\u00e1t c\u1ed1 \u0111\u1ecbnh ch\u1eef V t\u1ee7 tr\u00ean EU01.060 \u2013 Eurogold \u0111\u01b0\u1ee3c ph\u00e2n ph\u1ed1i ch\u00ednh h\u00e3ng t\u1ea1i Xuongphukientubep.com \u2705 Free ship tr\u00ean to\u00e0n qu\u1ed1c \u2705 Mi\u1ec5n ph\u00ed t\u01b0 v\u1ea5n 24\/7\" \/>\n<meta name=\"robots\" content=\"index, follow, max-snippet:-1, max-image-preview:large, max-video-preview:-1\" \/>\n<link rel=\"canonical\" href=\"https:\/\/xuongphukientubep.com\/site\/product\/gia-bat-co-dinh-chu-v-tu-tren-eu01-060-eurogold\/\" \/>\n<meta property=\"og:locale\" content=\"vi_VN\" \/>\n<meta property=\"og:type\" content=\"article\" \/>\n<meta property=\"og:title\" content=\"Gi\u00e1 b\u00e1t c\u1ed1 \u0111\u1ecbnh ch\u1eef V t\u1ee7 tr\u00ean EU01.060 \u2013 Eurogold - \u0110T\/Zalo: 0933103313\" \/>\n<meta property=\"og:description\" content=\"Gi\u00e1 b\u00e1t c\u1ed1 \u0111\u1ecbnh ch\u1eef V t\u1ee7 tr\u00ean EU01.060 \u2013 Eurogold \u0111\u01b0\u1ee3c ph\u00e2n ph\u1ed1i ch\u00ednh h\u00e3ng t\u1ea1i Xuongphukientubep.com \u2705 Free ship tr\u00ean to\u00e0n qu\u1ed1c \u2705 Mi\u1ec5n ph\u00ed t\u01b0 v\u1ea5n 24\/7\" \/>\n<meta property=\"og:url\" content=\"https:\/\/xuongphukientubep.com\/site\/product\/gia-bat-co-dinh-chu-v-tu-tren-eu01-060-eurogold\/\" \/>\n<meta property=\"og:site_name\" content=\"Niran\" \/>\n<meta property=\"article:modified_time\" content=\"2021-04-23T16:09:27+00:00\" \/>\n<meta property=\"og:image\" content=\"https:\/\/xuongphukientubep.com\/site\/wp-content\/uploads\/2019\/08\/Gi\u00e1-b\u00e1t-c\u1ed1-\u0111\u1ecbnh-ch\u1eef-V-t\u1ee7-tr\u00ean-EU01.jpg\" \/>\n\t<meta property=\"og:image:width\" content=\"3024\" \/>\n\t<meta property=\"og:image:height\" content=\"3024\" \/>\n\t<meta property=\"og:image:type\" content=\"image\/jpeg\" \/>\n<meta name=\"twitter:card\" content=\"summary_large_image\" \/>\n<meta name=\"twitter:label1\" content=\"\u01af\u1edbc t\u00ednh th\u1eddi gian \u0111\u1ecdc\" \/>\n\t<meta name=\"twitter:data1\" content=\"2 ph\u00fat\" \/>\n<!-- \/ Yoast SEO plugin. -->","yoast_head_json":{"title":"Gi\u00e1 b\u00e1t c\u1ed1 \u0111\u1ecbnh ch\u1eef V t\u1ee7 tr\u00ean EU01.060 \u2013 Eurogold - \u0110T\/Zalo: 0933103313","description":"Gi\u00e1 b\u00e1t c\u1ed1 \u0111\u1ecbnh ch\u1eef V t\u1ee7 tr\u00ean EU01.060 \u2013 Eurogold \u0111\u01b0\u1ee3c ph\u00e2n ph\u1ed1i ch\u00ednh h\u00e3ng t\u1ea1i Xuongphukientubep.com \u2705 Free ship tr\u00ean to\u00e0n qu\u1ed1c \u2705 Mi\u1ec5n ph\u00ed t\u01b0 v\u1ea5n 24\/7","robots":{"index":"index","follow":"follow","max-snippet":"max-snippet:-1","max-image-preview":"max-image-preview:large","max-video-preview":"max-video-preview:-1"},"canonical":"https:\/\/xuongphukientubep.com\/site\/product\/gia-bat-co-dinh-chu-v-tu-tren-eu01-060-eurogold\/","og_locale":"vi_VN","og_type":"article","og_title":"Gi\u00e1 b\u00e1t c\u1ed1 \u0111\u1ecbnh ch\u1eef V t\u1ee7 tr\u00ean EU01.060 \u2013 Eurogold - \u0110T\/Zalo: 0933103313","og_description":"Gi\u00e1 b\u00e1t c\u1ed1 \u0111\u1ecbnh ch\u1eef V t\u1ee7 tr\u00ean EU01.060 \u2013 Eurogold \u0111\u01b0\u1ee3c ph\u00e2n ph\u1ed1i ch\u00ednh h\u00e3ng t\u1ea1i Xuongphukientubep.com \u2705 Free ship tr\u00ean to\u00e0n qu\u1ed1c \u2705 Mi\u1ec5n ph\u00ed t\u01b0 v\u1ea5n 24\/7","og_url":"https:\/\/xuongphukientubep.com\/site\/product\/gia-bat-co-dinh-chu-v-tu-tren-eu01-060-eurogold\/","og_site_name":"Niran","article_modified_time":"2021-04-23T16:09:27+00:00","og_image":[{"width":3024,"height":3024,"url":"https:\/\/xuongphukientubep.com\/site\/wp-content\/uploads\/2019\/08\/Gi\u00e1-b\u00e1t-c\u1ed1-\u0111\u1ecbnh-ch\u1eef-V-t\u1ee7-tr\u00ean-EU01.jpg","type":"image\/jpeg"}],"twitter_card":"summary_large_image","twitter_misc":{"\u01af\u1edbc t\u00ednh th\u1eddi gian \u0111\u1ecdc":"2 ph\u00fat"},"schema":{"@context":"https:\/\/schema.org","@graph":[{"@type":"WebPage","@id":"https:\/\/xuongphukientubep.com\/site\/product\/gia-bat-co-dinh-chu-v-tu-tren-eu01-060-eurogold\/","url":"https:\/\/xuongphukientubep.com\/site\/product\/gia-bat-co-dinh-chu-v-tu-tren-eu01-060-eurogold\/","name":"Gi\u00e1 b\u00e1t c\u1ed1 \u0111\u1ecbnh ch\u1eef V t\u1ee7 tr\u00ean EU01.060 \u2013 Eurogold - \u0110T\/Zalo: 0933103313","isPartOf":{"@id":"https:\/\/xuongphukientubep.com\/site\/#website"},"primaryImageOfPage":{"@id":"https:\/\/xuongphukientubep.com\/site\/product\/gia-bat-co-dinh-chu-v-tu-tren-eu01-060-eurogold\/#primaryimage"},"image":{"@id":"https:\/\/xuongphukientubep.com\/site\/product\/gia-bat-co-dinh-chu-v-tu-tren-eu01-060-eurogold\/#primaryimage"},"thumbnailUrl":"https:\/\/xuongphukientubep.com\/site\/wp-content\/uploads\/2019\/08\/Gi\u00e1-b\u00e1t-c\u1ed1-\u0111\u1ecbnh-ch\u1eef-V-t\u1ee7-tr\u00ean-EU01.jpg","datePublished":"2019-08-20T04:27:07+00:00","dateModified":"2021-04-23T16:09:27+00:00","description":"Gi\u00e1 b\u00e1t c\u1ed1 \u0111\u1ecbnh ch\u1eef V t\u1ee7 tr\u00ean EU01.060 \u2013 Eurogold \u0111\u01b0\u1ee3c ph\u00e2n ph\u1ed1i ch\u00ednh h\u00e3ng t\u1ea1i Xuongphukientubep.com \u2705 Free ship tr\u00ean to\u00e0n qu\u1ed1c \u2705 Mi\u1ec5n ph\u00ed t\u01b0 v\u1ea5n 24\/7","breadcrumb":{"@id":"https:\/\/xuongphukientubep.com\/site\/product\/gia-bat-co-dinh-chu-v-tu-tren-eu01-060-eurogold\/#breadcrumb"},"inLanguage":"vi","potentialAction":[{"@type":"ReadAction","target":["https:\/\/xuongphukientubep.com\/site\/product\/gia-bat-co-dinh-chu-v-tu-tren-eu01-060-eurogold\/"]}]},{"@type":"ImageObject","inLanguage":"vi","@id":"https:\/\/xuongphukientubep.com\/site\/product\/gia-bat-co-dinh-chu-v-tu-tren-eu01-060-eurogold\/#primaryimage","url":"https:\/\/xuongphukientubep.com\/site\/wp-content\/uploads\/2019\/08\/Gi\u00e1-b\u00e1t-c\u1ed1-\u0111\u1ecbnh-ch\u1eef-V-t\u1ee7-tr\u00ean-EU01.jpg","contentUrl":"https:\/\/xuongphukientubep.com\/site\/wp-content\/uploads\/2019\/08\/Gi\u00e1-b\u00e1t-c\u1ed1-\u0111\u1ecbnh-ch\u1eef-V-t\u1ee7-tr\u00ean-EU01.jpg","width":3024,"height":3024,"caption":"Gi\u00e1 b\u00e1t c\u1ed1 \u0111\u1ecbnh ch\u1eef V t\u1ee7 tr\u00ean EU01060 Eurogold"},{"@type":"BreadcrumbList","@id":"https:\/\/xuongphukientubep.com\/site\/product\/gia-bat-co-dinh-chu-v-tu-tren-eu01-060-eurogold\/#breadcrumb","itemListElement":[{"@type":"ListItem","position":1,"name":"Trang ch\u1ee7","item":"https:\/\/xuongphukientubep.com\/site\/"},{"@type":"ListItem","position":2,"name":"C\u1eeda H\u00e0ng","item":"https:\/\/xuongphukientubep.com\/site\/shop\/"},{"@type":"ListItem","position":3,"name":"Gi\u00e1 b\u00e1t c\u1ed1 \u0111\u1ecbnh ch\u1eef V t\u1ee7 tr\u00ean EU01.060 \u2013 Eurogold"}]},{"@type":"WebSite","@id":"https:\/\/xuongphukientubep.com\/site\/#website","url":"https:\/\/xuongphukientubep.com\/site\/","name":"Niran","description":"X\u01b0\u1edfng chuy\u00ean s\u1ea3n xu\u1ea5t ph\u1ee5 ki\u1ec7n t\u1ee7 b\u1ebfp inox 304 cao c\u1ea5p","publisher":{"@id":"https:\/\/xuongphukientubep.com\/site\/#organization"},"potentialAction":[{"@type":"SearchAction","target":{"@type":"EntryPoint","urlTemplate":"https:\/\/xuongphukientubep.com\/site\/?s={search_term_string}"},"query-input":{"@type":"PropertyValueSpecification","valueRequired":true,"valueName":"search_term_string"}}],"inLanguage":"vi"},{"@type":"Organization","@id":"https:\/\/xuongphukientubep.com\/site\/#organization","name":"Niran","url":"https:\/\/xuongphukientubep.com\/site\/","logo":{"@type":"ImageObject","inLanguage":"vi","@id":"https:\/\/xuongphukientubep.com\/site\/#\/schema\/logo\/image\/","url":"https:\/\/xuongphukientubep.com\/site\/wp-content\/uploads\/2018\/09\/cropped-215-2.png","contentUrl":"https:\/\/xuongphukientubep.com\/site\/wp-content\/uploads\/2018\/09\/cropped-215-2.png","width":197,"height":108,"caption":"Niran"},"image":{"@id":"https:\/\/xuongphukientubep.com\/site\/#\/schema\/logo\/image\/"}}]}},"amp_enabled":true,"_links":{"self":[{"href":"https:\/\/xuongphukientubep.com\/site\/wp-json\/wp\/v2\/product\/2065"}],"collection":[{"href":"https:\/\/xuongphukientubep.com\/site\/wp-json\/wp\/v2\/product"}],"about":[{"href":"https:\/\/xuongphukientubep.com\/site\/wp-json\/wp\/v2\/types\/product"}],"replies":[{"embeddable":true,"href":"https:\/\/xuongphukientubep.com\/site\/wp-json\/wp\/v2\/comments?post=2065"}],"wp:featuredmedia":[{"embeddable":true,"href":"https:\/\/xuongphukientubep.com\/site\/wp-json\/wp\/v2\/media\/2521"}],"wp:attachment":[{"href":"https:\/\/xuongphukientubep.com\/site\/wp-json\/wp\/v2\/media?parent=2065"}],"curies":[{"name":"wp","href":"https:\/\/api.w.org\/{rel}","templated":true}]}}