{"id":2710,"date":"2019-11-06T12:00:17","date_gmt":"2019-11-06T05:00:17","guid":{"rendered":"https:\/\/xuongphukientubep.com\/site\/?post_type=product&#038;p=2710"},"modified":"2024-04-25T21:27:06","modified_gmt":"2024-04-25T14:27:06","slug":"ke-up-chen-inox-304-2-tang-vang-gold-nr0612","status":"publish","type":"product","link":"https:\/\/xuongphukientubep.com\/site\/product\/ke-up-chen-inox-304-2-tang-vang-gold-nr0612\/","title":{"rendered":"K\u1ec7 \u00fap ch\u00e9n inox 304 2 t\u1ea7ng v\u00e0ng Gold NR0612"},"content":{"rendered":"<p><em><strong>K\u1ec7 \u00fap ch\u00e9n inox 304 2 t\u1ea7ng v\u00e0ng Gold NR0612 <\/strong><\/em>\u0111\u01b0\u1ee3c X\u01b0\u1edfng s\u1ea3n xu\u1ea5t ra tinh t\u1ebf t\u1eeb ki\u1ec3u d\u00e1ng, t\u00ednh \u1ee9ng d\u1ee5ng cao, ch\u1ea5t l\u01b0\u1ee3ng b\u1ec1n b\u1ec9 , \u0111\u1ed9 tinh x\u1ea3o ho\u00e0n h\u1ea3o. NIRAN t\u1ef1 tin r\u1eb1ng, s\u1ea3n ph\u1ea9m c\u1ee7a X\u01af\u1edeNG l\u00e0 \u0111\u1ed9c quy\u1ec1n v\u00e0 kh\u00f4ng b\u1ecb nh\u1ea7m l\u1eabn v\u1edbi b\u1ea5t k\u00ec m\u1ed9t s\u1ea3n ph\u1ea9m n\u00e0o kh\u00e1c. V\u1edbi ch\u1ea5t li\u1ec7u inox 304 d\u00e0y \u0111\u01b0\u1ee3c x\u1eed l\u00fd t\u1ec9 m\u1ec9 t\u1eebng chi ti\u1ebft, sau \u0111\u00f3 kho\u00e1c l\u00ean b\u00ean ngo\u00e0i l\u1edbp m\u1ea1 v\u00e0ng PVD \u00f3ng \u00e1nh, l\u00e0m t\u0103ng th\u00eam v\u1ebb \u0111\u1eb9p sang tr\u1ecdng cho c\u0103n b\u1ebfp c\u1ee7a b\u1ea1n.<\/p>\n<p>Hi\u1ec7n nay xu th\u1ebf mua chung c\u01b0 t\u1ea7m trung v\u00e0 cao c\u1ea5p \u0111ang r\u1ea5t th\u1ecbnh h\u00e0nh v\u00e0 l\u00e0 s\u1ef1 l\u1ef1a ch\u1ecdn h\u00e0ng \u0111\u1ea7u cho cu\u1ed9c s\u1ed1ng hi\u1ec7n \u0111\u1ea1i. Nh\u01b0ng th\u01b0\u1eddng kh\u00e1ch h\u00e0ng nh\u1eadn c\u0103n h\u1ed9 l\u1ea1i kh\u00f4ng \u0111\u01b0\u1ee3c bao g\u1ed3m ph\u1ee5 ki\u1ec7n cho t\u1ee7 b\u1ebfp.Ph\u1ee5 ki\u1ec7n t\u1ee7 b\u1ebfp c\u00f3 r\u1ea5t nhi\u1ec1u lo\u1ea1i, ph\u1ed5 bi\u1ebfn nh\u1ea5t v\u1eabn l\u00e0 ch\u1ea5t li\u1ec7u inox ,m\u1eabu m\u00e3 \u0111a d\u1ea1ng nh\u01b0ng \u0111\u1ec3 ph\u00f9 h\u1ee3p v\u00e0 x\u1ee9ng t\u1ea7m v\u1edbi s\u1ef1 hi\u1ec7n \u0111\u1ea1i , sang tr\u1ecdng v\u1ed1n c\u00f3 c\u1ee7a c\u00e1c c\u0103n h\u1ed9 cao c\u1ea5p th\u00ec s\u1ea3n ph\u1ea9m c\u1ee7a <strong>NIRAN<\/strong> \u0111\u00e1p \u1ee9ng \u0111\u1ee7 c\u00e1c \u0111i\u1ec1u ki\u1ec7n \u0111\u00f3 s\u1ea3n ph\u1ea9m th\u1ec3 hi\u1ec7n \u0111\u1eb3ng c\u1ea5p c\u1ee7a gia ch\u1ee7<\/p>\n<p><img loading=\"lazy\" decoding=\"async\" class=\" lazy size-full wp-image-2712\" src=\"data:image\/svg+xml,%3Csvg%20xmlns='http:\/\/www.w3.org\/2000\/svg'%20viewBox='0%200%203024%203024'%3E%3C\/svg%3E\" data-src=\"https:\/\/xuongphukientubep.com\/site\/wp-content\/uploads\/2019\/11\/k\u1ec7-\u00fap-ch\u00e9n-inox-304-2-t\u1ea7ng-v\u00e0ng-gold.jpg\" alt=\"k\u1ec7 \u00fap ch\u00e9n inox 304 2 t\u1ea7ng v\u00e0ng gold\" width=\"3024\" height=\"3024\" data-srcset=\"https:\/\/xuongphukientubep.com\/site\/wp-content\/uploads\/2019\/11\/k\u1ec7-\u00fap-ch\u00e9n-inox-304-2-t\u1ea7ng-v\u00e0ng-gold.jpg 3024w, https:\/\/xuongphukientubep.com\/site\/wp-content\/uploads\/2019\/11\/k\u1ec7-\u00fap-ch\u00e9n-inox-304-2-t\u1ea7ng-v\u00e0ng-gold-150x150.jpg 150w, https:\/\/xuongphukientubep.com\/site\/wp-content\/uploads\/2019\/11\/k\u1ec7-\u00fap-ch\u00e9n-inox-304-2-t\u1ea7ng-v\u00e0ng-gold-300x300.jpg 300w, https:\/\/xuongphukientubep.com\/site\/wp-content\/uploads\/2019\/11\/k\u1ec7-\u00fap-ch\u00e9n-inox-304-2-t\u1ea7ng-v\u00e0ng-gold-768x768.jpg 768w, https:\/\/xuongphukientubep.com\/site\/wp-content\/uploads\/2019\/11\/k\u1ec7-\u00fap-ch\u00e9n-inox-304-2-t\u1ea7ng-v\u00e0ng-gold-1024x1024.jpg 1024w, https:\/\/xuongphukientubep.com\/site\/wp-content\/uploads\/2019\/11\/k\u1ec7-\u00fap-ch\u00e9n-inox-304-2-t\u1ea7ng-v\u00e0ng-gold-75x75.jpg 75w, https:\/\/xuongphukientubep.com\/site\/wp-content\/uploads\/2019\/11\/k\u1ec7-\u00fap-ch\u00e9n-inox-304-2-t\u1ea7ng-v\u00e0ng-gold-444x444.jpg 444w, https:\/\/xuongphukientubep.com\/site\/wp-content\/uploads\/2019\/11\/k\u1ec7-\u00fap-ch\u00e9n-inox-304-2-t\u1ea7ng-v\u00e0ng-gold-600x600.jpg 600w, https:\/\/xuongphukientubep.com\/site\/wp-content\/uploads\/2019\/11\/k\u1ec7-\u00fap-ch\u00e9n-inox-304-2-t\u1ea7ng-v\u00e0ng-gold-100x100.jpg 100w\" sizes=\"(max-width: 3024px) 100vw, 3024px\" \/><\/p>\n<figure id=\"attachment_4219\" aria-describedby=\"caption-attachment-4219\" style=\"width: 1331px\" class=\"wp-caption alignnone\"><img loading=\"lazy\" decoding=\"async\" class=\" lazy wp-image-4219 size-full\" src=\"data:image\/svg+xml,%3Csvg%20xmlns='http:\/\/www.w3.org\/2000\/svg'%20viewBox='0%200%201331%20371'%3E%3C\/svg%3E\" data-src=\"http:\/\/xuongphukientubep.com\/site\/wp-content\/uploads\/2019\/11\/Bang-gia-thong-so-ky-thuat-ke-chen-2-tang-inox-304-gold-niran-nr0612.png\" alt=\"B\u1ea3ng gi\u00e1 k\u1ec7 \u00fap ch\u00e9n inox 304 2 t\u1ea7ng v\u00e0ng gold NR0612\" width=\"1331\" height=\"371\" data-srcset=\"https:\/\/xuongphukientubep.com\/site\/wp-content\/uploads\/2019\/11\/Bang-gia-thong-so-ky-thuat-ke-chen-2-tang-inox-304-gold-niran-nr0612.png 1331w, https:\/\/xuongphukientubep.com\/site\/wp-content\/uploads\/2019\/11\/Bang-gia-thong-so-ky-thuat-ke-chen-2-tang-inox-304-gold-niran-nr0612-300x84.png 300w, https:\/\/xuongphukientubep.com\/site\/wp-content\/uploads\/2019\/11\/Bang-gia-thong-so-ky-thuat-ke-chen-2-tang-inox-304-gold-niran-nr0612-768x214.png 768w, https:\/\/xuongphukientubep.com\/site\/wp-content\/uploads\/2019\/11\/Bang-gia-thong-so-ky-thuat-ke-chen-2-tang-inox-304-gold-niran-nr0612-1024x285.png 1024w, https:\/\/xuongphukientubep.com\/site\/wp-content\/uploads\/2019\/11\/Bang-gia-thong-so-ky-thuat-ke-chen-2-tang-inox-304-gold-niran-nr0612-600x167.png 600w\" sizes=\"(max-width: 1331px) 100vw, 1331px\" \/><figcaption id=\"caption-attachment-4219\" class=\"wp-caption-text\">B\u1ea3ng gi\u00e1 k\u1ec7 \u00fap ch\u00e9n inox 304 2 t\u1ea7ng v\u00e0ng gold NR0612<\/figcaption><\/figure>\n<h3>T\u01b0 v\u1ea5n &#8211; Thi\u1ebft k\u1ebf &#8211; L\u1eafp \u0111\u1eb7t <em><strong>K\u1ec7 \u00fap ch\u00e9n inox 304 2 t\u1ea7ng v\u00e0ng Gold NR0612<\/strong><\/em> theo k\u00edch th\u01b0\u1edbc kh\u00e1ch h\u00e0ng<\/h3>\n<p><div class=\"yt-video-place embed-responsive embed-responsive-4by3\" data-yt-url=\"https:\/\/www.youtube.com\/embed\/Cr0atg9UD9I?rel=0&showinfo=0\"><img src=\"data:image\/svg+xml,%3Csvg%20xmlns='http:\/\/www.w3.org\/2000\/svg'%20viewBox='0%200%20870%20489'%3E%3C\/svg%3E\" data-src=\"https:\/\/i.ytimg.com\/vi\/Cr0atg9UD9I\/maxresdefault.jpg\" async class=\" lazy play-yt-video\"><a class=\"start-video\"><img width=\"64\" src=\"data:image\/svg+xml,%3Csvg%20xmlns='http:\/\/www.w3.org\/2000\/svg'%20viewBox='0%200%2064%2064'%3E%3C\/svg%3E\" data-src=\"https:\/\/xuongphukientubep.com\/site\/wp-content\/plugins\/wp2speed\/lib\/asset\/play-btn.png\" class=\" lazy \" ><\/a><\/div><\/p>\n<p>Xem th\u00eam c\u00e1c s\u1ea3n ph\u1ea9m kh\u00e1c:<\/p>\n<p class=\"products-title\"><a href=\"https:\/\/xuongphukientubep.com\/site\/product\/ke-up-chen-dia-2-tang-inox-304-niran-nr0609\/\">K\u1ec7 \u00fap ch\u00e9n d\u0129a 2 t\u1ea7ng inox 304 Niran NR0609<\/a><\/p>\n<p class=\"products-title\"><a href=\"https:\/\/xuongphukientubep.com\/site\/product\/ke-chen-dia-inox-304-2-tang-niran-nr0116\/\">K\u1ec7 ch\u00e9n d\u0129a inox 304 2 t\u1ea7ng Niran NR0116<\/a><\/p>\n<p class=\"products-title\"><a href=\"https:\/\/xuongphukientubep.com\/site\/product\/ke-chen-dia-1-tang-gold-niran-nr0112\/\">K\u1ec7 ch\u00e9n d\u0129a 1 t\u1ea7ng Gold Niran NR0112<\/a><\/p>\n<p><span style=\"vertical-align: inherit;\">B\u1ea1n \u0111\u00e3 s\u1edf h\u1eefu hay \u0111ang l\u00ean \u00fd t\u01b0\u1edfng ho\u00e0n thi\u1ec7n cho t\u1ee7 b\u1ebfp c\u1ee7a b\u1ea1n?<\/span><br \/>\n<span style=\"vertical-align: inherit;\">B\u1ea1n \u0111ang b\u0103n kho\u0103n v\u1ec1 vi\u1ec7c mua ph\u1ee5 ki\u1ec7n t\u1ee7 b\u1ebfp tr\u01b0\u1edbc hay sau khi ho\u00e0n thi\u1ec7n t\u1ee7 b\u1ebfp?<\/span><br \/>\n<span style=\"vertical-align: inherit;\">S\u1ee3 r\u1eb1ng mua ph\u1ee5 ki\u1ec7n tr\u01b0\u1edbc th\u00ec ph\u1ea3i theo k\u00edch th\u01b0\u1edbc c\u00f3 s\u1eb5n kh\u00f4ng h\u1ee3p v\u1edbi thi\u1ebft k\u1ebf v\u1edbi nhu c\u1ea7u ,c\u00f2n mua sau th\u00ec s\u1ee3 l\u1eafp kh\u00f4ng v\u1eeba.<\/span><br \/>\n<span style=\"vertical-align: inherit;\">C\u00f3 <\/span><span style=\"vertical-align: inherit;\">X\u01af\u1edeNG PH\u1ee4 KI\u1ec6N T\u1ee6 B\u1ebeP<\/span><span style=\"vertical-align: inherit;\"> \u0111\u00e2y r\u1ed3i , kh\u00f4ng c\u1ea7n lo n\u1eefa nh\u00e9 , c\u1ee9 tho\u1ea3i m\u00e1i x\u00e2y d\u1ef1ng t\u1ee7 b\u1ebfp theo \u00fd th\u00edch c\u1ee7a gia \u0111\u00ecnh b\u1ea1n.C\u00f2n vi\u1ec7c g\u1eafn ph\u1ee5 ki\u1ec7n t\u1ee7 b\u1ebfp X\u01af\u1edeNG em s\u1ebd lo t\u1ea5t \u1ea1.<\/span><\/p>\n<p>\u2705K\u00edch th\u01b0\u1edbc ph\u1ee5 ki\u1ec7n s\u1ebd \u0111\u01b0\u1ee3c thi\u1ebft k\u1ebf, \u0111o \u0111\u1ea1c theo t\u1eebng milimet t\u1ee7 b\u1ebfp c\u1ee7a kh\u00e1ch h\u00e0ng.<br \/>\n\u2705\u0110\u1eb7c bi\u1ec7t x\u01b0\u1edfng s\u1ebd thi\u1ebft k\u1ebf theo nhu c\u1ea7u ri\u00eang c\u1ee7a m\u1ed7i kh\u00e1ch h\u00e0ng.<br \/>\n\u2705M\u1eabu m\u00e3 th\u1ea9m m\u1ef9 t\u01b0\u01a1ng th\u00edch v\u1edbi t\u1ee7 b\u1ebfp c\u00f3 s\u1eb5n, k\u00edch th\u01b0\u1edbc th\u00ec v\u1eeba kh\u00edt.<br \/>\n\u2705X\u01b0\u1edfng ch\u1ec9 s\u1eed d\u1ee5ng duy nh\u1ea5t ch\u1ea5t li\u1ec7u inox 304 \u0111\u1ec3 l\u00e0m n\u00ean s\u1ea3n ph\u1ea9m c\u00f3 \u0111\u1ed9 b\u1ec1n cao nh\u1ea5t.<br \/>\n\u2705Lu\u00f4n c\u1eadp nh\u1eadt m\u1eabu m\u00e3 m\u1edbi \u0111\u1ebfn v\u1edbi kh\u00e1ch h\u00e0ng<br \/>\n\u2705S\u1ea3n ph\u1ea9m b\u1ea3o h\u00e0nh tr\u1ecdn \u0111\u1eddi<\/p>\n<p>Li\u00ean h\u1ec7 t\u01b0 v\u1ea5n mi\u1ec5n ph\u00ed \u0110T\/Zalo : 0933103313<br \/>\nShowroom: 4\/40 L\u01b0u Ch\u00ed Hi\u1ebfu, Ph\u01b0\u1eddng T\u00e2y Th\u1ea1nh, Qu\u1eadn T\u00e2n Ph\u00fa, TP.HCM<\/p>\n<p>X\u01b0\u1edbng SX: 61\/2 Qu\u1ed1c L\u1ed9 1A, Ti\u1ec1n L\u00e2n 15, B\u00e0 \u0110i\u1ec3m, Hooc M\u00f4n,TP.HCM<\/p>\n<p><span style=\"vertical-align: inherit;\">Xem th\u00eam &gt;&gt;&gt; <a href=\"https:\/\/xuongphukientubep.com\/site\/category\/hinh-anh-thi-cong-thuc-te-phu-kien-tu-bep\/\">H\u00ecnh \u1ea3nh thi c\u00f4ng th\u1ef1c t\u1ebf ph\u1ee5 ki\u1ec7n t\u1ee7 b\u1ebfp Niran <\/a><\/span><\/p>\n<p><a href=\"https:\/\/www.facebook.com\/xuongphukientubep\/\"><span style=\"vertical-align: inherit;\">https:\/\/www.facebook.com\/xuongphukientubep\/<\/span><\/a><\/p>\n","protected":false},"excerpt":{"rendered":"<p><strong>Nh\u00e3n hi\u1ec7u <\/strong>: <span style=\"color: #0000ff;\"><strong>NIRAN<\/strong><\/span> &#8211; S\u1ea3n xu\u1ea5t t\u1ea1i Vi\u1ec7t Nam<br \/>\n<strong>M\u00e3 SP: NR0612<\/strong><br \/>\n<strong>Ch\u1ea5t li\u1ec7u:<\/strong> inox 304 m\u1ea1 v\u00e0ng pvd<br \/>\n<strong>K\u00edch th\u01b0\u1edbc:<\/strong> 700 x 300 mm (K\u00edch th\u01b0\u1edbc c\u00f3 th\u1ec3 \u0111\u1eb7t s\u1ea3n xu\u1ea5t theo s\u1ed1 \u0111o t\u1ee7 b\u1ebfp c\u1ee7a kh\u00e1ch )<\/p>\n<p>X\u01af\u1edeNG CHUY\u00caN S\u1ea2N XU\u1ea4T PH\u1ee4 KI\u1ec6N T\u1ee6 B\u1ebeP THEO S\u1ed0 \u0110O T\u1ee6 B\u1ebeP C\u1ee6A QU\u00dd KH\u00c1CH &#8211; 0933103313<\/p>\n<p>Mi\u1ec5n ph\u00ed t\u01b0 v\u1ea5n ,l\u1eafp \u0111\u1eb7t v\u00e0 b\u1ea3o h\u00e0nh s\u1ea3n ph\u1ea9m tr\u1ecdn \u0111\u1eddi<\/p>\n<p><span class=\"_5mfr _47e3\"><span class=\"_7oe\">\u00a0Mi\u1ec5n ph\u00ed giao h\u00e0ng n\u1ed9i th\u00e0nh TP. H\u1ed3 Ch\u00ed Minh v\u1edbi \u0111\u01a1n h\u00e0ng &gt;1.000.000\u0111 v\u00e0 free ship c\u00e1c t\u1ec9nh v\u1edbi \u0111\u01a1n h\u00e0ng &gt;5.000.000\u0111<\/span><\/span><\/p>\n","protected":false},"featured_media":3124,"comment_status":"open","ping_status":"closed","template":"","meta":{"_exactmetrics_skip_tracking":false,"_exactmetrics_sitenote_active":false,"_exactmetrics_sitenote_note":"","_exactmetrics_sitenote_category":0},"yoast_head":"<!-- This site is optimized with the Yoast SEO plugin v24.5 - https:\/\/yoast.com\/wordpress\/plugins\/seo\/ -->\n<title>K\u1ec7 \u00fap ch\u00e9n inox 304 2 t\u1ea7ng v\u00e0ng Gold NR0612 - Made in Viet Nam<\/title>\n<meta name=\"description\" content=\"X\u01b0\u1edfng t\u01b0 v\u1ea5n thi\u1ebft k\u1ebf s\u1ea3n xu\u1ea5t K\u1ec7 \u00fap ch\u00e9n inox 304 2 t\u1ea7ng v\u00e0ng Gold NR0612 theo k\u00edch th\u01b0\u1edbc y\u00eau c\u1ea7u c\u1ee7a kh\u00e1ch h\u00e0ng. SP \u0111\u01b0\u1ee3c b\u1ea3o h\u00e0nh v\u0129nh vi\u1ec5n. T\u01b0 v\u1ea5n 24\/7\" \/>\n<meta name=\"robots\" content=\"index, follow, max-snippet:-1, max-image-preview:large, max-video-preview:-1\" \/>\n<link rel=\"canonical\" href=\"https:\/\/xuongphukientubep.com\/site\/product\/ke-up-chen-inox-304-2-tang-vang-gold-nr0612\/\" \/>\n<meta property=\"og:locale\" content=\"vi_VN\" \/>\n<meta property=\"og:type\" content=\"article\" \/>\n<meta property=\"og:title\" content=\"K\u1ec7 \u00fap ch\u00e9n inox 304 2 t\u1ea7ng v\u00e0ng Gold NR0612 - Made in Viet Nam\" \/>\n<meta property=\"og:description\" content=\"X\u01b0\u1edfng t\u01b0 v\u1ea5n thi\u1ebft k\u1ebf s\u1ea3n xu\u1ea5t K\u1ec7 \u00fap ch\u00e9n inox 304 2 t\u1ea7ng v\u00e0ng Gold NR0612 theo k\u00edch th\u01b0\u1edbc y\u00eau c\u1ea7u c\u1ee7a kh\u00e1ch h\u00e0ng. SP \u0111\u01b0\u1ee3c b\u1ea3o h\u00e0nh v\u0129nh vi\u1ec5n. T\u01b0 v\u1ea5n 24\/7\" \/>\n<meta property=\"og:url\" content=\"https:\/\/xuongphukientubep.com\/site\/product\/ke-up-chen-inox-304-2-tang-vang-gold-nr0612\/\" \/>\n<meta property=\"og:site_name\" content=\"Niran\" \/>\n<meta property=\"article:modified_time\" content=\"2024-04-25T14:27:06+00:00\" \/>\n<meta property=\"og:image\" content=\"https:\/\/xuongphukientubep.com\/site\/wp-content\/uploads\/2019\/11\/ke-up-chen-inox-304-2-tang-vang-gold-niran-nr0612.jpg\" \/>\n\t<meta property=\"og:image:width\" content=\"3024\" \/>\n\t<meta property=\"og:image:height\" content=\"3024\" \/>\n\t<meta property=\"og:image:type\" content=\"image\/jpeg\" \/>\n<meta name=\"twitter:card\" content=\"summary_large_image\" \/>\n<meta name=\"twitter:label1\" content=\"\u01af\u1edbc t\u00ednh th\u1eddi gian \u0111\u1ecdc\" \/>\n\t<meta name=\"twitter:data1\" content=\"4 ph\u00fat\" \/>\n<!-- \/ Yoast SEO plugin. -->","yoast_head_json":{"title":"K\u1ec7 \u00fap ch\u00e9n inox 304 2 t\u1ea7ng v\u00e0ng Gold NR0612 - Made in Viet Nam","description":"X\u01b0\u1edfng t\u01b0 v\u1ea5n thi\u1ebft k\u1ebf s\u1ea3n xu\u1ea5t K\u1ec7 \u00fap ch\u00e9n inox 304 2 t\u1ea7ng v\u00e0ng Gold NR0612 theo k\u00edch th\u01b0\u1edbc y\u00eau c\u1ea7u c\u1ee7a kh\u00e1ch h\u00e0ng. SP \u0111\u01b0\u1ee3c b\u1ea3o h\u00e0nh v\u0129nh vi\u1ec5n. T\u01b0 v\u1ea5n 24\/7","robots":{"index":"index","follow":"follow","max-snippet":"max-snippet:-1","max-image-preview":"max-image-preview:large","max-video-preview":"max-video-preview:-1"},"canonical":"https:\/\/xuongphukientubep.com\/site\/product\/ke-up-chen-inox-304-2-tang-vang-gold-nr0612\/","og_locale":"vi_VN","og_type":"article","og_title":"K\u1ec7 \u00fap ch\u00e9n inox 304 2 t\u1ea7ng v\u00e0ng Gold NR0612 - Made in Viet Nam","og_description":"X\u01b0\u1edfng t\u01b0 v\u1ea5n thi\u1ebft k\u1ebf s\u1ea3n xu\u1ea5t K\u1ec7 \u00fap ch\u00e9n inox 304 2 t\u1ea7ng v\u00e0ng Gold NR0612 theo k\u00edch th\u01b0\u1edbc y\u00eau c\u1ea7u c\u1ee7a kh\u00e1ch h\u00e0ng. SP \u0111\u01b0\u1ee3c b\u1ea3o h\u00e0nh v\u0129nh vi\u1ec5n. T\u01b0 v\u1ea5n 24\/7","og_url":"https:\/\/xuongphukientubep.com\/site\/product\/ke-up-chen-inox-304-2-tang-vang-gold-nr0612\/","og_site_name":"Niran","article_modified_time":"2024-04-25T14:27:06+00:00","og_image":[{"width":3024,"height":3024,"url":"https:\/\/xuongphukientubep.com\/site\/wp-content\/uploads\/2019\/11\/ke-up-chen-inox-304-2-tang-vang-gold-niran-nr0612.jpg","type":"image\/jpeg"}],"twitter_card":"summary_large_image","twitter_misc":{"\u01af\u1edbc t\u00ednh th\u1eddi gian \u0111\u1ecdc":"4 ph\u00fat"},"schema":{"@context":"https:\/\/schema.org","@graph":[{"@type":"WebPage","@id":"https:\/\/xuongphukientubep.com\/site\/product\/ke-up-chen-inox-304-2-tang-vang-gold-nr0612\/","url":"https:\/\/xuongphukientubep.com\/site\/product\/ke-up-chen-inox-304-2-tang-vang-gold-nr0612\/","name":"K\u1ec7 \u00fap ch\u00e9n inox 304 2 t\u1ea7ng v\u00e0ng Gold NR0612 - Made in Viet Nam","isPartOf":{"@id":"https:\/\/xuongphukientubep.com\/site\/#website"},"primaryImageOfPage":{"@id":"https:\/\/xuongphukientubep.com\/site\/product\/ke-up-chen-inox-304-2-tang-vang-gold-nr0612\/#primaryimage"},"image":{"@id":"https:\/\/xuongphukientubep.com\/site\/product\/ke-up-chen-inox-304-2-tang-vang-gold-nr0612\/#primaryimage"},"thumbnailUrl":"https:\/\/xuongphukientubep.com\/site\/wp-content\/uploads\/2019\/11\/ke-up-chen-inox-304-2-tang-vang-gold-niran-nr0612.jpg","datePublished":"2019-11-06T05:00:17+00:00","dateModified":"2024-04-25T14:27:06+00:00","description":"X\u01b0\u1edfng t\u01b0 v\u1ea5n thi\u1ebft k\u1ebf s\u1ea3n xu\u1ea5t K\u1ec7 \u00fap ch\u00e9n inox 304 2 t\u1ea7ng v\u00e0ng Gold NR0612 theo k\u00edch th\u01b0\u1edbc y\u00eau c\u1ea7u c\u1ee7a kh\u00e1ch h\u00e0ng. SP \u0111\u01b0\u1ee3c b\u1ea3o h\u00e0nh v\u0129nh vi\u1ec5n. T\u01b0 v\u1ea5n 24\/7","breadcrumb":{"@id":"https:\/\/xuongphukientubep.com\/site\/product\/ke-up-chen-inox-304-2-tang-vang-gold-nr0612\/#breadcrumb"},"inLanguage":"vi","potentialAction":[{"@type":"ReadAction","target":["https:\/\/xuongphukientubep.com\/site\/product\/ke-up-chen-inox-304-2-tang-vang-gold-nr0612\/"]}]},{"@type":"ImageObject","inLanguage":"vi","@id":"https:\/\/xuongphukientubep.com\/site\/product\/ke-up-chen-inox-304-2-tang-vang-gold-nr0612\/#primaryimage","url":"https:\/\/xuongphukientubep.com\/site\/wp-content\/uploads\/2019\/11\/ke-up-chen-inox-304-2-tang-vang-gold-niran-nr0612.jpg","contentUrl":"https:\/\/xuongphukientubep.com\/site\/wp-content\/uploads\/2019\/11\/ke-up-chen-inox-304-2-tang-vang-gold-niran-nr0612.jpg","width":3024,"height":3024,"caption":"ke up chen inox 304 2 tang vang gold niran nr0612"},{"@type":"BreadcrumbList","@id":"https:\/\/xuongphukientubep.com\/site\/product\/ke-up-chen-inox-304-2-tang-vang-gold-nr0612\/#breadcrumb","itemListElement":[{"@type":"ListItem","position":1,"name":"Trang ch\u1ee7","item":"https:\/\/xuongphukientubep.com\/site\/"},{"@type":"ListItem","position":2,"name":"C\u1eeda H\u00e0ng","item":"https:\/\/xuongphukientubep.com\/site\/shop\/"},{"@type":"ListItem","position":3,"name":"K\u1ec7 \u00fap ch\u00e9n inox 304 2 t\u1ea7ng v\u00e0ng Gold NR0612"}]},{"@type":"WebSite","@id":"https:\/\/xuongphukientubep.com\/site\/#website","url":"https:\/\/xuongphukientubep.com\/site\/","name":"Niran","description":"X\u01b0\u1edfng chuy\u00ean s\u1ea3n xu\u1ea5t ph\u1ee5 ki\u1ec7n t\u1ee7 b\u1ebfp inox 304 cao c\u1ea5p","publisher":{"@id":"https:\/\/xuongphukientubep.com\/site\/#organization"},"potentialAction":[{"@type":"SearchAction","target":{"@type":"EntryPoint","urlTemplate":"https:\/\/xuongphukientubep.com\/site\/?s={search_term_string}"},"query-input":{"@type":"PropertyValueSpecification","valueRequired":true,"valueName":"search_term_string"}}],"inLanguage":"vi"},{"@type":"Organization","@id":"https:\/\/xuongphukientubep.com\/site\/#organization","name":"Niran","url":"https:\/\/xuongphukientubep.com\/site\/","logo":{"@type":"ImageObject","inLanguage":"vi","@id":"https:\/\/xuongphukientubep.com\/site\/#\/schema\/logo\/image\/","url":"https:\/\/xuongphukientubep.com\/site\/wp-content\/uploads\/2018\/09\/cropped-215-2.png","contentUrl":"https:\/\/xuongphukientubep.com\/site\/wp-content\/uploads\/2018\/09\/cropped-215-2.png","width":197,"height":108,"caption":"Niran"},"image":{"@id":"https:\/\/xuongphukientubep.com\/site\/#\/schema\/logo\/image\/"}}]}},"amp_enabled":true,"_links":{"self":[{"href":"https:\/\/xuongphukientubep.com\/site\/wp-json\/wp\/v2\/product\/2710"}],"collection":[{"href":"https:\/\/xuongphukientubep.com\/site\/wp-json\/wp\/v2\/product"}],"about":[{"href":"https:\/\/xuongphukientubep.com\/site\/wp-json\/wp\/v2\/types\/product"}],"replies":[{"embeddable":true,"href":"https:\/\/xuongphukientubep.com\/site\/wp-json\/wp\/v2\/comments?post=2710"}],"wp:featuredmedia":[{"embeddable":true,"href":"https:\/\/xuongphukientubep.com\/site\/wp-json\/wp\/v2\/media\/3124"}],"wp:attachment":[{"href":"https:\/\/xuongphukientubep.com\/site\/wp-json\/wp\/v2\/media?parent=2710"}],"curies":[{"name":"wp","href":"https:\/\/api.w.org\/{rel}","templated":true}]}}