{"id":2784,"date":"2020-01-01T21:42:32","date_gmt":"2020-01-01T14:42:32","guid":{"rendered":"https:\/\/xuongphukientubep.com\/site\/?post_type=product&#038;p=2784"},"modified":"2022-06-15T22:52:15","modified_gmt":"2022-06-15T15:52:15","slug":"ke-up-chen-dia-1-tang-da-nang-inox-304-niran-nr1007","status":"publish","type":"product","link":"https:\/\/xuongphukientubep.com\/site\/product\/ke-up-chen-dia-1-tang-da-nang-inox-304-niran-nr1007\/","title":{"rendered":"K\u1ec7 \u00fap ch\u00e9n d\u0129a 1 t\u1ea7ng \u0111a n\u0103ng inox 304 Niran NR1007"},"content":{"rendered":"<p><em><strong>K\u1ec7 \u00fap ch\u00e9n d\u0129a 1 t\u1ea7ng \u0111a n\u0103ng inox 304 Niran NR1007 <\/strong><\/em>\u0111\u01b0\u1ee3c c\u00e1c ch\u1ecb em n\u1ed9i tr\u1ee3 \u01b0a chu\u1ed9ng b\u1edfi t\u00ednh ti\u1ec7n l\u1ee3i v\u00e0 \u0111a d\u1ee5ng. S\u1ea3n ph\u1ea9m \u0111\u1eb7t b\u00ean tr\u00ean ch\u1eadu r\u1eeda ch\u1eafc ch\u1eafn m\u00e0 kh\u00f4ng c\u1ea7n ph\u1ea3i khoan t\u01b0\u1eddng hay khoan ki\u1ebfng. D\u1ec5 d\u00e0ng di chuy\u1ec3n hay v\u1ec7 sinh k\u1ec7. V\u1edbi thi\u1ebft k\u1ebf \u0111a n\u0103ng c\u00f3 th\u1ec3 \u0111\u1ec3 \u0111\u01b0\u1ee3c ch\u00e9n d\u0129a, ng\u0103n \u0111\u1ef1ng \u1ed1ng \u0111\u0169a mu\u1ed7ng , ng\u0103n \u0111\u1ec3 dao th\u1edbt, ng\u0103n \u0111\u1ec3 chai n\u01b0\u1edbc r\u1eeda ch\u00e9n v\u00e0 \u0111\u1ed3 ch\u00f9i r\u1eeda, k\u1ec7 c\u00f2n \u0111\u01b0\u1ee3c k\u00e8m theo c\u00e1c m\u00f3c nh\u1ecf \u0111\u1ec3 c\u00f3 th\u1ec3 treo \u0111\u01b0\u1ee3c c\u00e1c v\u1eadt d\u1ee5ng nh\u01b0 k\u00e9o, v\u1ee3t, hay c\u00e1c lo\u1ea1i xoong n\u1ed3i,&#8230;<\/p>\n<figure id=\"attachment_2786\" aria-describedby=\"caption-attachment-2786\" style=\"width: 4032px\" class=\"wp-caption aligncenter\"><img loading=\"lazy\" decoding=\"async\" class=\" lazy size-full wp-image-2786\" src=\"data:image\/svg+xml,%3Csvg%20xmlns='http:\/\/www.w3.org\/2000\/svg'%20viewBox='0%200%204032%203024'%3E%3C\/svg%3E\" data-src=\"https:\/\/xuongphukientubep.com\/site\/wp-content\/uploads\/2020\/01\/K\u1ec7-ch\u00e9n-tr\u00ean-ch\u1eadu-r\u1eeda-Niran-NR1007.jpg\" alt=\"K\u1ec7 ch\u00e9n tr\u00ean ch\u1eadu r\u1eeda Niran NR1007\" width=\"4032\" height=\"3024\" data-srcset=\"https:\/\/xuongphukientubep.com\/site\/wp-content\/uploads\/2020\/01\/K\u1ec7-ch\u00e9n-tr\u00ean-ch\u1eadu-r\u1eeda-Niran-NR1007.jpg 4032w, https:\/\/xuongphukientubep.com\/site\/wp-content\/uploads\/2020\/01\/K\u1ec7-ch\u00e9n-tr\u00ean-ch\u1eadu-r\u1eeda-Niran-NR1007-300x225.jpg 300w, https:\/\/xuongphukientubep.com\/site\/wp-content\/uploads\/2020\/01\/K\u1ec7-ch\u00e9n-tr\u00ean-ch\u1eadu-r\u1eeda-Niran-NR1007-768x576.jpg 768w, https:\/\/xuongphukientubep.com\/site\/wp-content\/uploads\/2020\/01\/K\u1ec7-ch\u00e9n-tr\u00ean-ch\u1eadu-r\u1eeda-Niran-NR1007-1024x768.jpg 1024w, https:\/\/xuongphukientubep.com\/site\/wp-content\/uploads\/2020\/01\/K\u1ec7-ch\u00e9n-tr\u00ean-ch\u1eadu-r\u1eeda-Niran-NR1007-600x450.jpg 600w\" sizes=\"(max-width: 4032px) 100vw, 4032px\" \/><figcaption id=\"caption-attachment-2786\" class=\"wp-caption-text\">K\u1ec7 ch\u00e9n tr\u00ean ch\u1eadu r\u1eeda Niran NR1007<\/figcaption><\/figure>\n<figure id=\"attachment_4254\" aria-describedby=\"caption-attachment-4254\" style=\"width: 1331px\" class=\"wp-caption alignnone\"><img loading=\"lazy\" decoding=\"async\" class=\" lazy wp-image-4254 size-full\" src=\"data:image\/svg+xml,%3Csvg%20xmlns='http:\/\/www.w3.org\/2000\/svg'%20viewBox='0%200%201331%20373'%3E%3C\/svg%3E\" data-src=\"http:\/\/xuongphukientubep.com\/site\/wp-content\/uploads\/2020\/01\/Bang-gia-thong-so-ky-thuat-ke-chen-de-ban-da-nang-1-tang-inox-304-niran-nr1007.png\" alt=\"B\u1ea3ng gi\u00e1 K\u1ec7 ch\u00e9n d\u0129a 1 t\u1ea7ng \u0111a n\u0103ng inox 304 Niran NR1007\" width=\"1331\" height=\"373\" data-srcset=\"https:\/\/xuongphukientubep.com\/site\/wp-content\/uploads\/2020\/01\/Bang-gia-thong-so-ky-thuat-ke-chen-de-ban-da-nang-1-tang-inox-304-niran-nr1007.png 1331w, https:\/\/xuongphukientubep.com\/site\/wp-content\/uploads\/2020\/01\/Bang-gia-thong-so-ky-thuat-ke-chen-de-ban-da-nang-1-tang-inox-304-niran-nr1007-300x84.png 300w, https:\/\/xuongphukientubep.com\/site\/wp-content\/uploads\/2020\/01\/Bang-gia-thong-so-ky-thuat-ke-chen-de-ban-da-nang-1-tang-inox-304-niran-nr1007-768x215.png 768w, https:\/\/xuongphukientubep.com\/site\/wp-content\/uploads\/2020\/01\/Bang-gia-thong-so-ky-thuat-ke-chen-de-ban-da-nang-1-tang-inox-304-niran-nr1007-1024x287.png 1024w, https:\/\/xuongphukientubep.com\/site\/wp-content\/uploads\/2020\/01\/Bang-gia-thong-so-ky-thuat-ke-chen-de-ban-da-nang-1-tang-inox-304-niran-nr1007-600x168.png 600w\" sizes=\"(max-width: 1331px) 100vw, 1331px\" \/><figcaption id=\"caption-attachment-4254\" class=\"wp-caption-text\">B\u1ea3ng gi\u00e1 K\u1ec7 ch\u00e9n d\u0129a 1 t\u1ea7ng \u0111a n\u0103ng inox 304 Niran NR1007<\/figcaption><\/figure>\n<h3>T\u01b0 v\u1ea5n &#8211; Thi\u1ebft k\u1ebf &#8211; L\u1eafp \u0111\u1eb7t K\u1ec7\u00a0\u00fap ch\u00e9n d\u0129a 1 t\u1ea7ng \u0111a n\u0103ng inox 304 Niran theo k\u00edch th\u01b0\u1edbc kh\u00e1ch h\u00e0ng<\/h3>\n<p><div class=\"yt-video-place embed-responsive embed-responsive-4by3\" data-yt-url=\"https:\/\/www.youtube.com\/embed\/T44Agd41oXc?rel=0&showinfo=0\"><img src=\"data:image\/svg+xml,%3Csvg%20xmlns='http:\/\/www.w3.org\/2000\/svg'%20viewBox='0%200%20870%20489'%3E%3C\/svg%3E\" data-src=\"https:\/\/i.ytimg.com\/vi\/T44Agd41oXc\/maxresdefault.jpg\" async class=\" lazy play-yt-video\"><a class=\"start-video\"><img width=\"64\" src=\"data:image\/svg+xml,%3Csvg%20xmlns='http:\/\/www.w3.org\/2000\/svg'%20viewBox='0%200%2064%2064'%3E%3C\/svg%3E\" data-src=\"https:\/\/xuongphukientubep.com\/site\/wp-content\/plugins\/wp2speed\/lib\/asset\/play-btn.png\" class=\" lazy \" ><\/a><\/div><\/p>\n<p>Xem th\u00eam c\u00e1c s\u1ea3n ph\u1ea9m kh\u00e1c:<\/p>\n<p class=\"products-title\"><a href=\"https:\/\/xuongphukientubep.com\/site\/product\/ke-up-chen-1-tang-da-nang-5in1-inox-304-nr1005\/\">K\u1ec7 \u00fap ch\u00e9n 1 t\u1ea7ng \u0111\u1ec3 b\u00e0n \u0111a n\u0103ng 5in1 inox 304 Niran NR1005<\/a><\/p>\n<p class=\"products-title\"><a href=\"https:\/\/xuongphukientubep.com\/site\/product\/ke-chen-tren-bon-rua-1-tang-inox-304-niran-nr1006\/\">K\u1ec7 ch\u00e9n tr\u00ean b\u1ed3n r\u1eeda 1 t\u1ea7ng inox 304 Niran NR1006<\/a><\/p>\n<h3 class=\"products-title\">V\u00cc SAO B\u1ea0N N\u00caN CH\u1eccN L\u1ef0A L\u1eaeP \u0110\u1eb6T <a class=\"_58cn\" href=\"https:\/\/www.facebook.com\/hashtag\/ph%E1%BB%A5_ki%E1%BB%87n_inox304_niran?source=feed_text&amp;epa=HASHTAG&amp;__xts__%5B0%5D=68.ARAjInj7j1BwE_crkKWHrBi_H8HR4PXKwCF_t7wLE29LwDh7g61lgUlhR5SSn2GmnWGakPAgvuKnLluRnklOvpOb3ocbWN5WhMWlkx_XSyqAunPwk3uZTzoiR_-y_dr4JMkl8B-frtb1naximlnSo6yBlZa22XPox5bWeyVxrJAM4ksol3wtApiiYDF1g4V9fYKMS37XxP1q9ISku0J5ebdiEfXPCVcO2n6silfk4GZt8XJy5k5VC0MJl2tUUuzKPqgyqjNN8GxY1d7g70r9GO_U6eM8VdpQOeBFYMTd7rbzrc7QkKnyxnsnr7mwmzmHeAwHgGEJdlToW9gSHbiCuBO8VdNfWhb0RDS1nca-06KP-vUxaHeDmOAxUe3C7yMGxilYMwvOSPCpDN1IZgR7gg4XkApdu6Wnm1EWEvkNc5D894MVXe4&amp;__tn__=%2ANK-R\" data-ft=\"{&quot;type&quot;:104,&quot;tn&quot;:&quot;*N&quot;}\"><span class=\"_5afx\"><span class=\"_58cm\">PH\u1ee4_KI\u1ec6N_INOX304_NIRAN<\/span><\/span><\/a><\/h3>\n<p><span style=\"vertical-align: inherit;\">B\u1ea1n \u0111\u00e3 s\u1edf h\u1eefu hay \u0111ang l\u00ean \u00fd t\u01b0\u1edfng ho\u00e0n thi\u1ec7n cho t\u1ee7 b\u1ebfp c\u1ee7a b\u1ea1n?<\/span><br \/>\n<span style=\"vertical-align: inherit;\">B\u1ea1n \u0111ang b\u0103n kho\u0103n v\u1ec1 vi\u1ec7c mua ph\u1ee5 ki\u1ec7n t\u1ee7 b\u1ebfp tr\u01b0\u1edbc hay sau khi ho\u00e0n thi\u1ec7n t\u1ee7 b\u1ebfp?<\/span><br \/>\n<span style=\"vertical-align: inherit;\">S\u1ee3 r\u1eb1ng mua ph\u1ee5 ki\u1ec7n tr\u01b0\u1edbc th\u00ec ph\u1ea3i theo k\u00edch th\u01b0\u1edbc c\u00f3 s\u1eb5n kh\u00f4ng h\u1ee3p v\u1edbi thi\u1ebft k\u1ebf v\u1edbi nhu c\u1ea7u ,c\u00f2n mua sau th\u00ec s\u1ee3 l\u1eafp kh\u00f4ng v\u1eeba.<\/span><br \/>\n<span style=\"vertical-align: inherit;\">C\u00f3 <\/span><span style=\"vertical-align: inherit;\">X\u01af\u1edeNG PH\u1ee4 KI\u1ec6N T\u1ee6 B\u1ebeP<\/span><span style=\"vertical-align: inherit;\"> \u0111\u00e2y r\u1ed3i , kh\u00f4ng c\u1ea7n lo n\u1eefa nh\u00e9 , c\u1ee9 tho\u1ea3i m\u00e1i x\u00e2y d\u1ef1ng t\u1ee7 b\u1ebfp theo \u00fd th\u00edch c\u1ee7a gia \u0111\u00ecnh b\u1ea1n.C\u00f2n vi\u1ec7c g\u1eafn ph\u1ee5 ki\u1ec7n t\u1ee7 b\u1ebfp X\u01af\u1edeNG em s\u1ebd lo t\u1ea5t \u1ea1.<\/span><\/p>\n<p>\u2705K\u00edch th\u01b0\u1edbc ph\u1ee5 ki\u1ec7n s\u1ebd \u0111\u01b0\u1ee3c thi\u1ebft k\u1ebf, \u0111o \u0111\u1ea1c theo t\u1eebng milimet t\u1ee7 b\u1ebfp c\u1ee7a kh\u00e1ch h\u00e0ng.<br \/>\n\u2705\u0110\u1eb7c bi\u1ec7t x\u01b0\u1edfng s\u1ebd thi\u1ebft k\u1ebf theo nhu c\u1ea7u ri\u00eang c\u1ee7a m\u1ed7i kh\u00e1ch h\u00e0ng.<br \/>\n\u2705M\u1eabu m\u00e3 th\u1ea9m m\u1ef9 t\u01b0\u01a1ng th\u00edch v\u1edbi t\u1ee7 b\u1ebfp c\u00f3 s\u1eb5n, k\u00edch th\u01b0\u1edbc th\u00ec v\u1eeba kh\u00edt.<br \/>\n\u2705X\u01b0\u1edfng ch\u1ec9 s\u1eed d\u1ee5ng duy nh\u1ea5t ch\u1ea5t li\u1ec7u inox 304 \u0111\u1ec3 l\u00e0m n\u00ean s\u1ea3n ph\u1ea9m c\u00f3 \u0111\u1ed9 b\u1ec1n cao nh\u1ea5t.<br \/>\n\u2705Lu\u00f4n c\u1eadp nh\u1eadt m\u1eabu m\u00e3 m\u1edbi \u0111\u1ebfn v\u1edbi kh\u00e1ch h\u00e0ng<br \/>\n\u2705S\u1ea3n ph\u1ea9m b\u1ea3o h\u00e0nh tr\u1ecdn \u0111\u1eddi<\/p>\n<p>Li\u00ean h\u1ec7 t\u01b0 v\u1ea5n mi\u1ec5n ph\u00ed \u0110T\/Zalo : 0933103313<br \/>\nShowroom: 4\/40 L\u01b0u Ch\u00ed Hi\u1ebfu, Ph\u01b0\u1eddng T\u00e2y Th\u1ea1nh, Qu\u1eadn T\u00e2n Ph\u00fa, TP.HCM<\/p>\n<p>X\u01b0\u1edbng SX: 61\/2 Qu\u1ed1c L\u1ed9 1A, Ti\u1ec1n L\u00e2n 15, B\u00e0 \u0110i\u1ec3m, Hooc M\u00f4n,TP.HCM<\/p>\n<p><span style=\"vertical-align: inherit;\">Xem th\u00eam &gt;&gt;&gt; <a href=\"https:\/\/xuongphukientubep.com\/site\/category\/hinh-anh-thi-cong-thuc-te-phu-kien-tu-bep\/\">H\u00ecnh \u1ea3nh thi c\u00f4ng th\u1ef1c t\u1ebf ph\u1ee5 ki\u1ec7n t\u1ee7 b\u1ebfp Niran <\/a><\/span><\/p>\n<p><a href=\"https:\/\/www.facebook.com\/xuongphukientubep\/\"><span style=\"vertical-align: inherit;\">https:\/\/www.facebook.com\/xuongphukientubep\/<\/span><\/a><\/p>\n","protected":false},"excerpt":{"rendered":"<p><strong>Nh\u00e3n hi\u1ec7u <\/strong>: <span style=\"color: #0000ff;\"><strong>NIRAN<\/strong><\/span> &#8211; S\u1ea3n xu\u1ea5t t\u1ea1i Vi\u1ec7t Nam<br \/>\n<strong>M\u00e3 SP: NR1007<\/strong><br \/>\n<strong>Ch\u1ea5t li\u1ec7u:<\/strong> inox 304 \u0111\u00fac \u0111\u1eb7c<br \/>\n<strong>K\u00edch th\u01b0\u1edbc:<\/strong> 720 x 280 x\u00a0 500 mm (K\u00edch th\u01b0\u1edbc c\u00f3 th\u1ec3 \u0111\u1eb7t s\u1ea3n xu\u1ea5t theo s\u1ed1 \u0111o t\u1ee7 b\u1ebfp c\u1ee7a kh\u00e1ch )<\/p>\n<p>X\u01af\u1edeNG CHUY\u00caN S\u1ea2N XU\u1ea4T PH\u1ee4 KI\u1ec6N T\u1ee6 B\u1ebeP THEO S\u1ed0 \u0110O T\u1ee6 B\u1ebeP C\u1ee6A QU\u00dd KH\u00c1CH &#8211; 0933103313<\/p>\n<p>Mi\u1ec5n ph\u00ed t\u01b0 v\u1ea5n ,l\u1eafp \u0111\u1eb7t v\u00e0 b\u1ea3o h\u00e0nh s\u1ea3n ph\u1ea9m tr\u1ecdn \u0111\u1eddi<\/p>\n<p><span class=\"_5mfr _47e3\"><span class=\"_7oe\">\u00a0Mi\u1ec5n ph\u00ed giao h\u00e0ng n\u1ed9i th\u00e0nh TP. H\u1ed3 Ch\u00ed Minh v\u1edbi \u0111\u01a1n h\u00e0ng &gt;1.000.000\u0111 v\u00e0 free ship c\u00e1c t\u1ec9nh v\u1edbi \u0111\u01a1n h\u00e0ng &gt;5.000.000\u0111<\/span><\/span><\/p>\n","protected":false},"featured_media":2785,"comment_status":"open","ping_status":"closed","template":"","meta":{"_exactmetrics_skip_tracking":false,"_exactmetrics_sitenote_active":false,"_exactmetrics_sitenote_note":"","_exactmetrics_sitenote_category":0},"yoast_head":"<!-- This site is optimized with the Yoast SEO plugin v24.5 - https:\/\/yoast.com\/wordpress\/plugins\/seo\/ -->\n<title>K\u1ec7 \u00fap ch\u00e9n d\u0129a 1 t\u1ea7ng \u0111a n\u0103ng inox 304 Niran NR1007 - Made in Viet Nam<\/title>\n<meta name=\"description\" content=\"X\u01b0\u1edfng chuy\u00ean thi\u1ebft k\u1ebf s\u1ea3n xu\u1ea5t K\u1ec7 \u00fap ch\u00e9n d\u0129a 1 t\u1ea7ng \u0111a n\u0103ng inox 304 Niran theo k\u00edch th\u01b0\u1edbc y\u00eau c\u1ea7u c\u1ee7a kh\u00e1ch h\u00e0ng. SP \u0111\u01b0\u1ee3c b\u1ea3o h\u00e0nh v\u0129nh vi\u1ec5n. T\u01b0 v\u1ea5n 24\/7\" \/>\n<meta name=\"robots\" content=\"index, follow, max-snippet:-1, max-image-preview:large, max-video-preview:-1\" \/>\n<link rel=\"canonical\" href=\"https:\/\/xuongphukientubep.com\/site\/product\/ke-up-chen-dia-1-tang-da-nang-inox-304-niran-nr1007\/\" \/>\n<meta property=\"og:locale\" content=\"vi_VN\" \/>\n<meta property=\"og:type\" content=\"article\" \/>\n<meta property=\"og:title\" content=\"K\u1ec7 \u00fap ch\u00e9n d\u0129a 1 t\u1ea7ng \u0111a n\u0103ng inox 304 Niran NR1007 - Made in Viet Nam\" \/>\n<meta property=\"og:description\" content=\"X\u01b0\u1edfng chuy\u00ean thi\u1ebft k\u1ebf s\u1ea3n xu\u1ea5t K\u1ec7 \u00fap ch\u00e9n d\u0129a 1 t\u1ea7ng \u0111a n\u0103ng inox 304 Niran theo k\u00edch th\u01b0\u1edbc y\u00eau c\u1ea7u c\u1ee7a kh\u00e1ch h\u00e0ng. SP \u0111\u01b0\u1ee3c b\u1ea3o h\u00e0nh v\u0129nh vi\u1ec5n. T\u01b0 v\u1ea5n 24\/7\" \/>\n<meta property=\"og:url\" content=\"https:\/\/xuongphukientubep.com\/site\/product\/ke-up-chen-dia-1-tang-da-nang-inox-304-niran-nr1007\/\" \/>\n<meta property=\"og:site_name\" content=\"Niran\" \/>\n<meta property=\"article:modified_time\" content=\"2022-06-15T15:52:15+00:00\" \/>\n<meta property=\"og:image\" content=\"https:\/\/xuongphukientubep.com\/site\/wp-content\/uploads\/2020\/01\/gi\u00e1-\u00fap-ch\u00e9n-b\u00e1t-1-t\u1ea7ng-\u0111a-n\u0103ng-inox-304-tr\u00ean-ch\u1eadu-r\u1eeda.jpg\" \/>\n\t<meta property=\"og:image:width\" content=\"3024\" \/>\n\t<meta property=\"og:image:height\" content=\"3024\" \/>\n\t<meta property=\"og:image:type\" content=\"image\/jpeg\" \/>\n<meta name=\"twitter:card\" content=\"summary_large_image\" \/>\n<meta name=\"twitter:label1\" content=\"\u01af\u1edbc t\u00ednh th\u1eddi gian \u0111\u1ecdc\" \/>\n\t<meta name=\"twitter:data1\" content=\"3 ph\u00fat\" \/>\n<!-- \/ Yoast SEO plugin. -->","yoast_head_json":{"title":"K\u1ec7 \u00fap ch\u00e9n d\u0129a 1 t\u1ea7ng \u0111a n\u0103ng inox 304 Niran NR1007 - Made in Viet Nam","description":"X\u01b0\u1edfng chuy\u00ean thi\u1ebft k\u1ebf s\u1ea3n xu\u1ea5t K\u1ec7 \u00fap ch\u00e9n d\u0129a 1 t\u1ea7ng \u0111a n\u0103ng inox 304 Niran theo k\u00edch th\u01b0\u1edbc y\u00eau c\u1ea7u c\u1ee7a kh\u00e1ch h\u00e0ng. SP \u0111\u01b0\u1ee3c b\u1ea3o h\u00e0nh v\u0129nh vi\u1ec5n. T\u01b0 v\u1ea5n 24\/7","robots":{"index":"index","follow":"follow","max-snippet":"max-snippet:-1","max-image-preview":"max-image-preview:large","max-video-preview":"max-video-preview:-1"},"canonical":"https:\/\/xuongphukientubep.com\/site\/product\/ke-up-chen-dia-1-tang-da-nang-inox-304-niran-nr1007\/","og_locale":"vi_VN","og_type":"article","og_title":"K\u1ec7 \u00fap ch\u00e9n d\u0129a 1 t\u1ea7ng \u0111a n\u0103ng inox 304 Niran NR1007 - Made in Viet Nam","og_description":"X\u01b0\u1edfng chuy\u00ean thi\u1ebft k\u1ebf s\u1ea3n xu\u1ea5t K\u1ec7 \u00fap ch\u00e9n d\u0129a 1 t\u1ea7ng \u0111a n\u0103ng inox 304 Niran theo k\u00edch th\u01b0\u1edbc y\u00eau c\u1ea7u c\u1ee7a kh\u00e1ch h\u00e0ng. SP \u0111\u01b0\u1ee3c b\u1ea3o h\u00e0nh v\u0129nh vi\u1ec5n. T\u01b0 v\u1ea5n 24\/7","og_url":"https:\/\/xuongphukientubep.com\/site\/product\/ke-up-chen-dia-1-tang-da-nang-inox-304-niran-nr1007\/","og_site_name":"Niran","article_modified_time":"2022-06-15T15:52:15+00:00","og_image":[{"width":3024,"height":3024,"url":"https:\/\/xuongphukientubep.com\/site\/wp-content\/uploads\/2020\/01\/gi\u00e1-\u00fap-ch\u00e9n-b\u00e1t-1-t\u1ea7ng-\u0111a-n\u0103ng-inox-304-tr\u00ean-ch\u1eadu-r\u1eeda.jpg","type":"image\/jpeg"}],"twitter_card":"summary_large_image","twitter_misc":{"\u01af\u1edbc t\u00ednh th\u1eddi gian \u0111\u1ecdc":"3 ph\u00fat"},"schema":{"@context":"https:\/\/schema.org","@graph":[{"@type":"WebPage","@id":"https:\/\/xuongphukientubep.com\/site\/product\/ke-up-chen-dia-1-tang-da-nang-inox-304-niran-nr1007\/","url":"https:\/\/xuongphukientubep.com\/site\/product\/ke-up-chen-dia-1-tang-da-nang-inox-304-niran-nr1007\/","name":"K\u1ec7 \u00fap ch\u00e9n d\u0129a 1 t\u1ea7ng \u0111a n\u0103ng inox 304 Niran NR1007 - Made in Viet Nam","isPartOf":{"@id":"https:\/\/xuongphukientubep.com\/site\/#website"},"primaryImageOfPage":{"@id":"https:\/\/xuongphukientubep.com\/site\/product\/ke-up-chen-dia-1-tang-da-nang-inox-304-niran-nr1007\/#primaryimage"},"image":{"@id":"https:\/\/xuongphukientubep.com\/site\/product\/ke-up-chen-dia-1-tang-da-nang-inox-304-niran-nr1007\/#primaryimage"},"thumbnailUrl":"https:\/\/xuongphukientubep.com\/site\/wp-content\/uploads\/2020\/01\/gi\u00e1-\u00fap-ch\u00e9n-b\u00e1t-1-t\u1ea7ng-\u0111a-n\u0103ng-inox-304-tr\u00ean-ch\u1eadu-r\u1eeda.jpg","datePublished":"2020-01-01T14:42:32+00:00","dateModified":"2022-06-15T15:52:15+00:00","description":"X\u01b0\u1edfng chuy\u00ean thi\u1ebft k\u1ebf s\u1ea3n xu\u1ea5t K\u1ec7 \u00fap ch\u00e9n d\u0129a 1 t\u1ea7ng \u0111a n\u0103ng inox 304 Niran theo k\u00edch th\u01b0\u1edbc y\u00eau c\u1ea7u c\u1ee7a kh\u00e1ch h\u00e0ng. SP \u0111\u01b0\u1ee3c b\u1ea3o h\u00e0nh v\u0129nh vi\u1ec5n. T\u01b0 v\u1ea5n 24\/7","breadcrumb":{"@id":"https:\/\/xuongphukientubep.com\/site\/product\/ke-up-chen-dia-1-tang-da-nang-inox-304-niran-nr1007\/#breadcrumb"},"inLanguage":"vi","potentialAction":[{"@type":"ReadAction","target":["https:\/\/xuongphukientubep.com\/site\/product\/ke-up-chen-dia-1-tang-da-nang-inox-304-niran-nr1007\/"]}]},{"@type":"ImageObject","inLanguage":"vi","@id":"https:\/\/xuongphukientubep.com\/site\/product\/ke-up-chen-dia-1-tang-da-nang-inox-304-niran-nr1007\/#primaryimage","url":"https:\/\/xuongphukientubep.com\/site\/wp-content\/uploads\/2020\/01\/gi\u00e1-\u00fap-ch\u00e9n-b\u00e1t-1-t\u1ea7ng-\u0111a-n\u0103ng-inox-304-tr\u00ean-ch\u1eadu-r\u1eeda.jpg","contentUrl":"https:\/\/xuongphukientubep.com\/site\/wp-content\/uploads\/2020\/01\/gi\u00e1-\u00fap-ch\u00e9n-b\u00e1t-1-t\u1ea7ng-\u0111a-n\u0103ng-inox-304-tr\u00ean-ch\u1eadu-r\u1eeda.jpg","width":3024,"height":3024,"caption":"gi\u00e1 \u00fap ch\u00e9n b\u00e1t 1 t\u1ea7ng \u0111a n\u0103ng inox 304 tr\u00ean ch\u1eadu r\u1eeda"},{"@type":"BreadcrumbList","@id":"https:\/\/xuongphukientubep.com\/site\/product\/ke-up-chen-dia-1-tang-da-nang-inox-304-niran-nr1007\/#breadcrumb","itemListElement":[{"@type":"ListItem","position":1,"name":"Trang ch\u1ee7","item":"https:\/\/xuongphukientubep.com\/site\/"},{"@type":"ListItem","position":2,"name":"C\u1eeda H\u00e0ng","item":"https:\/\/xuongphukientubep.com\/site\/shop\/"},{"@type":"ListItem","position":3,"name":"K\u1ec7 \u00fap ch\u00e9n d\u0129a 1 t\u1ea7ng \u0111a n\u0103ng inox 304 Niran NR1007"}]},{"@type":"WebSite","@id":"https:\/\/xuongphukientubep.com\/site\/#website","url":"https:\/\/xuongphukientubep.com\/site\/","name":"Niran","description":"X\u01b0\u1edfng chuy\u00ean s\u1ea3n xu\u1ea5t ph\u1ee5 ki\u1ec7n t\u1ee7 b\u1ebfp inox 304 cao c\u1ea5p","publisher":{"@id":"https:\/\/xuongphukientubep.com\/site\/#organization"},"potentialAction":[{"@type":"SearchAction","target":{"@type":"EntryPoint","urlTemplate":"https:\/\/xuongphukientubep.com\/site\/?s={search_term_string}"},"query-input":{"@type":"PropertyValueSpecification","valueRequired":true,"valueName":"search_term_string"}}],"inLanguage":"vi"},{"@type":"Organization","@id":"https:\/\/xuongphukientubep.com\/site\/#organization","name":"Niran","url":"https:\/\/xuongphukientubep.com\/site\/","logo":{"@type":"ImageObject","inLanguage":"vi","@id":"https:\/\/xuongphukientubep.com\/site\/#\/schema\/logo\/image\/","url":"https:\/\/xuongphukientubep.com\/site\/wp-content\/uploads\/2018\/09\/cropped-215-2.png","contentUrl":"https:\/\/xuongphukientubep.com\/site\/wp-content\/uploads\/2018\/09\/cropped-215-2.png","width":197,"height":108,"caption":"Niran"},"image":{"@id":"https:\/\/xuongphukientubep.com\/site\/#\/schema\/logo\/image\/"}}]}},"amp_enabled":true,"_links":{"self":[{"href":"https:\/\/xuongphukientubep.com\/site\/wp-json\/wp\/v2\/product\/2784"}],"collection":[{"href":"https:\/\/xuongphukientubep.com\/site\/wp-json\/wp\/v2\/product"}],"about":[{"href":"https:\/\/xuongphukientubep.com\/site\/wp-json\/wp\/v2\/types\/product"}],"replies":[{"embeddable":true,"href":"https:\/\/xuongphukientubep.com\/site\/wp-json\/wp\/v2\/comments?post=2784"}],"wp:featuredmedia":[{"embeddable":true,"href":"https:\/\/xuongphukientubep.com\/site\/wp-json\/wp\/v2\/media\/2785"}],"wp:attachment":[{"href":"https:\/\/xuongphukientubep.com\/site\/wp-json\/wp\/v2\/media?parent=2784"}],"curies":[{"name":"wp","href":"https:\/\/api.w.org\/{rel}","templated":true}]}}