{"id":2885,"date":"2020-04-07T11:09:46","date_gmt":"2020-04-07T04:09:46","guid":{"rendered":"https:\/\/xuongphukientubep.com\/site\/?post_type=product&#038;p=2885"},"modified":"2024-04-25T21:17:03","modified_gmt":"2024-04-25T14:17:03","slug":"ke-up-chen-2-tang-treo-inox-304-niran-nr0614","status":"publish","type":"product","link":"https:\/\/xuongphukientubep.com\/site\/product\/ke-up-chen-2-tang-treo-inox-304-niran-nr0614\/","title":{"rendered":"K\u1ec7 \u00fap ch\u00e9n 2 t\u1ea7ng treo inox 304 Niran NR0614"},"content":{"rendered":"<p><em><strong>K\u1ec7 \u00fap ch\u00e9n 2 t\u1ea7ng treo inox 304 Niran NR0614<\/strong><\/em> ph\u00f9 h\u1ee3p v\u1edbi nh\u1eefng gia \u0111\u00ecnh \u0111\u00f4ng th\u00e0nh vi\u00ean, th\u01b0\u1eddng xuy\u00ean ti\u1ec7c t\u00f9ng n\u00ean c\u00f3 nhu c\u1ea7u s\u1eed d\u1ee5ng nhi\u1ec1u ch\u00e9n d\u0129a, v\u00ec v\u1eady r\u1ea5t c\u1ea7n \u0111\u1ebfn s\u1ea3n ph\u1ea9m n\u00e0y. K\u1ec7 \u0111\u01b0\u1ee3c thi\u1ebft k\u1ebf v\u1edbi 8 l\u1ed7 b\u1eaft v\u00edt t\u1ea7ng tr\u00ean c\u00f3 th\u1ec3 b\u1eaft c\u1ea3 3 m\u1eb7t t\u1ee7 b\u1ebfp v\u00ec th\u1ebf \u0111\u01b0\u1ee3c gia c\u1ed1 ch\u1eafc ch\u1eafn v\u1edbi t\u1ee7 n\u00ean ch\u1ecbu l\u1ef1c r\u1ea5t t\u1ed1t.T\u1ea7ng tr\u00ean c\u00f3 c\u00e1c r\u00e3nh k\u00ea d\u0129a v\u1edbi nhi\u1ec1u size kh\u00e1c nhau, ph\u1ea7n c\u00f2n l\u1ea1i c\u1ee7a t\u1ea7ng tr\u00ean n\u00e0y th\u01b0\u1eddng kh\u00e1ch h\u00e0ng s\u1eed d\u1ee5ng \u0111\u1ec3 \u0111\u1ef1ng ch\u00e9n size th\u01b0\u1eddng v\u00e0 c\u00e1c lo\u1ea1i ch\u00e9n ch\u1ea5m nh\u1ecf.T\u1ea7ng d\u01b0\u1edbi chuy\u00ean d\u00f9ng \u0111\u1ef1ng c\u00e1c lo\u1ea1i t\u00f4 b\u00e1t size l\u1edbn v\u00e0 nhi\u1ec1u size kh\u00e1c nhau. K\u00e8m theo \u0111\u00f3 ,\u1ed1ng \u0111\u0169a r\u1eddi \u0111\u01b0\u1ee3c g\u1eafn t\u1ea7ng tr\u00ean r\u1ea5t th\u1ea9m m\u1ef9 v\u00e0 c\u00f3 th\u1ec3 th\u00e1o r\u1eddi lau ch\u00f9i d\u1ec5 d\u00e0ng. K\u1ec7 \u0111\u01b0\u1ee3c l\u00e0m t\u1eeb inox 304 cao c\u1ea5p d\u00e0y ch\u1eafc ch\u1eafn cho ra m\u1ed9t s\u1ea3n ph\u1ea9m ho\u00e0n m\u1ef9 t\u1eeb m\u1eabu m\u00e3 \u0111\u1ebfn ch\u1ea5t l\u01b0\u1ee3ng. \u0110\u00e2y l\u00e0 s\u1ea3n ph\u1ea9m \u0111\u01b0\u1ee3c nhi\u1ec1u qu\u00ed kh\u00e1ch h\u00e0ng \u01b0a chu\u1ed9ng nh\u1ea5t c\u1ee7a X\u01af\u1edeNG PH\u1ee4 KI\u1ec6N T\u1ee6 B\u1ebeP NIRAN<\/p>\n<p><img loading=\"lazy\" decoding=\"async\" class=\" lazy size-full wp-image-2886\" src=\"data:image\/svg+xml,%3Csvg%20xmlns='http:\/\/www.w3.org\/2000\/svg'%20viewBox='0%200%203024%203024'%3E%3C\/svg%3E\" data-src=\"https:\/\/xuongphukientubep.com\/site\/wp-content\/uploads\/2020\/04\/K\u1ec7-\u00fap-ch\u00e9n-2-t\u1ea7ng-treo-inox-304.jpg\" alt=\"K\u1ec7 \u00fap ch\u00e9n 2 t\u1ea7ng treo inox 304\" width=\"3024\" height=\"3024\" data-srcset=\"https:\/\/xuongphukientubep.com\/site\/wp-content\/uploads\/2020\/04\/K\u1ec7-\u00fap-ch\u00e9n-2-t\u1ea7ng-treo-inox-304.jpg 3024w, https:\/\/xuongphukientubep.com\/site\/wp-content\/uploads\/2020\/04\/K\u1ec7-\u00fap-ch\u00e9n-2-t\u1ea7ng-treo-inox-304-150x150.jpg 150w, https:\/\/xuongphukientubep.com\/site\/wp-content\/uploads\/2020\/04\/K\u1ec7-\u00fap-ch\u00e9n-2-t\u1ea7ng-treo-inox-304-300x300.jpg 300w, https:\/\/xuongphukientubep.com\/site\/wp-content\/uploads\/2020\/04\/K\u1ec7-\u00fap-ch\u00e9n-2-t\u1ea7ng-treo-inox-304-768x768.jpg 768w, https:\/\/xuongphukientubep.com\/site\/wp-content\/uploads\/2020\/04\/K\u1ec7-\u00fap-ch\u00e9n-2-t\u1ea7ng-treo-inox-304-1024x1024.jpg 1024w, https:\/\/xuongphukientubep.com\/site\/wp-content\/uploads\/2020\/04\/K\u1ec7-\u00fap-ch\u00e9n-2-t\u1ea7ng-treo-inox-304-75x75.jpg 75w, https:\/\/xuongphukientubep.com\/site\/wp-content\/uploads\/2020\/04\/K\u1ec7-\u00fap-ch\u00e9n-2-t\u1ea7ng-treo-inox-304-444x444.jpg 444w, https:\/\/xuongphukientubep.com\/site\/wp-content\/uploads\/2020\/04\/K\u1ec7-\u00fap-ch\u00e9n-2-t\u1ea7ng-treo-inox-304-600x600.jpg 600w, https:\/\/xuongphukientubep.com\/site\/wp-content\/uploads\/2020\/04\/K\u1ec7-\u00fap-ch\u00e9n-2-t\u1ea7ng-treo-inox-304-100x100.jpg 100w\" sizes=\"(max-width: 3024px) 100vw, 3024px\" \/><\/p>\n<figure id=\"attachment_4224\" aria-describedby=\"caption-attachment-4224\" style=\"width: 1331px\" class=\"wp-caption alignnone\"><img loading=\"lazy\" decoding=\"async\" class=\" lazy wp-image-4224 size-full\" src=\"data:image\/svg+xml,%3Csvg%20xmlns='http:\/\/www.w3.org\/2000\/svg'%20viewBox='0%200%201331%20355'%3E%3C\/svg%3E\" data-src=\"http:\/\/xuongphukientubep.com\/site\/wp-content\/uploads\/2020\/04\/Bang-gia-thong-so-ky-thuat-ke-chen-treo-2-tang-inox-304-niran-nr0614.png\" alt=\"B\u1ea3ng gi\u00e1 K\u1ec7 \u00fap ch\u00e9n 2 t\u1ea7ng treo inox 304 Niran NR0614\" width=\"1331\" height=\"355\" data-srcset=\"https:\/\/xuongphukientubep.com\/site\/wp-content\/uploads\/2020\/04\/Bang-gia-thong-so-ky-thuat-ke-chen-treo-2-tang-inox-304-niran-nr0614.png 1331w, https:\/\/xuongphukientubep.com\/site\/wp-content\/uploads\/2020\/04\/Bang-gia-thong-so-ky-thuat-ke-chen-treo-2-tang-inox-304-niran-nr0614-300x80.png 300w, https:\/\/xuongphukientubep.com\/site\/wp-content\/uploads\/2020\/04\/Bang-gia-thong-so-ky-thuat-ke-chen-treo-2-tang-inox-304-niran-nr0614-768x205.png 768w, https:\/\/xuongphukientubep.com\/site\/wp-content\/uploads\/2020\/04\/Bang-gia-thong-so-ky-thuat-ke-chen-treo-2-tang-inox-304-niran-nr0614-1024x273.png 1024w, https:\/\/xuongphukientubep.com\/site\/wp-content\/uploads\/2020\/04\/Bang-gia-thong-so-ky-thuat-ke-chen-treo-2-tang-inox-304-niran-nr0614-600x160.png 600w\" sizes=\"(max-width: 1331px) 100vw, 1331px\" \/><figcaption id=\"caption-attachment-4224\" class=\"wp-caption-text\">B\u1ea3ng gi\u00e1 K\u1ec7 \u00fap ch\u00e9n 2 t\u1ea7ng treo inox 304 Niran NR0614<\/figcaption><\/figure>\n<h3>T\u01b0 v\u1ea5n &#8211; Thi\u1ebft k\u1ebf &#8211; L\u1eafp \u0111\u1eb7t K\u1ec7 \u00fap ch\u00e9n 2 t\u1ea7ng treo inox 304 Niran NR0614\u00a0theo k\u00edch th\u01b0\u1edbc kh\u00e1ch h\u00e0ng<\/h3>\n<p>Xem th\u00eam c\u00e1c s\u1ea3n ph\u1ea9m kh\u00e1c:<\/p>\n<p class=\"products-title\"><a href=\"https:\/\/xuongphukientubep.com\/site\/product\/ke-up-chen-dia-1-tang-treo-inox-304-niran-nr0615\/\">K\u1ec7 \u00fap ch\u00e9n d\u0129a 1 t\u1ea7ng treo inox 304 Niran NR0615<\/a><\/p>\n<p class=\"products-title\"><a href=\"https:\/\/xuongphukientubep.com\/site\/product\/ke-up-chen-dia-2-tang-inox-304-niran-nr0609\/\">K\u1ec7 \u00fap ch\u00e9n d\u0129a 2 t\u1ea7ng inox 304 Niran NR0609<\/a><\/p>\n<h3 class=\"products-title\">V\u00cc SAO B\u1ea0N N\u00caN CH\u1eccN L\u1ef0A L\u1eaeP \u0110\u1eb6T <a class=\"_58cn\" href=\"https:\/\/www.facebook.com\/hashtag\/ph%E1%BB%A5_ki%E1%BB%87n_inox304_niran?source=feed_text&amp;epa=HASHTAG&amp;__xts__%5B0%5D=68.ARAjInj7j1BwE_crkKWHrBi_H8HR4PXKwCF_t7wLE29LwDh7g61lgUlhR5SSn2GmnWGakPAgvuKnLluRnklOvpOb3ocbWN5WhMWlkx_XSyqAunPwk3uZTzoiR_-y_dr4JMkl8B-frtb1naximlnSo6yBlZa22XPox5bWeyVxrJAM4ksol3wtApiiYDF1g4V9fYKMS37XxP1q9ISku0J5ebdiEfXPCVcO2n6silfk4GZt8XJy5k5VC0MJl2tUUuzKPqgyqjNN8GxY1d7g70r9GO_U6eM8VdpQOeBFYMTd7rbzrc7QkKnyxnsnr7mwmzmHeAwHgGEJdlToW9gSHbiCuBO8VdNfWhb0RDS1nca-06KP-vUxaHeDmOAxUe3C7yMGxilYMwvOSPCpDN1IZgR7gg4XkApdu6Wnm1EWEvkNc5D894MVXe4&amp;__tn__=%2ANK-R\" data-ft=\"{&quot;type&quot;:104,&quot;tn&quot;:&quot;*N&quot;}\"><span class=\"_5afx\"><span class=\"_58cm\">PH\u1ee4_KI\u1ec6N_INOX304_NIRAN<\/span><\/span><\/a><\/h3>\n<p><span style=\"vertical-align: inherit;\">B\u1ea1n \u0111\u00e3 s\u1edf h\u1eefu hay \u0111ang l\u00ean \u00fd t\u01b0\u1edfng ho\u00e0n thi\u1ec7n cho t\u1ee7 b\u1ebfp c\u1ee7a b\u1ea1n?<\/span><br \/>\n<span style=\"vertical-align: inherit;\">B\u1ea1n \u0111ang b\u0103n kho\u0103n v\u1ec1 vi\u1ec7c mua ph\u1ee5 ki\u1ec7n t\u1ee7 b\u1ebfp tr\u01b0\u1edbc hay sau khi ho\u00e0n thi\u1ec7n t\u1ee7 b\u1ebfp?<\/span><br \/>\n<span style=\"vertical-align: inherit;\">S\u1ee3 r\u1eb1ng mua ph\u1ee5 ki\u1ec7n tr\u01b0\u1edbc th\u00ec ph\u1ea3i theo k\u00edch th\u01b0\u1edbc c\u00f3 s\u1eb5n kh\u00f4ng h\u1ee3p v\u1edbi thi\u1ebft k\u1ebf v\u1edbi nhu c\u1ea7u ,c\u00f2n mua sau th\u00ec s\u1ee3 l\u1eafp kh\u00f4ng v\u1eeba.<\/span><br \/>\n<span style=\"vertical-align: inherit;\">C\u00f3 <\/span><span style=\"vertical-align: inherit;\">X\u01af\u1edeNG PH\u1ee4 KI\u1ec6N T\u1ee6 B\u1ebeP<\/span><span style=\"vertical-align: inherit;\"> \u0111\u00e2y r\u1ed3i , kh\u00f4ng c\u1ea7n lo n\u1eefa nh\u00e9 , c\u1ee9 tho\u1ea3i m\u00e1i x\u00e2y d\u1ef1ng t\u1ee7 b\u1ebfp theo \u00fd th\u00edch c\u1ee7a gia \u0111\u00ecnh b\u1ea1n.C\u00f2n vi\u1ec7c g\u1eafn ph\u1ee5 ki\u1ec7n t\u1ee7 b\u1ebfp X\u01af\u1edeNG em s\u1ebd lo t\u1ea5t \u1ea1.<\/span><\/p>\n<p>\u2705K\u00edch th\u01b0\u1edbc ph\u1ee5 ki\u1ec7n s\u1ebd \u0111\u01b0\u1ee3c thi\u1ebft k\u1ebf, \u0111o \u0111\u1ea1c theo t\u1eebng milimet t\u1ee7 b\u1ebfp c\u1ee7a kh\u00e1ch h\u00e0ng.<br \/>\n\u2705\u0110\u1eb7c bi\u1ec7t x\u01b0\u1edfng s\u1ebd thi\u1ebft k\u1ebf theo nhu c\u1ea7u ri\u00eang c\u1ee7a m\u1ed7i kh\u00e1ch h\u00e0ng.<br \/>\n\u2705M\u1eabu m\u00e3 th\u1ea9m m\u1ef9 t\u01b0\u01a1ng th\u00edch v\u1edbi t\u1ee7 b\u1ebfp c\u00f3 s\u1eb5n, k\u00edch th\u01b0\u1edbc th\u00ec v\u1eeba kh\u00edt.<br \/>\n\u2705X\u01b0\u1edfng ch\u1ec9 s\u1eed d\u1ee5ng duy nh\u1ea5t ch\u1ea5t li\u1ec7u inox 304 \u0111\u1ec3 l\u00e0m n\u00ean s\u1ea3n ph\u1ea9m c\u00f3 \u0111\u1ed9 b\u1ec1n cao nh\u1ea5t.<br \/>\n\u2705Lu\u00f4n c\u1eadp nh\u1eadt m\u1eabu m\u00e3 m\u1edbi \u0111\u1ebfn v\u1edbi kh\u00e1ch h\u00e0ng<br \/>\n\u2705S\u1ea3n ph\u1ea9m b\u1ea3o h\u00e0nh tr\u1ecdn \u0111\u1eddi<\/p>\n<p>Li\u00ean h\u1ec7 t\u01b0 v\u1ea5n mi\u1ec5n ph\u00ed \u0110T\/Zalo : 0933103313<br \/>\nShowroom: 4\/40 L\u01b0u Ch\u00ed Hi\u1ebfu, Ph\u01b0\u1eddng T\u00e2y Th\u1ea1nh, Qu\u1eadn T\u00e2n Ph\u00fa, TP.HCM<\/p>\n<p>X\u01b0\u1edbng SX: 61\/2 Qu\u1ed1c L\u1ed9 1A, Ti\u1ec1n L\u00e2n 15, B\u00e0 \u0110i\u1ec3m, Hooc M\u00f4n,TP.HCM<\/p>\n<p><span style=\"vertical-align: inherit;\">Xem th\u00eam &gt;&gt;&gt; <a href=\"https:\/\/xuongphukientubep.com\/site\/category\/hinh-anh-thi-cong-thuc-te-phu-kien-tu-bep\/\">H\u00ecnh \u1ea3nh thi c\u00f4ng th\u1ef1c t\u1ebf ph\u1ee5 ki\u1ec7n t\u1ee7 b\u1ebfp Niran <\/a><\/span><\/p>\n<p><a href=\"https:\/\/www.facebook.com\/xuongphukientubep\/\"><span style=\"vertical-align: inherit;\">https:\/\/www.facebook.com\/xuongphukientubep\/<\/span><\/a><\/p>\n","protected":false},"excerpt":{"rendered":"<p><strong>Nh\u00e3n hi\u1ec7u <\/strong>: <span style=\"color: #0000ff;\"><strong>NIRAN<\/strong><\/span> &#8211; S\u1ea3n xu\u1ea5t t\u1ea1i Vi\u1ec7t Nam<br \/>\n<strong>M\u00e3 SP: NR0614<\/strong><br \/>\n<strong>Ch\u1ea5t li\u1ec7u:<\/strong> inox 304 b\u00f3ng \u0111\u00fac \u0111\u1eb7c<br \/>\n<strong>K\u00edch th\u01b0\u1edbc:<\/strong> 700 x 300 x\u00a0 280 mm (K\u00edch th\u01b0\u1edbc c\u00f3 th\u1ec3 \u0111\u1eb7t s\u1ea3n xu\u1ea5t theo s\u1ed1 \u0111o t\u1ee7 b\u1ebfp c\u1ee7a kh\u00e1ch )<\/p>\n<p>X\u01af\u1edeNG CHUY\u00caN S\u1ea2N XU\u1ea4T PH\u1ee4 KI\u1ec6N T\u1ee6 B\u1ebeP THEO S\u1ed0 \u0110O T\u1ee6 B\u1ebeP C\u1ee6A QU\u00dd KH\u00c1CH &#8211; 0933103313<\/p>\n<p>Mi\u1ec5n ph\u00ed t\u01b0 v\u1ea5n ,l\u1eafp \u0111\u1eb7t v\u00e0 b\u1ea3o h\u00e0nh s\u1ea3n ph\u1ea9m tr\u1ecdn \u0111\u1eddi<\/p>\n<p><span class=\"_5mfr _47e3\"><span class=\"_7oe\">\u00a0Mi\u1ec5n ph\u00ed giao h\u00e0ng n\u1ed9i th\u00e0nh TP. H\u1ed3 Ch\u00ed Minh v\u1edbi \u0111\u01a1n h\u00e0ng &gt;1.000.000\u0111 v\u00e0 free ship c\u00e1c t\u1ec9nh v\u1edbi \u0111\u01a1n h\u00e0ng &gt;5.000.000\u0111<\/span><\/span><\/p>\n","protected":false},"featured_media":2886,"comment_status":"open","ping_status":"closed","template":"","meta":{"_exactmetrics_skip_tracking":false,"_exactmetrics_sitenote_active":false,"_exactmetrics_sitenote_note":"","_exactmetrics_sitenote_category":0},"yoast_head":"<!-- This site is optimized with the Yoast SEO plugin v24.5 - https:\/\/yoast.com\/wordpress\/plugins\/seo\/ -->\n<title>K\u1ec7 \u00fap ch\u00e9n 2 t\u1ea7ng treo inox 304 Niran NR0614 - Made in Viet Nam<\/title>\n<meta name=\"description\" content=\"X\u01b0\u1edfng chuy\u00ean thi\u1ebft k\u1ebf SX K\u1ec7 \u00fap ch\u00e9n 2 t\u1ea7ng treo inox 304 Niran theo k\u00edch th\u01b0\u1edbc y\u00eau c\u1ea7u c\u1ee7a kh\u00e1ch h\u00e0ng. \u2705SP \u0111\u01b0\u1ee3c BH v\u0129nh vi\u1ec5n.\u2705 Giao h\u00e0ng tr\u00ean to\u00e0n qu\u1ed1c\" \/>\n<meta name=\"robots\" content=\"index, follow, max-snippet:-1, max-image-preview:large, max-video-preview:-1\" \/>\n<link rel=\"canonical\" href=\"https:\/\/xuongphukientubep.com\/site\/product\/ke-up-chen-2-tang-treo-inox-304-niran-nr0614\/\" \/>\n<meta property=\"og:locale\" content=\"vi_VN\" \/>\n<meta property=\"og:type\" content=\"article\" \/>\n<meta property=\"og:title\" content=\"K\u1ec7 \u00fap ch\u00e9n 2 t\u1ea7ng treo inox 304 Niran NR0614 - Made in Viet Nam\" \/>\n<meta property=\"og:description\" content=\"X\u01b0\u1edfng chuy\u00ean thi\u1ebft k\u1ebf SX K\u1ec7 \u00fap ch\u00e9n 2 t\u1ea7ng treo inox 304 Niran theo k\u00edch th\u01b0\u1edbc y\u00eau c\u1ea7u c\u1ee7a kh\u00e1ch h\u00e0ng. \u2705SP \u0111\u01b0\u1ee3c BH v\u0129nh vi\u1ec5n.\u2705 Giao h\u00e0ng tr\u00ean to\u00e0n qu\u1ed1c\" \/>\n<meta property=\"og:url\" content=\"https:\/\/xuongphukientubep.com\/site\/product\/ke-up-chen-2-tang-treo-inox-304-niran-nr0614\/\" \/>\n<meta property=\"og:site_name\" content=\"Niran\" \/>\n<meta property=\"article:modified_time\" content=\"2024-04-25T14:17:03+00:00\" \/>\n<meta property=\"og:image\" content=\"https:\/\/xuongphukientubep.com\/site\/wp-content\/uploads\/2020\/04\/K\u1ec7-\u00fap-ch\u00e9n-2-t\u1ea7ng-treo-inox-304.jpg\" \/>\n\t<meta property=\"og:image:width\" content=\"3024\" \/>\n\t<meta property=\"og:image:height\" content=\"3024\" \/>\n\t<meta property=\"og:image:type\" content=\"image\/jpeg\" \/>\n<meta name=\"twitter:card\" content=\"summary_large_image\" \/>\n<meta name=\"twitter:label1\" content=\"\u01af\u1edbc t\u00ednh th\u1eddi gian \u0111\u1ecdc\" \/>\n\t<meta name=\"twitter:data1\" content=\"4 ph\u00fat\" \/>\n<!-- \/ Yoast SEO plugin. -->","yoast_head_json":{"title":"K\u1ec7 \u00fap ch\u00e9n 2 t\u1ea7ng treo inox 304 Niran NR0614 - Made in Viet Nam","description":"X\u01b0\u1edfng chuy\u00ean thi\u1ebft k\u1ebf SX K\u1ec7 \u00fap ch\u00e9n 2 t\u1ea7ng treo inox 304 Niran theo k\u00edch th\u01b0\u1edbc y\u00eau c\u1ea7u c\u1ee7a kh\u00e1ch h\u00e0ng. \u2705SP \u0111\u01b0\u1ee3c BH v\u0129nh vi\u1ec5n.\u2705 Giao h\u00e0ng tr\u00ean to\u00e0n qu\u1ed1c","robots":{"index":"index","follow":"follow","max-snippet":"max-snippet:-1","max-image-preview":"max-image-preview:large","max-video-preview":"max-video-preview:-1"},"canonical":"https:\/\/xuongphukientubep.com\/site\/product\/ke-up-chen-2-tang-treo-inox-304-niran-nr0614\/","og_locale":"vi_VN","og_type":"article","og_title":"K\u1ec7 \u00fap ch\u00e9n 2 t\u1ea7ng treo inox 304 Niran NR0614 - Made in Viet Nam","og_description":"X\u01b0\u1edfng chuy\u00ean thi\u1ebft k\u1ebf SX K\u1ec7 \u00fap ch\u00e9n 2 t\u1ea7ng treo inox 304 Niran theo k\u00edch th\u01b0\u1edbc y\u00eau c\u1ea7u c\u1ee7a kh\u00e1ch h\u00e0ng. \u2705SP \u0111\u01b0\u1ee3c BH v\u0129nh vi\u1ec5n.\u2705 Giao h\u00e0ng tr\u00ean to\u00e0n qu\u1ed1c","og_url":"https:\/\/xuongphukientubep.com\/site\/product\/ke-up-chen-2-tang-treo-inox-304-niran-nr0614\/","og_site_name":"Niran","article_modified_time":"2024-04-25T14:17:03+00:00","og_image":[{"width":3024,"height":3024,"url":"https:\/\/xuongphukientubep.com\/site\/wp-content\/uploads\/2020\/04\/K\u1ec7-\u00fap-ch\u00e9n-2-t\u1ea7ng-treo-inox-304.jpg","type":"image\/jpeg"}],"twitter_card":"summary_large_image","twitter_misc":{"\u01af\u1edbc t\u00ednh th\u1eddi gian \u0111\u1ecdc":"4 ph\u00fat"},"schema":{"@context":"https:\/\/schema.org","@graph":[{"@type":"WebPage","@id":"https:\/\/xuongphukientubep.com\/site\/product\/ke-up-chen-2-tang-treo-inox-304-niran-nr0614\/","url":"https:\/\/xuongphukientubep.com\/site\/product\/ke-up-chen-2-tang-treo-inox-304-niran-nr0614\/","name":"K\u1ec7 \u00fap ch\u00e9n 2 t\u1ea7ng treo inox 304 Niran NR0614 - Made in Viet Nam","isPartOf":{"@id":"https:\/\/xuongphukientubep.com\/site\/#website"},"primaryImageOfPage":{"@id":"https:\/\/xuongphukientubep.com\/site\/product\/ke-up-chen-2-tang-treo-inox-304-niran-nr0614\/#primaryimage"},"image":{"@id":"https:\/\/xuongphukientubep.com\/site\/product\/ke-up-chen-2-tang-treo-inox-304-niran-nr0614\/#primaryimage"},"thumbnailUrl":"https:\/\/xuongphukientubep.com\/site\/wp-content\/uploads\/2020\/04\/K\u1ec7-\u00fap-ch\u00e9n-2-t\u1ea7ng-treo-inox-304.jpg","datePublished":"2020-04-07T04:09:46+00:00","dateModified":"2024-04-25T14:17:03+00:00","description":"X\u01b0\u1edfng chuy\u00ean thi\u1ebft k\u1ebf SX K\u1ec7 \u00fap ch\u00e9n 2 t\u1ea7ng treo inox 304 Niran theo k\u00edch th\u01b0\u1edbc y\u00eau c\u1ea7u c\u1ee7a kh\u00e1ch h\u00e0ng. \u2705SP \u0111\u01b0\u1ee3c BH v\u0129nh vi\u1ec5n.\u2705 Giao h\u00e0ng tr\u00ean to\u00e0n qu\u1ed1c","breadcrumb":{"@id":"https:\/\/xuongphukientubep.com\/site\/product\/ke-up-chen-2-tang-treo-inox-304-niran-nr0614\/#breadcrumb"},"inLanguage":"vi","potentialAction":[{"@type":"ReadAction","target":["https:\/\/xuongphukientubep.com\/site\/product\/ke-up-chen-2-tang-treo-inox-304-niran-nr0614\/"]}]},{"@type":"ImageObject","inLanguage":"vi","@id":"https:\/\/xuongphukientubep.com\/site\/product\/ke-up-chen-2-tang-treo-inox-304-niran-nr0614\/#primaryimage","url":"https:\/\/xuongphukientubep.com\/site\/wp-content\/uploads\/2020\/04\/K\u1ec7-\u00fap-ch\u00e9n-2-t\u1ea7ng-treo-inox-304.jpg","contentUrl":"https:\/\/xuongphukientubep.com\/site\/wp-content\/uploads\/2020\/04\/K\u1ec7-\u00fap-ch\u00e9n-2-t\u1ea7ng-treo-inox-304.jpg","width":3024,"height":3024,"caption":"K\u1ec7 \u00fap ch\u00e9n 2 t\u1ea7ng treo inox 304"},{"@type":"BreadcrumbList","@id":"https:\/\/xuongphukientubep.com\/site\/product\/ke-up-chen-2-tang-treo-inox-304-niran-nr0614\/#breadcrumb","itemListElement":[{"@type":"ListItem","position":1,"name":"Trang ch\u1ee7","item":"https:\/\/xuongphukientubep.com\/site\/"},{"@type":"ListItem","position":2,"name":"C\u1eeda H\u00e0ng","item":"https:\/\/xuongphukientubep.com\/site\/shop\/"},{"@type":"ListItem","position":3,"name":"K\u1ec7 \u00fap ch\u00e9n 2 t\u1ea7ng treo inox 304 Niran NR0614"}]},{"@type":"WebSite","@id":"https:\/\/xuongphukientubep.com\/site\/#website","url":"https:\/\/xuongphukientubep.com\/site\/","name":"Niran","description":"X\u01b0\u1edfng chuy\u00ean s\u1ea3n xu\u1ea5t ph\u1ee5 ki\u1ec7n t\u1ee7 b\u1ebfp inox 304 cao c\u1ea5p","publisher":{"@id":"https:\/\/xuongphukientubep.com\/site\/#organization"},"potentialAction":[{"@type":"SearchAction","target":{"@type":"EntryPoint","urlTemplate":"https:\/\/xuongphukientubep.com\/site\/?s={search_term_string}"},"query-input":{"@type":"PropertyValueSpecification","valueRequired":true,"valueName":"search_term_string"}}],"inLanguage":"vi"},{"@type":"Organization","@id":"https:\/\/xuongphukientubep.com\/site\/#organization","name":"Niran","url":"https:\/\/xuongphukientubep.com\/site\/","logo":{"@type":"ImageObject","inLanguage":"vi","@id":"https:\/\/xuongphukientubep.com\/site\/#\/schema\/logo\/image\/","url":"https:\/\/xuongphukientubep.com\/site\/wp-content\/uploads\/2018\/09\/cropped-215-2.png","contentUrl":"https:\/\/xuongphukientubep.com\/site\/wp-content\/uploads\/2018\/09\/cropped-215-2.png","width":197,"height":108,"caption":"Niran"},"image":{"@id":"https:\/\/xuongphukientubep.com\/site\/#\/schema\/logo\/image\/"}}]}},"amp_enabled":true,"_links":{"self":[{"href":"https:\/\/xuongphukientubep.com\/site\/wp-json\/wp\/v2\/product\/2885"}],"collection":[{"href":"https:\/\/xuongphukientubep.com\/site\/wp-json\/wp\/v2\/product"}],"about":[{"href":"https:\/\/xuongphukientubep.com\/site\/wp-json\/wp\/v2\/types\/product"}],"replies":[{"embeddable":true,"href":"https:\/\/xuongphukientubep.com\/site\/wp-json\/wp\/v2\/comments?post=2885"}],"wp:featuredmedia":[{"embeddable":true,"href":"https:\/\/xuongphukientubep.com\/site\/wp-json\/wp\/v2\/media\/2886"}],"wp:attachment":[{"href":"https:\/\/xuongphukientubep.com\/site\/wp-json\/wp\/v2\/media?parent=2885"}],"curies":[{"name":"wp","href":"https:\/\/api.w.org\/{rel}","templated":true}]}}