{"id":3032,"date":"2019-05-11T17:28:35","date_gmt":"2019-05-11T10:28:35","guid":{"rendered":"https:\/\/xuongphukientubep.com\/site\/?post_type=product&#038;p=3032"},"modified":"2026-04-21T15:16:48","modified_gmt":"2026-04-21T08:16:48","slug":"khay-up-ly-de-ban-inox-304-niran-nr3017","status":"publish","type":"product","link":"https:\/\/xuongphukientubep.com\/site\/product\/khay-up-ly-de-ban-inox-304-niran-nr3017\/","title":{"rendered":"Khay \u00fap ly \u0111\u1ec3 b\u00e0n inox 304 Niran NR3017"},"content":{"rendered":"<p><em><strong>Khay \u00fap ly \u0111\u1ec3 b\u00e0n inox 304 Niran NR3017<\/strong><\/em> v\u1edbi thi\u1ebft k\u1ebf l\u1ea1 m\u1eaft thu h\u00fat ng\u01b0\u1eddi nhi\u0300n c\u1ee7a X\u01b0\u1edfng ph\u1ee5 ki\u1ec7n t\u1ee7 b\u1ebfp Niran c\u00f3 l\u1ebd \u0111ang l\u00e0 m\u1ed9t trong nh\u1eefng s\u1ea3n ph\u1ea9m \u0111\u1ed9c quy\u1ec1n \u0111ang \u0111\u01b0\u1ee3c \u0111\u1ea1i \u0111a s\u1ed1 kh\u00e1ch h\u00e0ng l\u00e0 ch\u1ee7 nh\u00e0 h\u00e0ng , coffee \u01b0a chu\u1ed9ng. K\u1ec7 d\u1ec5 d\u00e0ng \u0111i chuy\u1ec3n ,thi\u1ebft k\u1ebf v\u1eeba v\u1edbi t\u1ea7m tay. S\u1ea3n ph\u1ea9m \u0111\u01b0\u1ee3c thi\u1ebft k\u1ebf m\u1edf r\u1ed9ng di\u1ec7n t\u00edch s\u1eed d\u1ee5ng cho ng\u01b0\u1eddi d\u00f9ng , duy nh\u1ea5t m\u1ed9t m\u1eb7t ph\u1eb3ng \u0111\u1ec3 c\u00f3 th\u1ec3 k\u00ea \u0111\u01b0\u1ee3c t\u1ea5t c\u1ea3 c\u00e1c lo\u1ea1i ly t\u00e1ch kh\u00e1c nhau v\u1edbi nhi\u1ec1u size kh\u00e1c nhau .Ph\u00eda d\u01b0\u1edbi \u0111\u01b0\u1ee3c trang b\u1ecb th\u00eam khay h\u1ee9ng n\u01b0\u1edbc, gi\u00fap b\u1ea1n gi\u1eef g\u00ecn s\u1ea1ch s\u1ebd, kh\u00f4 r\u00e1o khu v\u1ef1c s\u1eed d\u1ee5ng v\u00e0 d\u1ec5 d\u00e0ng ch\u00f9i r\u1eeda .K\u1ec7 \u0111\u01b0\u1ee3c l\u00e0m ho\u00e0n to\u00e0n t\u1eebng chi ti\u1ebft nh\u1ecf nh\u1ea5t t\u1eeb inox 304 cao c\u1ea5p , n\u00ean cho ra s\u1ea3n ph\u1ea9m ch\u1ea5t l\u01b0\u1ee3ng \u0111\u1ec9nh cao , b\u1ec1n b\u1ec9 v\u1edbi th\u1eddi gian. Gi\u1eefa thi\u1ebft k\u1ebf v\u00e0 ch\u1ea5t l\u01b0\u1ee3ng k\u1ebft h\u1ee3p l\u1ea1i \u0111\u00e3 t\u1ea1o ra m\u1ed9t s\u1ea3n ph\u1ea9m v\u00f4 c\u00f9ng ho\u00e0n h\u1ea3o.<\/p>\n<p><img loading=\"lazy\" decoding=\"async\" class=\" lazy size-full wp-image-3035\" src=\"data:image\/svg+xml,%3Csvg%20xmlns='http:\/\/www.w3.org\/2000\/svg'%20viewBox='0%200%203024%203024'%3E%3C\/svg%3E\" data-src=\"https:\/\/xuongphukientubep.com\/site\/wp-content\/uploads\/2020\/08\/Khay-\u00fap-ly-c\u1ed1c-inox-304-\u0111\u1ec3-b\u00e0n.jpg\" alt=\"Khay \u00fap ly c\u1ed1c inox 304 \u0111\u1ec3 b\u00e0n\" width=\"3024\" height=\"3024\" data-srcset=\"https:\/\/xuongphukientubep.com\/site\/wp-content\/uploads\/2020\/08\/Khay-\u00fap-ly-c\u1ed1c-inox-304-\u0111\u1ec3-b\u00e0n.jpg 3024w, https:\/\/xuongphukientubep.com\/site\/wp-content\/uploads\/2020\/08\/Khay-\u00fap-ly-c\u1ed1c-inox-304-\u0111\u1ec3-b\u00e0n-150x150.jpg 150w, https:\/\/xuongphukientubep.com\/site\/wp-content\/uploads\/2020\/08\/Khay-\u00fap-ly-c\u1ed1c-inox-304-\u0111\u1ec3-b\u00e0n-300x300.jpg 300w, https:\/\/xuongphukientubep.com\/site\/wp-content\/uploads\/2020\/08\/Khay-\u00fap-ly-c\u1ed1c-inox-304-\u0111\u1ec3-b\u00e0n-768x768.jpg 768w, https:\/\/xuongphukientubep.com\/site\/wp-content\/uploads\/2020\/08\/Khay-\u00fap-ly-c\u1ed1c-inox-304-\u0111\u1ec3-b\u00e0n-1024x1024.jpg 1024w, https:\/\/xuongphukientubep.com\/site\/wp-content\/uploads\/2020\/08\/Khay-\u00fap-ly-c\u1ed1c-inox-304-\u0111\u1ec3-b\u00e0n-75x75.jpg 75w, https:\/\/xuongphukientubep.com\/site\/wp-content\/uploads\/2020\/08\/Khay-\u00fap-ly-c\u1ed1c-inox-304-\u0111\u1ec3-b\u00e0n-444x444.jpg 444w, https:\/\/xuongphukientubep.com\/site\/wp-content\/uploads\/2020\/08\/Khay-\u00fap-ly-c\u1ed1c-inox-304-\u0111\u1ec3-b\u00e0n-600x600.jpg 600w, https:\/\/xuongphukientubep.com\/site\/wp-content\/uploads\/2020\/08\/Khay-\u00fap-ly-c\u1ed1c-inox-304-\u0111\u1ec3-b\u00e0n-100x100.jpg 100w\" sizes=\"(max-width: 3024px) 100vw, 3024px\" \/><\/p>\n<figure id=\"attachment_4249\" aria-describedby=\"caption-attachment-4249\" style=\"width: 1331px\" class=\"wp-caption alignnone\"><img loading=\"lazy\" decoding=\"async\" class=\" lazy wp-image-4249 size-full\" src=\"data:image\/svg+xml,%3Csvg%20xmlns='http:\/\/www.w3.org\/2000\/svg'%20viewBox='0%200%201331%20288'%3E%3C\/svg%3E\" data-src=\"http:\/\/xuongphukientubep.com\/site\/wp-content\/uploads\/2019\/05\/Bang-gia-thong-so-ky-thuat-ke-chen-1-tang-de-ban-inox-304-niran-nr3017.png\" alt=\"B\u1ea3ng gi\u00e1 Khay \u00fap ly \u0111\u1ec3 b\u00e0n inox 304 Niran NR3017\" width=\"1331\" height=\"288\" data-srcset=\"https:\/\/xuongphukientubep.com\/site\/wp-content\/uploads\/2019\/05\/Bang-gia-thong-so-ky-thuat-ke-chen-1-tang-de-ban-inox-304-niran-nr3017.png 1331w, https:\/\/xuongphukientubep.com\/site\/wp-content\/uploads\/2019\/05\/Bang-gia-thong-so-ky-thuat-ke-chen-1-tang-de-ban-inox-304-niran-nr3017-300x65.png 300w, https:\/\/xuongphukientubep.com\/site\/wp-content\/uploads\/2019\/05\/Bang-gia-thong-so-ky-thuat-ke-chen-1-tang-de-ban-inox-304-niran-nr3017-768x166.png 768w, https:\/\/xuongphukientubep.com\/site\/wp-content\/uploads\/2019\/05\/Bang-gia-thong-so-ky-thuat-ke-chen-1-tang-de-ban-inox-304-niran-nr3017-1024x222.png 1024w, https:\/\/xuongphukientubep.com\/site\/wp-content\/uploads\/2019\/05\/Bang-gia-thong-so-ky-thuat-ke-chen-1-tang-de-ban-inox-304-niran-nr3017-600x130.png 600w\" sizes=\"(max-width: 1331px) 100vw, 1331px\" \/><figcaption id=\"caption-attachment-4249\" class=\"wp-caption-text\">B\u1ea3ng gi\u00e1 Khay \u00fap ly \u0111\u1ec3 b\u00e0n inox 304 Niran NR3017<\/figcaption><\/figure>\n<h3>T\u01b0 v\u1ea5n &#8211; Thi\u1ebft k\u1ebf &#8211; L\u1eafp \u0111\u1eb7t Khay \u00fap ly \u0111\u1ec3 b\u00e0n inox 304 Niran NR3017\u00a0theo k\u00edch th\u01b0\u1edbc kh\u00e1ch h\u00e0ng<\/h3>\n<p>Xem th\u00eam c\u00e1c s\u1ea3n ph\u1ea9m kh\u00e1c:<\/p>\n<p class=\"products-title\"><a href=\"https:\/\/xuongphukientubep.com\/site\/product\/ke-dao-thot-da-nang-de-ban-inox-304-niran-nr3020\/\">K\u1ec7 dao th\u1edbt \u0111a n\u0103ng \u0111\u1ec3 b\u00e0n inox 304 Niran NR3020<\/a><\/p>\n<p class=\"products-title\"><a href=\"https:\/\/xuongphukientubep.com\/site\/product\/ke-chen-dia-2-tang-de-ban-inox-304-niran-nr1002\/\">K\u1ec7 ch\u00e9n d\u0129a 2 t\u1ea7ng \u0111\u1ec3 b\u00e0n inox 304 Niran NR1002<\/a><\/p>\n<p><span style=\"vertical-align: inherit;\">B\u1ea1n \u0111\u00e3 s\u1edf h\u1eefu hay \u0111ang l\u00ean \u00fd t\u01b0\u1edfng ho\u00e0n thi\u1ec7n cho t\u1ee7 b\u1ebfp c\u1ee7a b\u1ea1n?<\/span><br \/>\n<span style=\"vertical-align: inherit;\">B\u1ea1n \u0111ang b\u0103n kho\u0103n v\u1ec1 vi\u1ec7c mua ph\u1ee5 ki\u1ec7n t\u1ee7 b\u1ebfp tr\u01b0\u1edbc hay sau khi ho\u00e0n thi\u1ec7n t\u1ee7 b\u1ebfp?<\/span><br \/>\n<span style=\"vertical-align: inherit;\">S\u1ee3 r\u1eb1ng mua ph\u1ee5 ki\u1ec7n tr\u01b0\u1edbc th\u00ec ph\u1ea3i theo k\u00edch th\u01b0\u1edbc c\u00f3 s\u1eb5n kh\u00f4ng h\u1ee3p v\u1edbi thi\u1ebft k\u1ebf v\u1edbi nhu c\u1ea7u ,c\u00f2n mua sau th\u00ec s\u1ee3 l\u1eafp kh\u00f4ng v\u1eeba.<\/span><br \/>\n<span style=\"vertical-align: inherit;\">C\u00f3 <\/span><span style=\"vertical-align: inherit;\">X\u01af\u1edeNG PH\u1ee4 KI\u1ec6N T\u1ee6 B\u1ebeP<\/span><span style=\"vertical-align: inherit;\"> \u0111\u00e2y r\u1ed3i , kh\u00f4ng c\u1ea7n lo n\u1eefa nh\u00e9 , c\u1ee9 tho\u1ea3i m\u00e1i x\u00e2y d\u1ef1ng t\u1ee7 b\u1ebfp theo \u00fd th\u00edch c\u1ee7a gia \u0111\u00ecnh b\u1ea1n.C\u00f2n vi\u1ec7c g\u1eafn ph\u1ee5 ki\u1ec7n t\u1ee7 b\u1ebfp X\u01af\u1edeNG em s\u1ebd lo t\u1ea5t \u1ea1.<\/span><\/p>\n<p>\u2665 K\u00edch th\u01b0\u1edbc ph\u1ee5 ki\u1ec7n s\u1ebd \u0111\u01b0\u1ee3c thi\u1ebft k\u1ebf, \u0111o \u0111\u1ea1c theo t\u1eebng milimet t\u1ee7 b\u1ebfp c\u1ee7a kh\u00e1ch h\u00e0ng.<br \/>\n\u2665 \u0110\u1eb7c bi\u1ec7t x\u01b0\u1edfng s\u1ebd thi\u1ebft k\u1ebf theo nhu c\u1ea7u ri\u00eang c\u1ee7a m\u1ed7i kh\u00e1ch h\u00e0ng.<br \/>\n\u2665 M\u1eabu m\u00e3 th\u1ea9m m\u1ef9 t\u01b0\u01a1ng th\u00edch v\u1edbi t\u1ee7 b\u1ebfp c\u00f3 s\u1eb5n, k\u00edch th\u01b0\u1edbc th\u00ec v\u1eeba kh\u00edt.<br \/>\n\u2665 X\u01b0\u1edfng ch\u1ec9 s\u1eed d\u1ee5ng duy nh\u1ea5t ch\u1ea5t li\u1ec7u inox 304 \u0111\u1ec3 l\u00e0m n\u00ean s\u1ea3n ph\u1ea9m c\u00f3 \u0111\u1ed9 b\u1ec1n cao nh\u1ea5t.<br \/>\n\u2665 Lu\u00f4n c\u1eadp nh\u1eadt m\u1eabu m\u00e3 m\u1edbi \u0111\u1ebfn v\u1edbi kh\u00e1ch h\u00e0ng<br \/>\n\u2665 S\u1ea3n ph\u1ea9m b\u1ea3o h\u00e0nh tr\u1ecdn \u0111\u1eddi<\/p>\n<p><img loading=\"lazy\" decoding=\"async\" class=\" lazy size-full wp-image-3009\" src=\"data:image\/svg+xml,%3Csvg%20xmlns='http:\/\/www.w3.org\/2000\/svg'%20viewBox='0%200%20899%20316'%3E%3C\/svg%3E\" data-src=\"https:\/\/xuongphukientubep.com\/site\/wp-content\/uploads\/2019\/07\/Ch\u1ebf-\u0111\u1ed9-b\u1ea3o-h\u00e0nh-s\u1ea3n-ph\u1ea9m-Niran.png\" alt=\"Ch\u1ebf \u0111\u1ed9 b\u1ea3o h\u00e0nh s\u1ea3n ph\u1ea9m Niran\" width=\"899\" height=\"316\" \/><\/p>\n<p><img loading=\"lazy\" decoding=\"async\" class=\" lazy size-full wp-image-3010\" src=\"data:image\/svg+xml,%3Csvg%20xmlns='http:\/\/www.w3.org\/2000\/svg'%20viewBox='0%200%20904%20253'%3E%3C\/svg%3E\" data-src=\"https:\/\/xuongphukientubep.com\/site\/wp-content\/uploads\/2019\/07\/Ph\u01b0\u01a1ng-th\u1ee9c-v\u1eadn-chuy\u1ec3n-h\u00e0ng-h\u00f3a.png\" alt=\"Ph\u01b0\u01a1ng th\u1ee9c v\u1eadn chuy\u1ec3n h\u00e0ng h\u00f3a\" width=\"904\" height=\"253\" data-srcset=\"https:\/\/xuongphukientubep.com\/site\/wp-content\/uploads\/2019\/07\/Ph\u01b0\u01a1ng-th\u1ee9c-v\u1eadn-chuy\u1ec3n-h\u00e0ng-h\u00f3a.png 904w, https:\/\/xuongphukientubep.com\/site\/wp-content\/uploads\/2019\/07\/Ph\u01b0\u01a1ng-th\u1ee9c-v\u1eadn-chuy\u1ec3n-h\u00e0ng-h\u00f3a-300x84.png 300w, https:\/\/xuongphukientubep.com\/site\/wp-content\/uploads\/2019\/07\/Ph\u01b0\u01a1ng-th\u1ee9c-v\u1eadn-chuy\u1ec3n-h\u00e0ng-h\u00f3a-768x215.png 768w, https:\/\/xuongphukientubep.com\/site\/wp-content\/uploads\/2019\/07\/Ph\u01b0\u01a1ng-th\u1ee9c-v\u1eadn-chuy\u1ec3n-h\u00e0ng-h\u00f3a-600x168.png 600w\" sizes=\"(max-width: 904px) 100vw, 904px\" \/><\/p>\n<p>* Li\u00ean h\u1ec7 t\u01b0 v\u1ea5n mi\u1ec5n ph\u00ed \u0110T\/Zalo : 0933103313<br \/>\n* Showroom: 4\/40 L\u01b0u Ch\u00ed Hi\u1ebfu, Ph\u01b0\u1eddng T\u00e2y Th\u1ea1nh, Qu\u1eadn T\u00e2n Ph\u00fa, TP.HCM<\/p>\n<p>* X\u01b0\u1edbng SX: 61\/2 Qu\u1ed1c L\u1ed9 1A, Ti\u1ec1n L\u00e2n 15, B\u00e0 \u0110i\u1ec3m, Hooc M\u00f4n,TP.HCM<\/p>\n<p><a href=\"https:\/\/www.facebook.com\/xuongphukientubep\/\"><span style=\"vertical-align: inherit;\">https:\/\/www.facebook.com\/xuongphukientubep\/<\/span><\/a><\/p>\n<p>C\u00f3 th\u1ec3 b\u1ea1n quan t\u00e2m :<\/p>\n<p class=\"entry-title\"><a href=\"https:\/\/xuongphukientubep.com\/site\/chinh-sach-bao-hanh-phu-kien-tu-bep-niran\/\" rel=\"bookmark\">CH\u00cdNH S\u00c1CH B\u1ea2O H\u00c0NH PH\u1ee4 KI\u1ec6N T\u1ee6 B\u1ebeP NIRAN<\/a><\/p>\n<p class=\"entry-title\"><a href=\"https:\/\/xuongphukientubep.com\/site\/phan-biet-phu-kien-tu-bep-inox-304-va-201\/\" rel=\"bookmark\">PH\u00c2N BI\u1ec6T PH\u1ee4 KI\u1ec6N T\u1ee6 B\u1ebeP INOX 304 V\u00c0 201<\/a><\/p>\n","protected":false},"excerpt":{"rendered":"<p><strong>Nh\u00e3n hi\u1ec7u <\/strong>: <span style=\"color: #0000ff;\"><strong>NIRAN<\/strong><\/span> &#8211; S\u1ea3n xu\u1ea5t t\u1ea1i Vi\u1ec7t Nam<br \/>\n<strong>M\u00e3 SP: NR0317<\/strong><br \/>\n<strong>Ch\u1ea5t li\u1ec7u:<\/strong> inox 304<br \/>\n<strong>K\u00edch th\u01b0\u1edbc:<\/strong> 350 x 400 x 80 mm (K\u00edch th\u01b0\u1edbc c\u00f3 th\u1ec3 \u0111\u1eb7t s\u1ea3n xu\u1ea5t theo s\u1ed1 \u0111o t\u1ee7 b\u1ebfp c\u1ee7a kh\u00e1ch )<\/p>\n<p>X\u01af\u1edeNG CHUY\u00caN S\u1ea2N XU\u1ea4T PH\u1ee4 KI\u1ec6N T\u1ee6 B\u1ebeP THEO S\u1ed0 \u0110O T\u1ee6 B\u1ebeP C\u1ee6A QU\u00dd KH\u00c1CH &#8211; 0933103313<\/p>\n<p>Mi\u1ec5n ph\u00ed t\u01b0 v\u1ea5n ,l\u1eafp \u0111\u1eb7t v\u00e0 b\u1ea3o h\u00e0nh s\u1ea3n ph\u1ea9m tr\u1ecdn \u0111\u1eddi<\/p>\n<p><span class=\"_5mfr _47e3\"><span class=\"_7oe\">\u00a0Mi\u1ec5n ph\u00ed giao h\u00e0ng n\u1ed9i th\u00e0nh TP. H\u1ed3 Ch\u00ed Minh v\u1edbi \u0111\u01a1n h\u00e0ng &gt;1.000.000\u0111 v\u00e0 free ship c\u00e1c t\u1ec9nh v\u1edbi \u0111\u01a1n h\u00e0ng &gt;5.000.000\u0111<\/span><\/span><\/p>\n","protected":false},"featured_media":3035,"comment_status":"open","ping_status":"closed","template":"","meta":{"_exactmetrics_skip_tracking":false,"_exactmetrics_sitenote_active":false,"_exactmetrics_sitenote_note":"","_exactmetrics_sitenote_category":0},"yoast_head":"<!-- This site is optimized with the Yoast SEO plugin v24.5 - https:\/\/yoast.com\/wordpress\/plugins\/seo\/ -->\n<title>Khay \u00fap ly \u0111\u1ec3 b\u00e0n inox 304 Niran NR3017 - SX t\u1ea1i Vi\u1ec7t Nam<\/title>\n<meta name=\"description\" content=\"X\u01b0\u1edfng chuy\u00ean s\u1ea3n xu\u1ea5t c\u00e1c lo\u1ea1i Khay \u00fap ly c\u1ed1c \u0111\u1ec3 b\u00e0n inox 304 cao c\u1ea5p theo k\u00edch th\u01b0\u1edbc y\u00eau c\u1ea7u | S\u1ea3n ph\u1ea9m b\u1ea3o h\u00e0nh v\u0129nh vi\u1ec5n | Giao h\u00e0ng tr\u00ean to\u00e0n qu\u1ed1c |\" \/>\n<meta name=\"robots\" content=\"index, follow, max-snippet:-1, max-image-preview:large, max-video-preview:-1\" \/>\n<link rel=\"canonical\" href=\"https:\/\/xuongphukientubep.com\/site\/product\/khay-up-ly-de-ban-inox-304-niran-nr3017\/\" \/>\n<meta property=\"og:locale\" content=\"vi_VN\" \/>\n<meta property=\"og:type\" content=\"article\" \/>\n<meta property=\"og:title\" content=\"Khay \u00fap ly \u0111\u1ec3 b\u00e0n inox 304 Niran NR3017 - SX t\u1ea1i Vi\u1ec7t Nam\" \/>\n<meta property=\"og:description\" content=\"X\u01b0\u1edfng chuy\u00ean s\u1ea3n xu\u1ea5t c\u00e1c lo\u1ea1i Khay \u00fap ly c\u1ed1c \u0111\u1ec3 b\u00e0n inox 304 cao c\u1ea5p theo k\u00edch th\u01b0\u1edbc y\u00eau c\u1ea7u | S\u1ea3n ph\u1ea9m b\u1ea3o h\u00e0nh v\u0129nh vi\u1ec5n | Giao h\u00e0ng tr\u00ean to\u00e0n qu\u1ed1c |\" \/>\n<meta property=\"og:url\" content=\"https:\/\/xuongphukientubep.com\/site\/product\/khay-up-ly-de-ban-inox-304-niran-nr3017\/\" \/>\n<meta property=\"og:site_name\" content=\"Niran\" \/>\n<meta property=\"article:modified_time\" content=\"2026-04-21T08:16:48+00:00\" \/>\n<meta property=\"og:image\" content=\"https:\/\/xuongphukientubep.com\/site\/wp-content\/uploads\/2020\/08\/Khay-\u00fap-ly-c\u1ed1c-inox-304-\u0111\u1ec3-b\u00e0n.jpg\" \/>\n\t<meta property=\"og:image:width\" content=\"3024\" \/>\n\t<meta property=\"og:image:height\" content=\"3024\" \/>\n\t<meta property=\"og:image:type\" content=\"image\/jpeg\" \/>\n<meta name=\"twitter:card\" content=\"summary_large_image\" \/>\n<meta name=\"twitter:label1\" content=\"\u01af\u1edbc t\u00ednh th\u1eddi gian \u0111\u1ecdc\" \/>\n\t<meta name=\"twitter:data1\" content=\"4 ph\u00fat\" \/>\n<!-- \/ Yoast SEO plugin. -->","yoast_head_json":{"title":"Khay \u00fap ly \u0111\u1ec3 b\u00e0n inox 304 Niran NR3017 - SX t\u1ea1i Vi\u1ec7t Nam","description":"X\u01b0\u1edfng chuy\u00ean s\u1ea3n xu\u1ea5t c\u00e1c lo\u1ea1i Khay \u00fap ly c\u1ed1c \u0111\u1ec3 b\u00e0n inox 304 cao c\u1ea5p theo k\u00edch th\u01b0\u1edbc y\u00eau c\u1ea7u | S\u1ea3n ph\u1ea9m b\u1ea3o h\u00e0nh v\u0129nh vi\u1ec5n | Giao h\u00e0ng tr\u00ean to\u00e0n qu\u1ed1c |","robots":{"index":"index","follow":"follow","max-snippet":"max-snippet:-1","max-image-preview":"max-image-preview:large","max-video-preview":"max-video-preview:-1"},"canonical":"https:\/\/xuongphukientubep.com\/site\/product\/khay-up-ly-de-ban-inox-304-niran-nr3017\/","og_locale":"vi_VN","og_type":"article","og_title":"Khay \u00fap ly \u0111\u1ec3 b\u00e0n inox 304 Niran NR3017 - SX t\u1ea1i Vi\u1ec7t Nam","og_description":"X\u01b0\u1edfng chuy\u00ean s\u1ea3n xu\u1ea5t c\u00e1c lo\u1ea1i Khay \u00fap ly c\u1ed1c \u0111\u1ec3 b\u00e0n inox 304 cao c\u1ea5p theo k\u00edch th\u01b0\u1edbc y\u00eau c\u1ea7u | S\u1ea3n ph\u1ea9m b\u1ea3o h\u00e0nh v\u0129nh vi\u1ec5n | Giao h\u00e0ng tr\u00ean to\u00e0n qu\u1ed1c |","og_url":"https:\/\/xuongphukientubep.com\/site\/product\/khay-up-ly-de-ban-inox-304-niran-nr3017\/","og_site_name":"Niran","article_modified_time":"2026-04-21T08:16:48+00:00","og_image":[{"width":3024,"height":3024,"url":"https:\/\/xuongphukientubep.com\/site\/wp-content\/uploads\/2020\/08\/Khay-\u00fap-ly-c\u1ed1c-inox-304-\u0111\u1ec3-b\u00e0n.jpg","type":"image\/jpeg"}],"twitter_card":"summary_large_image","twitter_misc":{"\u01af\u1edbc t\u00ednh th\u1eddi gian \u0111\u1ecdc":"4 ph\u00fat"},"schema":{"@context":"https:\/\/schema.org","@graph":[{"@type":"WebPage","@id":"https:\/\/xuongphukientubep.com\/site\/product\/khay-up-ly-de-ban-inox-304-niran-nr3017\/","url":"https:\/\/xuongphukientubep.com\/site\/product\/khay-up-ly-de-ban-inox-304-niran-nr3017\/","name":"Khay \u00fap ly \u0111\u1ec3 b\u00e0n inox 304 Niran NR3017 - SX t\u1ea1i Vi\u1ec7t Nam","isPartOf":{"@id":"https:\/\/xuongphukientubep.com\/site\/#website"},"primaryImageOfPage":{"@id":"https:\/\/xuongphukientubep.com\/site\/product\/khay-up-ly-de-ban-inox-304-niran-nr3017\/#primaryimage"},"image":{"@id":"https:\/\/xuongphukientubep.com\/site\/product\/khay-up-ly-de-ban-inox-304-niran-nr3017\/#primaryimage"},"thumbnailUrl":"https:\/\/xuongphukientubep.com\/site\/wp-content\/uploads\/2020\/08\/Khay-\u00fap-ly-c\u1ed1c-inox-304-\u0111\u1ec3-b\u00e0n.jpg","datePublished":"2019-05-11T10:28:35+00:00","dateModified":"2026-04-21T08:16:48+00:00","description":"X\u01b0\u1edfng chuy\u00ean s\u1ea3n xu\u1ea5t c\u00e1c lo\u1ea1i Khay \u00fap ly c\u1ed1c \u0111\u1ec3 b\u00e0n inox 304 cao c\u1ea5p theo k\u00edch th\u01b0\u1edbc y\u00eau c\u1ea7u | S\u1ea3n ph\u1ea9m b\u1ea3o h\u00e0nh v\u0129nh vi\u1ec5n | Giao h\u00e0ng tr\u00ean to\u00e0n qu\u1ed1c |","breadcrumb":{"@id":"https:\/\/xuongphukientubep.com\/site\/product\/khay-up-ly-de-ban-inox-304-niran-nr3017\/#breadcrumb"},"inLanguage":"vi","potentialAction":[{"@type":"ReadAction","target":["https:\/\/xuongphukientubep.com\/site\/product\/khay-up-ly-de-ban-inox-304-niran-nr3017\/"]}]},{"@type":"ImageObject","inLanguage":"vi","@id":"https:\/\/xuongphukientubep.com\/site\/product\/khay-up-ly-de-ban-inox-304-niran-nr3017\/#primaryimage","url":"https:\/\/xuongphukientubep.com\/site\/wp-content\/uploads\/2020\/08\/Khay-\u00fap-ly-c\u1ed1c-inox-304-\u0111\u1ec3-b\u00e0n.jpg","contentUrl":"https:\/\/xuongphukientubep.com\/site\/wp-content\/uploads\/2020\/08\/Khay-\u00fap-ly-c\u1ed1c-inox-304-\u0111\u1ec3-b\u00e0n.jpg","width":3024,"height":3024,"caption":"Khay \u00fap ly c\u1ed1c inox 304 \u0111\u1ec3 b\u00e0n"},{"@type":"BreadcrumbList","@id":"https:\/\/xuongphukientubep.com\/site\/product\/khay-up-ly-de-ban-inox-304-niran-nr3017\/#breadcrumb","itemListElement":[{"@type":"ListItem","position":1,"name":"Trang ch\u1ee7","item":"https:\/\/xuongphukientubep.com\/site\/"},{"@type":"ListItem","position":2,"name":"C\u1eeda H\u00e0ng","item":"https:\/\/xuongphukientubep.com\/site\/shop\/"},{"@type":"ListItem","position":3,"name":"Khay \u00fap ly \u0111\u1ec3 b\u00e0n inox 304 Niran NR3017"}]},{"@type":"WebSite","@id":"https:\/\/xuongphukientubep.com\/site\/#website","url":"https:\/\/xuongphukientubep.com\/site\/","name":"Niran","description":"X\u01b0\u1edfng chuy\u00ean s\u1ea3n xu\u1ea5t ph\u1ee5 ki\u1ec7n t\u1ee7 b\u1ebfp inox 304 cao c\u1ea5p","publisher":{"@id":"https:\/\/xuongphukientubep.com\/site\/#organization"},"potentialAction":[{"@type":"SearchAction","target":{"@type":"EntryPoint","urlTemplate":"https:\/\/xuongphukientubep.com\/site\/?s={search_term_string}"},"query-input":{"@type":"PropertyValueSpecification","valueRequired":true,"valueName":"search_term_string"}}],"inLanguage":"vi"},{"@type":"Organization","@id":"https:\/\/xuongphukientubep.com\/site\/#organization","name":"Niran","url":"https:\/\/xuongphukientubep.com\/site\/","logo":{"@type":"ImageObject","inLanguage":"vi","@id":"https:\/\/xuongphukientubep.com\/site\/#\/schema\/logo\/image\/","url":"https:\/\/xuongphukientubep.com\/site\/wp-content\/uploads\/2018\/09\/cropped-215-2.png","contentUrl":"https:\/\/xuongphukientubep.com\/site\/wp-content\/uploads\/2018\/09\/cropped-215-2.png","width":197,"height":108,"caption":"Niran"},"image":{"@id":"https:\/\/xuongphukientubep.com\/site\/#\/schema\/logo\/image\/"}}]}},"amp_enabled":true,"_links":{"self":[{"href":"https:\/\/xuongphukientubep.com\/site\/wp-json\/wp\/v2\/product\/3032"}],"collection":[{"href":"https:\/\/xuongphukientubep.com\/site\/wp-json\/wp\/v2\/product"}],"about":[{"href":"https:\/\/xuongphukientubep.com\/site\/wp-json\/wp\/v2\/types\/product"}],"replies":[{"embeddable":true,"href":"https:\/\/xuongphukientubep.com\/site\/wp-json\/wp\/v2\/comments?post=3032"}],"wp:featuredmedia":[{"embeddable":true,"href":"https:\/\/xuongphukientubep.com\/site\/wp-json\/wp\/v2\/media\/3035"}],"wp:attachment":[{"href":"https:\/\/xuongphukientubep.com\/site\/wp-json\/wp\/v2\/media?parent=3032"}],"curies":[{"name":"wp","href":"https:\/\/api.w.org\/{rel}","templated":true}]}}