{"id":3114,"date":"2020-06-13T23:01:00","date_gmt":"2020-06-13T16:01:00","guid":{"rendered":"https:\/\/xuongphukientubep.com\/site\/?post_type=product&#038;p=3114"},"modified":"2026-04-21T15:09:10","modified_gmt":"2026-04-21T08:09:10","slug":"ke-chen-treo-da-nang-2-tang-inox-304-duc-dac-nr0616","status":"publish","type":"product","link":"https:\/\/xuongphukientubep.com\/site\/product\/ke-chen-treo-da-nang-2-tang-inox-304-duc-dac-nr0616\/","title":{"rendered":"K\u1ec7 ch\u00e9n treo \u0111a n\u0103ng 2 t\u1ea7ng inox 304 \u0111\u00fac \u0111\u1eb7c Niran NR0616"},"content":{"rendered":"<p><em><strong>K\u1ec7 ch\u00e9n treo \u0111a n\u0103ng 2 t\u1ea7ng inox 304 \u0111\u00fac \u0111\u1eb7c Niran NR0616<\/strong><\/em> l\u00e0 m\u1ed9t s\u1ea3n ph\u1ea9m r\u1ea5t \u0111\u01b0\u1ee3c ch\u1ecb em l\u1ef1a ch\u1ecdn cho c\u0103n b\u1ebfp c\u1ee7a gia \u0111\u00ecnh. Gi\u1ed1ng nh\u01b0 t\u00ean g\u1ecdi c\u1ee7a s\u1ea3n ph\u1ea9m, v\u1edbi thi\u1ebft k\u1ebf \u0111a n\u0103ng k\u1ec7 \u0111\u01b0\u1ee3c chia l\u00e0m 2 t\u1ea7ng , v\u1edbi ki\u1ec3u c\u00e1ch chia z\u00edt z\u1eafc . T\u1ea7ng tr\u00ean t\u1eeb tr\u00e1i qua ph\u1ea3i , \u0111\u01b0\u1ee3c s\u1eafp x\u1ebfp th\u00f4ng minh l\u1ea7n l\u01b0\u1ee3t l\u00e0 r\u1ea3nh nh\u1ecf k\u00ea dao v\u00e0 c\u00e1c r\u1ea3nh \u0111\u1ec3 k\u00ea d\u0129a, ti\u1ebfp \u0111\u00f3 l\u00e0 m\u1eb7t ph\u1eb3ng \u0111\u1ec3 k\u00ea ch\u00e9n , cu\u1ed1i c\u00f9ng l\u00e0 \u1ed1ng \u0111\u1ef1ng \u0111\u0169a mu\u1ed7ng. T\u1ea7ng d\u01b0\u1edbi c\u00f3 c\u0103n ng\u0103n \u0111\u1ef1ng c\u00e1c lo\u1ea1i th\u1edbt , ti\u1ebfp \u0111\u1ebfn l\u00e0 m\u1eb7t ph\u1eb3ng r\u1ed9ng r\u00e3i \u0111\u1ec3 k\u00ea t\u00f4 b\u00e1t c\u00e1c size l\u1edbn h\u01a1n. Thi\u1ebft k\u1ebf c\u00e2n x\u1ee9ng , h\u1ee3p m\u1eaft ng\u01b0\u1eddi nh\u00ecn. Nh\u00ecn t\u1ed5ng th\u1ec3 r\u1ea5t h\u00e0i ho\u00e0, k\u1ebft h\u1ee3p v\u1edbi ch\u1ea5t li\u1ec7u inox 304 cao c\u1ea5p gi\u00fap s\u1ea3n ph\u1ea9m c\u00e0ng th\u00eam \u0111\u1eb3ng c\u1ea5p.<\/p>\n<p><img loading=\"lazy\" decoding=\"async\" class=\" lazy size-full wp-image-3115\" src=\"data:image\/svg+xml,%3Csvg%20xmlns='http:\/\/www.w3.org\/2000\/svg'%20viewBox='0%200%203024%203024'%3E%3C\/svg%3E\" data-src=\"https:\/\/xuongphukientubep.com\/site\/wp-content\/uploads\/2020\/10\/K\u1ec7-ch\u00e9n-treo-2-t\u1ea7ng-\u0111a-n\u0103ng-inox-304-cao-c\u1ea5p-Niran-NR0616.jpg\" alt=\"K\u1ec7 ch\u00e9n treo 2 t\u1ea7ng \u0111a n\u0103ng inox 304 cao c\u1ea5p Niran NR0616\" width=\"3024\" height=\"3024\" data-srcset=\"https:\/\/xuongphukientubep.com\/site\/wp-content\/uploads\/2020\/10\/K\u1ec7-ch\u00e9n-treo-2-t\u1ea7ng-\u0111a-n\u0103ng-inox-304-cao-c\u1ea5p-Niran-NR0616.jpg 3024w, https:\/\/xuongphukientubep.com\/site\/wp-content\/uploads\/2020\/10\/K\u1ec7-ch\u00e9n-treo-2-t\u1ea7ng-\u0111a-n\u0103ng-inox-304-cao-c\u1ea5p-Niran-NR0616-150x150.jpg 150w, https:\/\/xuongphukientubep.com\/site\/wp-content\/uploads\/2020\/10\/K\u1ec7-ch\u00e9n-treo-2-t\u1ea7ng-\u0111a-n\u0103ng-inox-304-cao-c\u1ea5p-Niran-NR0616-300x300.jpg 300w, https:\/\/xuongphukientubep.com\/site\/wp-content\/uploads\/2020\/10\/K\u1ec7-ch\u00e9n-treo-2-t\u1ea7ng-\u0111a-n\u0103ng-inox-304-cao-c\u1ea5p-Niran-NR0616-768x768.jpg 768w, https:\/\/xuongphukientubep.com\/site\/wp-content\/uploads\/2020\/10\/K\u1ec7-ch\u00e9n-treo-2-t\u1ea7ng-\u0111a-n\u0103ng-inox-304-cao-c\u1ea5p-Niran-NR0616-1024x1024.jpg 1024w, https:\/\/xuongphukientubep.com\/site\/wp-content\/uploads\/2020\/10\/K\u1ec7-ch\u00e9n-treo-2-t\u1ea7ng-\u0111a-n\u0103ng-inox-304-cao-c\u1ea5p-Niran-NR0616-75x75.jpg 75w, https:\/\/xuongphukientubep.com\/site\/wp-content\/uploads\/2020\/10\/K\u1ec7-ch\u00e9n-treo-2-t\u1ea7ng-\u0111a-n\u0103ng-inox-304-cao-c\u1ea5p-Niran-NR0616-444x444.jpg 444w, https:\/\/xuongphukientubep.com\/site\/wp-content\/uploads\/2020\/10\/K\u1ec7-ch\u00e9n-treo-2-t\u1ea7ng-\u0111a-n\u0103ng-inox-304-cao-c\u1ea5p-Niran-NR0616-600x600.jpg 600w, https:\/\/xuongphukientubep.com\/site\/wp-content\/uploads\/2020\/10\/K\u1ec7-ch\u00e9n-treo-2-t\u1ea7ng-\u0111a-n\u0103ng-inox-304-cao-c\u1ea5p-Niran-NR0616-100x100.jpg 100w\" sizes=\"(max-width: 3024px) 100vw, 3024px\" \/><\/p>\n<figure id=\"attachment_4242\" aria-describedby=\"caption-attachment-4242\" style=\"width: 1331px\" class=\"wp-caption alignnone\"><img loading=\"lazy\" decoding=\"async\" class=\" lazy wp-image-4242 size-full\" src=\"data:image\/svg+xml,%3Csvg%20xmlns='http:\/\/www.w3.org\/2000\/svg'%20viewBox='0%200%201331%20363'%3E%3C\/svg%3E\" data-src=\"http:\/\/xuongphukientubep.com\/site\/wp-content\/uploads\/2020\/06\/Bang-gia-thong-so-ky-thuat-ke-chen-da-nang-2-tang-inox-304-niran-nr0616.png\" alt=\"B\u1ea3ng gi\u00e1 K\u1ec7 ch\u00e9n treo \u0111a n\u0103ng 2 t\u1ea7ng inox 304 \u0111\u00fac \u0111\u1eb7c Niran NR0616\" width=\"1331\" height=\"363\" data-srcset=\"https:\/\/xuongphukientubep.com\/site\/wp-content\/uploads\/2020\/06\/Bang-gia-thong-so-ky-thuat-ke-chen-da-nang-2-tang-inox-304-niran-nr0616.png 1331w, https:\/\/xuongphukientubep.com\/site\/wp-content\/uploads\/2020\/06\/Bang-gia-thong-so-ky-thuat-ke-chen-da-nang-2-tang-inox-304-niran-nr0616-300x82.png 300w, https:\/\/xuongphukientubep.com\/site\/wp-content\/uploads\/2020\/06\/Bang-gia-thong-so-ky-thuat-ke-chen-da-nang-2-tang-inox-304-niran-nr0616-768x209.png 768w, https:\/\/xuongphukientubep.com\/site\/wp-content\/uploads\/2020\/06\/Bang-gia-thong-so-ky-thuat-ke-chen-da-nang-2-tang-inox-304-niran-nr0616-1024x279.png 1024w, https:\/\/xuongphukientubep.com\/site\/wp-content\/uploads\/2020\/06\/Bang-gia-thong-so-ky-thuat-ke-chen-da-nang-2-tang-inox-304-niran-nr0616-600x164.png 600w\" sizes=\"(max-width: 1331px) 100vw, 1331px\" \/><figcaption id=\"caption-attachment-4242\" class=\"wp-caption-text\">B\u1ea3ng gi\u00e1 K\u1ec7 ch\u00e9n treo \u0111a n\u0103ng 2 t\u1ea7ng inox 304 \u0111\u00fac \u0111\u1eb7c Niran NR0616<\/figcaption><\/figure>\n<h3>T\u01b0 v\u1ea5n &#8211; Thi\u1ebft k\u1ebf &#8211; L\u1eafp \u0111\u1eb7t K\u1ec7 ch\u00e9n treo \u0111a n\u0103ng 2 t\u1ea7ng inox 304 \u0111\u00fac \u0111\u1eb7c Niran NR0616\u00a0theo k\u00edch th\u01b0\u1edbc kh\u00e1ch h\u00e0ng<\/h3>\n<p><div class=\"yt-video-place embed-responsive embed-responsive-4by3\" data-yt-url=\"https:\/\/www.youtube.com\/embed\/UugyzR7rWDo?rel=0&showinfo=0\"><img src=\"data:image\/svg+xml,%3Csvg%20xmlns='http:\/\/www.w3.org\/2000\/svg'%20viewBox='0%200%20870%20489'%3E%3C\/svg%3E\" data-src=\"https:\/\/i.ytimg.com\/vi\/UugyzR7rWDo\/maxresdefault.jpg\" async class=\" lazy play-yt-video\"><a class=\"start-video\"><img width=\"64\" src=\"data:image\/svg+xml,%3Csvg%20xmlns='http:\/\/www.w3.org\/2000\/svg'%20viewBox='0%200%2064%2064'%3E%3C\/svg%3E\" data-src=\"https:\/\/xuongphukientubep.com\/site\/wp-content\/plugins\/wp2speed\/lib\/asset\/play-btn.png\" class=\" lazy \" ><\/a><\/div><\/p>\n<p>Xem th\u00eam c\u00e1c s\u1ea3n ph\u1ea9m kh\u00e1c:<\/p>\n<p class=\"products-title\"><a href=\"https:\/\/xuongphukientubep.com\/site\/product\/ke-up-chen-2-tang-treo-inox-304-niran-nr0614\/\">K\u1ec7 \u00fap ch\u00e9n 2 t\u1ea7ng treo inox 304 Niran NR0614<\/a><\/p>\n<p class=\"products-title\"><a href=\"https:\/\/xuongphukientubep.com\/site\/product\/ke-chen-dia-da-nang-2-tang-inox-304-niran-nr0610\/\">K\u1ec7 ch\u00e9n d\u0129a \u0111a n\u0103ng 2 t\u1ea7ng inox 304 Niran NR0610<\/a><\/p>\n<p><span style=\"vertical-align: inherit;\">B\u1ea1n \u0111\u00e3 s\u1edf h\u1eefu hay \u0111ang l\u00ean \u00fd t\u01b0\u1edfng ho\u00e0n thi\u1ec7n cho t\u1ee7 b\u1ebfp c\u1ee7a b\u1ea1n?<\/span><br \/>\n<span style=\"vertical-align: inherit;\">B\u1ea1n \u0111ang b\u0103n kho\u0103n v\u1ec1 vi\u1ec7c mua ph\u1ee5 ki\u1ec7n t\u1ee7 b\u1ebfp tr\u01b0\u1edbc hay sau khi ho\u00e0n thi\u1ec7n t\u1ee7 b\u1ebfp?<\/span><br \/>\n<span style=\"vertical-align: inherit;\">S\u1ee3 r\u1eb1ng mua ph\u1ee5 ki\u1ec7n tr\u01b0\u1edbc th\u00ec ph\u1ea3i theo k\u00edch th\u01b0\u1edbc c\u00f3 s\u1eb5n kh\u00f4ng h\u1ee3p v\u1edbi thi\u1ebft k\u1ebf v\u1edbi nhu c\u1ea7u ,c\u00f2n mua sau th\u00ec s\u1ee3 l\u1eafp kh\u00f4ng v\u1eeba.<\/span><br \/>\n<span style=\"vertical-align: inherit;\">C\u00f3 <\/span><span style=\"vertical-align: inherit;\">X\u01af\u1edeNG PH\u1ee4 KI\u1ec6N T\u1ee6 B\u1ebeP<\/span><span style=\"vertical-align: inherit;\"> \u0111\u00e2y r\u1ed3i , kh\u00f4ng c\u1ea7n lo n\u1eefa nh\u00e9 , c\u1ee9 tho\u1ea3i m\u00e1i x\u00e2y d\u1ef1ng t\u1ee7 b\u1ebfp theo \u00fd th\u00edch c\u1ee7a gia \u0111\u00ecnh b\u1ea1n.C\u00f2n vi\u1ec7c g\u1eafn ph\u1ee5 ki\u1ec7n t\u1ee7 b\u1ebfp X\u01af\u1edeNG em s\u1ebd lo t\u1ea5t \u1ea1.<\/span><\/p>\n<p>\u2705K\u00edch th\u01b0\u1edbc ph\u1ee5 ki\u1ec7n s\u1ebd \u0111\u01b0\u1ee3c thi\u1ebft k\u1ebf, \u0111o \u0111\u1ea1c theo t\u1eebng milimet t\u1ee7 b\u1ebfp c\u1ee7a kh\u00e1ch h\u00e0ng.<br \/>\n\u2705\u0110\u1eb7c bi\u1ec7t x\u01b0\u1edfng s\u1ebd thi\u1ebft k\u1ebf theo nhu c\u1ea7u ri\u00eang c\u1ee7a m\u1ed7i kh\u00e1ch h\u00e0ng.<br \/>\n\u2705M\u1eabu m\u00e3 th\u1ea9m m\u1ef9 t\u01b0\u01a1ng th\u00edch v\u1edbi t\u1ee7 b\u1ebfp c\u00f3 s\u1eb5n, k\u00edch th\u01b0\u1edbc th\u00ec v\u1eeba kh\u00edt.<br \/>\n\u2705X\u01b0\u1edfng ch\u1ec9 s\u1eed d\u1ee5ng duy nh\u1ea5t ch\u1ea5t li\u1ec7u inox 304 \u0111\u1ec3 l\u00e0m n\u00ean s\u1ea3n ph\u1ea9m c\u00f3 \u0111\u1ed9 b\u1ec1n cao nh\u1ea5t.<br \/>\n\u2705Lu\u00f4n c\u1eadp nh\u1eadt m\u1eabu m\u00e3 m\u1edbi \u0111\u1ebfn v\u1edbi kh\u00e1ch h\u00e0ng<br \/>\n\u2705S\u1ea3n ph\u1ea9m b\u1ea3o h\u00e0nh tr\u1ecdn \u0111\u1eddi<\/p>\n<p>=&gt; Li\u00ean h\u1ec7 t\u01b0 v\u1ea5n mi\u1ec5n ph\u00ed \u0110T\/Zalo : 0933103313<br \/>\n=&gt; Showroom: 4\/40 L\u01b0u Ch\u00ed Hi\u1ebfu, Ph\u01b0\u1eddng T\u00e2y Th\u1ea1nh, Qu\u1eadn T\u00e2n Ph\u00fa, TP.HCM<\/p>\n<p>=&gt; X\u01b0\u1edbng SX: 61\/2 Qu\u1ed1c L\u1ed9 1A, Ti\u1ec1n L\u00e2n 15, B\u00e0 \u0110i\u1ec3m, Hooc M\u00f4n,TP.HCM<\/p>\n<p><a href=\"https:\/\/www.facebook.com\/xuongphukientubep\/\"><span style=\"vertical-align: inherit;\">https:\/\/www.facebook.com\/xuongphukientubep\/<\/span><\/a><\/p>\n<p class=\"entry-title\">\n","protected":false},"excerpt":{"rendered":"<p><strong>Nh\u00e3n hi\u1ec7u <\/strong>: <span style=\"color: #0000ff;\"><strong>NIRAN<\/strong><\/span> &#8211; S\u1ea3n xu\u1ea5t t\u1ea1i Vi\u1ec7t Nam<br \/>\n<strong>M\u00e3 SP: NR0616<\/strong><br \/>\n<strong>Ch\u1ea5t li\u1ec7u:<\/strong> inox 304 \u0111\u00fac \u0111\u1eb7c<br \/>\n<strong>K\u00edch th\u01b0\u1edbc:<\/strong> 700 x 300 mm (K\u00edch th\u01b0\u1edbc c\u00f3 th\u1ec3 \u0111\u1eb7t s\u1ea3n xu\u1ea5t theo s\u1ed1 \u0111o t\u1ee7 b\u1ebfp c\u1ee7a kh\u00e1ch )<\/p>\n<p>X\u01af\u1edeNG CHUY\u00caN S\u1ea2N XU\u1ea4T PH\u1ee4 KI\u1ec6N T\u1ee6 B\u1ebeP THEO S\u1ed0 \u0110O T\u1ee6 B\u1ebeP C\u1ee6A QU\u00dd KH\u00c1CH &#8211; 0933103313<\/p>\n<p>Mi\u1ec5n ph\u00ed t\u01b0 v\u1ea5n ,l\u1eafp \u0111\u1eb7t v\u00e0 b\u1ea3o h\u00e0nh s\u1ea3n ph\u1ea9m tr\u1ecdn \u0111\u1eddi<\/p>\n<p><span class=\"_5mfr _47e3\"><span class=\"_7oe\">\u00a0Mi\u1ec5n ph\u00ed giao h\u00e0ng n\u1ed9i th\u00e0nh TP. H\u1ed3 Ch\u00ed Minh v\u1edbi \u0111\u01a1n h\u00e0ng &gt;1.000.000\u0111 v\u00e0 free ship c\u00e1c t\u1ec9nh v\u1edbi \u0111\u01a1n h\u00e0ng &gt;5.000.000\u0111<\/span><\/span><\/p>\n","protected":false},"featured_media":3115,"comment_status":"open","ping_status":"closed","template":"","meta":{"_exactmetrics_skip_tracking":false,"_exactmetrics_sitenote_active":false,"_exactmetrics_sitenote_note":"","_exactmetrics_sitenote_category":0},"yoast_head":"<!-- This site is optimized with the Yoast SEO plugin v24.5 - https:\/\/yoast.com\/wordpress\/plugins\/seo\/ -->\n<title>K\u1ec7 ch\u00e9n treo \u0111a n\u0103ng 2 t\u1ea7ng inox 304 \u0111\u00fac \u0111\u1eb7c Niran NR0616 - Viet Nam<\/title>\n<meta name=\"description\" content=\"X\u01b0\u1edfng s\u1ea3n xu\u1ea5t c\u00e1c lo\u1ea1i K\u1ec7 ch\u00e9n treo \u0111a n\u0103ng inox 304 theo k\u00edch th\u01b0\u1edbc c\u1ee7a kh\u00e1ch h\u00e0ng. \u2705 S\u1ea3n ph\u1ea9m \u0111\u01b0\u1ee3c b\u1ea3o h\u00e0nh v\u0129nh vi\u1ec5n.\u2705 Giao h\u00e0ng tr\u00ean to\u00e0n qu\u1ed1c\" \/>\n<meta name=\"robots\" content=\"index, follow, max-snippet:-1, max-image-preview:large, max-video-preview:-1\" \/>\n<link rel=\"canonical\" href=\"https:\/\/xuongphukientubep.com\/site\/product\/ke-chen-treo-da-nang-2-tang-inox-304-duc-dac-nr0616\/\" \/>\n<meta property=\"og:locale\" content=\"vi_VN\" \/>\n<meta property=\"og:type\" content=\"article\" \/>\n<meta property=\"og:title\" content=\"K\u1ec7 ch\u00e9n treo \u0111a n\u0103ng 2 t\u1ea7ng inox 304 \u0111\u00fac \u0111\u1eb7c Niran NR0616 - Viet Nam\" \/>\n<meta property=\"og:description\" content=\"X\u01b0\u1edfng s\u1ea3n xu\u1ea5t c\u00e1c lo\u1ea1i K\u1ec7 ch\u00e9n treo \u0111a n\u0103ng inox 304 theo k\u00edch th\u01b0\u1edbc c\u1ee7a kh\u00e1ch h\u00e0ng. \u2705 S\u1ea3n ph\u1ea9m \u0111\u01b0\u1ee3c b\u1ea3o h\u00e0nh v\u0129nh vi\u1ec5n.\u2705 Giao h\u00e0ng tr\u00ean to\u00e0n qu\u1ed1c\" \/>\n<meta property=\"og:url\" content=\"https:\/\/xuongphukientubep.com\/site\/product\/ke-chen-treo-da-nang-2-tang-inox-304-duc-dac-nr0616\/\" \/>\n<meta property=\"og:site_name\" content=\"Niran\" \/>\n<meta property=\"article:modified_time\" content=\"2026-04-21T08:09:10+00:00\" \/>\n<meta property=\"og:image\" content=\"https:\/\/xuongphukientubep.com\/site\/wp-content\/uploads\/2020\/10\/K\u1ec7-ch\u00e9n-treo-2-t\u1ea7ng-\u0111a-n\u0103ng-inox-304-cao-c\u1ea5p-Niran-NR0616.jpg\" \/>\n\t<meta property=\"og:image:width\" content=\"3024\" \/>\n\t<meta property=\"og:image:height\" content=\"3024\" \/>\n\t<meta property=\"og:image:type\" content=\"image\/jpeg\" \/>\n<meta name=\"twitter:card\" content=\"summary_large_image\" \/>\n<meta name=\"twitter:label1\" content=\"\u01af\u1edbc t\u00ednh th\u1eddi gian \u0111\u1ecdc\" \/>\n\t<meta name=\"twitter:data1\" content=\"3 ph\u00fat\" \/>\n<!-- \/ Yoast SEO plugin. -->","yoast_head_json":{"title":"K\u1ec7 ch\u00e9n treo \u0111a n\u0103ng 2 t\u1ea7ng inox 304 \u0111\u00fac \u0111\u1eb7c Niran NR0616 - Viet Nam","description":"X\u01b0\u1edfng s\u1ea3n xu\u1ea5t c\u00e1c lo\u1ea1i K\u1ec7 ch\u00e9n treo \u0111a n\u0103ng inox 304 theo k\u00edch th\u01b0\u1edbc c\u1ee7a kh\u00e1ch h\u00e0ng. \u2705 S\u1ea3n ph\u1ea9m \u0111\u01b0\u1ee3c b\u1ea3o h\u00e0nh v\u0129nh vi\u1ec5n.\u2705 Giao h\u00e0ng tr\u00ean to\u00e0n qu\u1ed1c","robots":{"index":"index","follow":"follow","max-snippet":"max-snippet:-1","max-image-preview":"max-image-preview:large","max-video-preview":"max-video-preview:-1"},"canonical":"https:\/\/xuongphukientubep.com\/site\/product\/ke-chen-treo-da-nang-2-tang-inox-304-duc-dac-nr0616\/","og_locale":"vi_VN","og_type":"article","og_title":"K\u1ec7 ch\u00e9n treo \u0111a n\u0103ng 2 t\u1ea7ng inox 304 \u0111\u00fac \u0111\u1eb7c Niran NR0616 - Viet Nam","og_description":"X\u01b0\u1edfng s\u1ea3n xu\u1ea5t c\u00e1c lo\u1ea1i K\u1ec7 ch\u00e9n treo \u0111a n\u0103ng inox 304 theo k\u00edch th\u01b0\u1edbc c\u1ee7a kh\u00e1ch h\u00e0ng. \u2705 S\u1ea3n ph\u1ea9m \u0111\u01b0\u1ee3c b\u1ea3o h\u00e0nh v\u0129nh vi\u1ec5n.\u2705 Giao h\u00e0ng tr\u00ean to\u00e0n qu\u1ed1c","og_url":"https:\/\/xuongphukientubep.com\/site\/product\/ke-chen-treo-da-nang-2-tang-inox-304-duc-dac-nr0616\/","og_site_name":"Niran","article_modified_time":"2026-04-21T08:09:10+00:00","og_image":[{"width":3024,"height":3024,"url":"https:\/\/xuongphukientubep.com\/site\/wp-content\/uploads\/2020\/10\/K\u1ec7-ch\u00e9n-treo-2-t\u1ea7ng-\u0111a-n\u0103ng-inox-304-cao-c\u1ea5p-Niran-NR0616.jpg","type":"image\/jpeg"}],"twitter_card":"summary_large_image","twitter_misc":{"\u01af\u1edbc t\u00ednh th\u1eddi gian \u0111\u1ecdc":"3 ph\u00fat"},"schema":{"@context":"https:\/\/schema.org","@graph":[{"@type":"WebPage","@id":"https:\/\/xuongphukientubep.com\/site\/product\/ke-chen-treo-da-nang-2-tang-inox-304-duc-dac-nr0616\/","url":"https:\/\/xuongphukientubep.com\/site\/product\/ke-chen-treo-da-nang-2-tang-inox-304-duc-dac-nr0616\/","name":"K\u1ec7 ch\u00e9n treo \u0111a n\u0103ng 2 t\u1ea7ng inox 304 \u0111\u00fac \u0111\u1eb7c Niran NR0616 - Viet Nam","isPartOf":{"@id":"https:\/\/xuongphukientubep.com\/site\/#website"},"primaryImageOfPage":{"@id":"https:\/\/xuongphukientubep.com\/site\/product\/ke-chen-treo-da-nang-2-tang-inox-304-duc-dac-nr0616\/#primaryimage"},"image":{"@id":"https:\/\/xuongphukientubep.com\/site\/product\/ke-chen-treo-da-nang-2-tang-inox-304-duc-dac-nr0616\/#primaryimage"},"thumbnailUrl":"https:\/\/xuongphukientubep.com\/site\/wp-content\/uploads\/2020\/10\/K\u1ec7-ch\u00e9n-treo-2-t\u1ea7ng-\u0111a-n\u0103ng-inox-304-cao-c\u1ea5p-Niran-NR0616.jpg","datePublished":"2020-06-13T16:01:00+00:00","dateModified":"2026-04-21T08:09:10+00:00","description":"X\u01b0\u1edfng s\u1ea3n xu\u1ea5t c\u00e1c lo\u1ea1i K\u1ec7 ch\u00e9n treo \u0111a n\u0103ng inox 304 theo k\u00edch th\u01b0\u1edbc c\u1ee7a kh\u00e1ch h\u00e0ng. \u2705 S\u1ea3n ph\u1ea9m \u0111\u01b0\u1ee3c b\u1ea3o h\u00e0nh v\u0129nh vi\u1ec5n.\u2705 Giao h\u00e0ng tr\u00ean to\u00e0n qu\u1ed1c","breadcrumb":{"@id":"https:\/\/xuongphukientubep.com\/site\/product\/ke-chen-treo-da-nang-2-tang-inox-304-duc-dac-nr0616\/#breadcrumb"},"inLanguage":"vi","potentialAction":[{"@type":"ReadAction","target":["https:\/\/xuongphukientubep.com\/site\/product\/ke-chen-treo-da-nang-2-tang-inox-304-duc-dac-nr0616\/"]}]},{"@type":"ImageObject","inLanguage":"vi","@id":"https:\/\/xuongphukientubep.com\/site\/product\/ke-chen-treo-da-nang-2-tang-inox-304-duc-dac-nr0616\/#primaryimage","url":"https:\/\/xuongphukientubep.com\/site\/wp-content\/uploads\/2020\/10\/K\u1ec7-ch\u00e9n-treo-2-t\u1ea7ng-\u0111a-n\u0103ng-inox-304-cao-c\u1ea5p-Niran-NR0616.jpg","contentUrl":"https:\/\/xuongphukientubep.com\/site\/wp-content\/uploads\/2020\/10\/K\u1ec7-ch\u00e9n-treo-2-t\u1ea7ng-\u0111a-n\u0103ng-inox-304-cao-c\u1ea5p-Niran-NR0616.jpg","width":3024,"height":3024,"caption":"K\u1ec7 ch\u00e9n treo 2 t\u1ea7ng \u0111a n\u0103ng inox 304 cao c\u1ea5p Niran NR0616"},{"@type":"BreadcrumbList","@id":"https:\/\/xuongphukientubep.com\/site\/product\/ke-chen-treo-da-nang-2-tang-inox-304-duc-dac-nr0616\/#breadcrumb","itemListElement":[{"@type":"ListItem","position":1,"name":"Trang ch\u1ee7","item":"https:\/\/xuongphukientubep.com\/site\/"},{"@type":"ListItem","position":2,"name":"C\u1eeda H\u00e0ng","item":"https:\/\/xuongphukientubep.com\/site\/shop\/"},{"@type":"ListItem","position":3,"name":"K\u1ec7 ch\u00e9n treo \u0111a n\u0103ng 2 t\u1ea7ng inox 304 \u0111\u00fac \u0111\u1eb7c Niran NR0616"}]},{"@type":"WebSite","@id":"https:\/\/xuongphukientubep.com\/site\/#website","url":"https:\/\/xuongphukientubep.com\/site\/","name":"Niran","description":"X\u01b0\u1edfng chuy\u00ean s\u1ea3n xu\u1ea5t ph\u1ee5 ki\u1ec7n t\u1ee7 b\u1ebfp inox 304 cao c\u1ea5p","publisher":{"@id":"https:\/\/xuongphukientubep.com\/site\/#organization"},"potentialAction":[{"@type":"SearchAction","target":{"@type":"EntryPoint","urlTemplate":"https:\/\/xuongphukientubep.com\/site\/?s={search_term_string}"},"query-input":{"@type":"PropertyValueSpecification","valueRequired":true,"valueName":"search_term_string"}}],"inLanguage":"vi"},{"@type":"Organization","@id":"https:\/\/xuongphukientubep.com\/site\/#organization","name":"Niran","url":"https:\/\/xuongphukientubep.com\/site\/","logo":{"@type":"ImageObject","inLanguage":"vi","@id":"https:\/\/xuongphukientubep.com\/site\/#\/schema\/logo\/image\/","url":"https:\/\/xuongphukientubep.com\/site\/wp-content\/uploads\/2018\/09\/cropped-215-2.png","contentUrl":"https:\/\/xuongphukientubep.com\/site\/wp-content\/uploads\/2018\/09\/cropped-215-2.png","width":197,"height":108,"caption":"Niran"},"image":{"@id":"https:\/\/xuongphukientubep.com\/site\/#\/schema\/logo\/image\/"}}]}},"amp_enabled":true,"_links":{"self":[{"href":"https:\/\/xuongphukientubep.com\/site\/wp-json\/wp\/v2\/product\/3114"}],"collection":[{"href":"https:\/\/xuongphukientubep.com\/site\/wp-json\/wp\/v2\/product"}],"about":[{"href":"https:\/\/xuongphukientubep.com\/site\/wp-json\/wp\/v2\/types\/product"}],"replies":[{"embeddable":true,"href":"https:\/\/xuongphukientubep.com\/site\/wp-json\/wp\/v2\/comments?post=3114"}],"wp:featuredmedia":[{"embeddable":true,"href":"https:\/\/xuongphukientubep.com\/site\/wp-json\/wp\/v2\/media\/3115"}],"wp:attachment":[{"href":"https:\/\/xuongphukientubep.com\/site\/wp-json\/wp\/v2\/media?parent=3114"}],"curies":[{"name":"wp","href":"https:\/\/api.w.org\/{rel}","templated":true}]}}