{"id":3433,"date":"2021-07-23T21:31:01","date_gmt":"2021-07-23T14:31:01","guid":{"rendered":"http:\/\/xuongphukientubep.com\/site\/?post_type=product&#038;p=3433"},"modified":"2022-02-22T09:09:41","modified_gmt":"2022-02-22T02:09:41","slug":"thung-rac-am-tu-higold-307015-307016","status":"publish","type":"product","link":"https:\/\/xuongphukientubep.com\/site\/product\/thung-rac-am-tu-higold-307015-307016\/","title":{"rendered":"Th\u00f9ng r\u00e1c \u00e2m t\u1ee7 Higold 307015 , 307016"},"content":{"rendered":"<p><strong>Th\u00f9ng r\u00e1c \u00e2m t\u1ee7 Higold 307015 , 307016<\/strong>\u00a0 l\u00e0 m\u1ed9t trong nh\u1eefng ph\u1ee5 ki\u1ec7n t\u1ee7 b\u1ebfp kh\u00f4ng th\u1ec3 thi\u1ebfu c\u1ee7a m\u1ecdi gia \u0111\u00ecnh, d\u00f9ng \u0111\u1ec3 \u0111\u1ef1ng r\u00e1c th\u1ea3i. Th\u00f9ng r\u00e1c c\u00f3 thi\u1ebft k\u1ebf s\u1eafc s\u1ea3o, v\u1ecf ngo\u00e0i l\u00e0m b\u1eb1ng inox s\u00e1ng b\u00f3ng, \u0111\u1eb9p m\u1eaft, c\u00f3 n\u1eafp \u0111\u1eady ti\u1ec7n l\u1ee3i cho ng\u01b0\u1eddi s\u1eed d\u1ee5ng.<\/p>\n<p>B\u00ean ngo\u00e0i l\u00e0m b\u1eb1ng inox cao c\u1ea5p t\u1ea1o c\u1ea3m gi\u00e1c s\u1ea1ch b\u00f3ng; b\u00ean trong l\u00e0 th\u00f9ng ch\u1ee9a b\u1eb1ng nh\u1ef1a cao c\u1ea5p d\u1ec5 d\u00e0ng l\u1ea5y ra, v\u00e0o. N\u1eafp \u0111\u1eady b\u1eb1ng nh\u1ef1a k\u00edn \u0111\u00e1o, v\u1eeba kh\u00edt. Th\u00f9ng r\u00e1c \u0111\u01b0\u1ee3c g\u1eafn c\u1ed1 \u0111\u1ecbnh l\u00ean c\u00e1nh c\u1eeda t\u1ee7, b\u1ea1n ch\u1ec9 c\u1ea7n \u0111\u1ed9ng t\u00e1c m\u1edf t\u1ee7 l\u00e0 c\u00f3 th\u1ec3 \u0111\u01b0a th\u00f9ng r\u00e1c ra ngo\u00e0i s\u1eed d\u1ee5ng thu\u1eadn ti\u1ec7n. C\u00f3 2 ch\u1ea5t li\u1ec7u inox 201 v\u00e0 304 t\u01b0\u01a1ng \u1ee9ng v\u1edbi gi\u00e1 ti\u1ec1n ph\u00f9 h\u1ee3p, gi\u00fap b\u1ea1n d\u1ec5 d\u00e0ng l\u1ef1a ch\u1ecdn.<\/p>\n<p><img loading=\"lazy\" decoding=\"async\" class=\" lazy size-full wp-image-3436\" src=\"data:image\/svg+xml,%3Csvg%20xmlns='http:\/\/www.w3.org\/2000\/svg'%20viewBox='0%200%201029%201495'%3E%3C\/svg%3E\" data-src=\"http:\/\/xuongphukientubep.com\/site\/wp-content\/uploads\/2021\/07\/THUNG-RAC-AM-TU-HIGOLD-307015.jpg\" alt=\"THUNG RAC AM TU HIGOLD 307015\" width=\"1029\" height=\"1495\" data-srcset=\"https:\/\/xuongphukientubep.com\/site\/wp-content\/uploads\/2021\/07\/THUNG-RAC-AM-TU-HIGOLD-307015.jpg 1029w, https:\/\/xuongphukientubep.com\/site\/wp-content\/uploads\/2021\/07\/THUNG-RAC-AM-TU-HIGOLD-307015-206x300.jpg 206w, https:\/\/xuongphukientubep.com\/site\/wp-content\/uploads\/2021\/07\/THUNG-RAC-AM-TU-HIGOLD-307015-768x1116.jpg 768w, https:\/\/xuongphukientubep.com\/site\/wp-content\/uploads\/2021\/07\/THUNG-RAC-AM-TU-HIGOLD-307015-705x1024.jpg 705w, https:\/\/xuongphukientubep.com\/site\/wp-content\/uploads\/2021\/07\/THUNG-RAC-AM-TU-HIGOLD-307015-600x872.jpg 600w\" sizes=\"(max-width: 1029px) 100vw, 1029px\" \/><\/p>\n<h3>Th\u00f4ng s\u1ed1 k\u1ef9 thu\u1eadt v\u00e0 b\u1ea3ng gi\u00e1 s\u1ea3n ph\u1ea9m<\/h3>\n<p><img loading=\"lazy\" decoding=\"async\" class=\" lazy size-full wp-image-4169\" src=\"data:image\/svg+xml,%3Csvg%20xmlns='http:\/\/www.w3.org\/2000\/svg'%20viewBox='0%200%201095%20306'%3E%3C\/svg%3E\" data-src=\"http:\/\/xuongphukientubep.com\/site\/wp-content\/uploads\/2021\/07\/thung-rac-\u00e2m-t\u1ee7-307015.jpg\" alt=\"B\u1ea3ng gi\u00e1 th\u00f9ng r\u00e1c \u00e2m t\u1ee7 Higold 307015\" width=\"1095\" height=\"306\" data-srcset=\"https:\/\/xuongphukientubep.com\/site\/wp-content\/uploads\/2021\/07\/thung-rac-\u00e2m-t\u1ee7-307015.jpg 1095w, https:\/\/xuongphukientubep.com\/site\/wp-content\/uploads\/2021\/07\/thung-rac-\u00e2m-t\u1ee7-307015-300x84.jpg 300w, https:\/\/xuongphukientubep.com\/site\/wp-content\/uploads\/2021\/07\/thung-rac-\u00e2m-t\u1ee7-307015-768x215.jpg 768w, https:\/\/xuongphukientubep.com\/site\/wp-content\/uploads\/2021\/07\/thung-rac-\u00e2m-t\u1ee7-307015-1024x286.jpg 1024w, https:\/\/xuongphukientubep.com\/site\/wp-content\/uploads\/2021\/07\/thung-rac-\u00e2m-t\u1ee7-307015-600x168.jpg 600w\" sizes=\"(max-width: 1095px) 100vw, 1095px\" \/><\/p>\n<p><img loading=\"lazy\" decoding=\"async\" class=\" lazy size-full wp-image-3435\" src=\"data:image\/svg+xml,%3Csvg%20xmlns='http:\/\/www.w3.org\/2000\/svg'%20viewBox='0%200%201130%201271'%3E%3C\/svg%3E\" data-src=\"http:\/\/xuongphukientubep.com\/site\/wp-content\/uploads\/2021\/07\/THONG-SO-THUNG-RAC-AM-TU-HIGOLD-307015.jpg\" alt=\"THONG SO THUNG RAC AM TU HIGOLD 307015\" width=\"1130\" height=\"1271\" data-srcset=\"https:\/\/xuongphukientubep.com\/site\/wp-content\/uploads\/2021\/07\/THONG-SO-THUNG-RAC-AM-TU-HIGOLD-307015.jpg 1130w, https:\/\/xuongphukientubep.com\/site\/wp-content\/uploads\/2021\/07\/THONG-SO-THUNG-RAC-AM-TU-HIGOLD-307015-267x300.jpg 267w, https:\/\/xuongphukientubep.com\/site\/wp-content\/uploads\/2021\/07\/THONG-SO-THUNG-RAC-AM-TU-HIGOLD-307015-768x864.jpg 768w, https:\/\/xuongphukientubep.com\/site\/wp-content\/uploads\/2021\/07\/THONG-SO-THUNG-RAC-AM-TU-HIGOLD-307015-910x1024.jpg 910w, https:\/\/xuongphukientubep.com\/site\/wp-content\/uploads\/2021\/07\/THONG-SO-THUNG-RAC-AM-TU-HIGOLD-307015-600x675.jpg 600w\" sizes=\"(max-width: 1130px) 100vw, 1130px\" \/><\/p>\n<h3><strong>Th\u00f9ng r\u00e1c \u00e2m t\u1ee7 Higold 307015 , 307016 ch\u00ednh h\u00e3ng \u0111\u01b0\u1ee3c ph\u00e2n ph\u1ed1i tr\u00ean to\u00e0n qu\u1ed1c t\u1ea1i <\/strong><strong><span style=\"color: #0000ff;\">www.xuongphukientubep.com<\/span><\/strong><\/h3>\n<p>Xem th\u00eam c\u00e1c s\u1ea3n ph\u1ea9m t\u01b0\u01a1ng t\u1ef1 kh\u00e1c:<\/p>\n<p class=\"products-title\"><a href=\"https:\/\/xuongphukientubep.com\/site\/product\/thung-rac-tron-e0101-gan-canh-eurogold\/\">Th\u00f9ng r\u00e1c tr\u00f2n E0101 g\u1eafn c\u00e1nh \u2013 Eurogold<\/a><\/p>\n<p><strong>H\u01b0\u1edbng d\u1eabn s\u1eed d\u1ee5ng s\u1ea3n ph\u1ea9m<\/strong><\/p>\n<p>Xin l\u01b0u \u00fd Qu\u00fd Kh\u00e1ch: S\u1ea3n ph\u1ea9m \u0111\u01b0\u1ee3c l\u1eafp \u0111\u1eb7t t\u1ea1i v\u1ecb tr\u00ed kh\u00f4 tho\u00e1ng. Kh\u00f4ng \u0111\u1ec3 ti\u1ebfp x\u00fac tr\u1ef1c ti\u1ebfp v\u1edbi ax\u00edt, mu\u1ed1i hay c\u00e1c ch\u1ea5t \u0103n m\u00f2n kh\u00e1c\u2026 Ph\u1ea3i v\u1ec7 sinh lau ch\u00f9i s\u1ea3n ph\u1ea9m \u0111\u1ecbnh k\u1ef3. Th\u01b0\u1eddng xuy\u00ean v\u1ec7 sinh ph\u1ee5 ki\u1ec7n b\u1eb1ng n\u01b0\u1edbc s\u1ea1ch, dung d\u1ecbch v\u1ec7 sinh chuy\u00ean d\u1ee5ng v\u00e0 lau kh\u00f4 ngay sau \u0111\u00f3.<\/p>\n<p>\u0110\u1eb7c bi\u1ec7t \u0111\u1ed1i v\u1edbi s\u1ea3n ph\u1ea9m inox 304 qu\u00fd kh\u00e1ch c\u00f3 th\u1ec3 lau ch\u00f9i b\u1eb1ng kh\u0103n kh\u00f4 s\u1ea1ch k\u1ebft h\u1ee3p v\u1edbi b\u1ed9t n\u0103ng ho\u1eb7c b\u1ed9t m\u00ec s\u1ebd d\u1ec5 d\u00e0ng v\u1ec7 sinh l\u00e0m t\u0103ng tu\u1ed5i th\u1ecd v\u00e0 l\u00e0m s\u1ea3n ph\u1ea9m s\u00e1ng b\u00f3ng h\u01a1n<\/p>\n<p><strong>Ch\u00ednh s\u00e1ch b\u1ea3o h\u00e0nh<\/strong><\/p>\n<p>=&gt; <a href=\"https:\/\/xuongphukientubep.com\/site\/chinh-sach-bao-hanh-phu-kien-tu-bep-niran\/\">B\u1ea5m v\u00e0o \u0111\u00e2y<\/a><\/p>\n<p><strong>Ch\u00ednh s\u00e1ch mua h\u00e0ng<\/strong><\/p>\n<p>=&gt; <a href=\"https:\/\/xuongphukientubep.com\/site\/chinh-sach-mua-hang-niran\/\">B\u1ea5m v\u00e0o \u0111\u00e2y<\/a><\/p>\n<p><strong>Th\u00f4ng tin li\u00ean h\u1ec7<\/strong><\/p>\n<p>=&gt; Hotline \u0110T\/Zalo 24\/7 : <span style=\"color: #ff0000;\"><strong>0933103313<\/strong><\/span><br \/>\n=&gt; Showroom: 4\/40 L\u01b0u Ch\u00ed Hi\u1ebfu, Ph\u01b0\u1eddng T\u00e2y Th\u1ea1nh, Qu\u1eadn T\u00e2n Ph\u00fa, TP.HCM<\/p>\n<p><a href=\"https:\/\/www.facebook.com\/xuongphukientubep\/\"><span style=\"vertical-align: inherit;\">https:\/\/www.facebook.com\/xuongphukientubep\/<\/span><\/a><\/p>\n","protected":false},"excerpt":{"rendered":"<p><strong>Nh\u00e3n hi\u1ec7u <\/strong>: <span style=\"color: #33cccc;\"><strong>HIGOLD<\/strong><\/span><br \/>\n<strong>Xu\u1ea5t x\u1ee9<\/strong>: <strong>Trung Qu\u1ed1c<\/strong><br \/>\n<strong>M\u00e3 SP: 307015, 307016<\/strong><br \/>\n<strong>Ch\u1ea5t li\u1ec7u: inox 201, inox 304<\/strong><br \/>\n<strong>B\u1ea3o h\u00e0nh : 24 th\u00e1ng<\/strong><\/p>\n<p>X\u01af\u1edeNG CHUY\u00caN S\u1ea2N XU\u1ea4T PH\u1ee4 KI\u1ec6N T\u1ee6 B\u1ebeP THEO S\u1ed0 \u0110O T\u1ee6 B\u1ebeP C\u1ee6A QU\u00dd KH\u00c1CH &#8211; 0933103313<\/p>\n<p>Mi\u1ec5n ph\u00ed t\u01b0 v\u1ea5n , l\u1eafp \u0111\u1eb7t v\u00e0 b\u1ea3o h\u00e0nh s\u1ea3n ph\u1ea9m tr\u1ecdn \u0111\u1eddi<\/p>\n<p><span class=\"_5mfr _47e3\"><span class=\"_7oe\">Mi\u1ec5n ph\u00ed giao h\u00e0ng n\u1ed9i th\u00e0nh TP. H\u1ed3 Ch\u00ed Minh v\u1edbi \u0111\u01a1n h\u00e0ng &gt;1.000.000\u0111 v\u00e0 free ship c\u00e1c t\u1ec9nh v\u1edbi \u0111\u01a1n h\u00e0ng &gt;5.000.000\u0111<\/span><\/span><\/p>\n","protected":false},"featured_media":3436,"comment_status":"open","ping_status":"closed","template":"","meta":{"_exactmetrics_skip_tracking":false,"_exactmetrics_sitenote_active":false,"_exactmetrics_sitenote_note":"","_exactmetrics_sitenote_category":0},"yoast_head":"<!-- This site is optimized with the Yoast SEO plugin v24.5 - https:\/\/yoast.com\/wordpress\/plugins\/seo\/ -->\n<title>Th\u00f9ng r\u00e1c \u00e2m t\u1ee7 Higold 307015 , 307016 I \u0110T\/Zalo : 0933103313<\/title>\n<meta name=\"description\" content=\"Th\u00f9ng r\u00e1c \u00e2m t\u1ee7 Higold 307015 , 307016 \u0111\u01b0\u1ee3c ph\u00e2n ph\u1ed1i ch\u00ednh h\u00e3ng t\u1ea1i Xuongphukientubep.com I Free ship tr\u00ean to\u00e0n qu\u1ed1c I \u0110T \u0111\u1eb7t h\u00e0ng 0933103313\" \/>\n<meta name=\"robots\" content=\"index, follow, max-snippet:-1, max-image-preview:large, max-video-preview:-1\" \/>\n<link rel=\"canonical\" href=\"https:\/\/xuongphukientubep.com\/site\/product\/thung-rac-am-tu-higold-307015-307016\/\" \/>\n<meta property=\"og:locale\" content=\"vi_VN\" \/>\n<meta property=\"og:type\" content=\"article\" \/>\n<meta property=\"og:title\" content=\"Th\u00f9ng r\u00e1c \u00e2m t\u1ee7 Higold 307015 , 307016 I \u0110T\/Zalo : 0933103313\" \/>\n<meta property=\"og:description\" content=\"Th\u00f9ng r\u00e1c \u00e2m t\u1ee7 Higold 307015 , 307016 \u0111\u01b0\u1ee3c ph\u00e2n ph\u1ed1i ch\u00ednh h\u00e3ng t\u1ea1i Xuongphukientubep.com I Free ship tr\u00ean to\u00e0n qu\u1ed1c I \u0110T \u0111\u1eb7t h\u00e0ng 0933103313\" \/>\n<meta property=\"og:url\" content=\"https:\/\/xuongphukientubep.com\/site\/product\/thung-rac-am-tu-higold-307015-307016\/\" \/>\n<meta property=\"og:site_name\" content=\"Niran\" \/>\n<meta property=\"article:modified_time\" content=\"2022-02-22T02:09:41+00:00\" \/>\n<meta property=\"og:image\" content=\"https:\/\/xuongphukientubep.com\/site\/wp-content\/uploads\/2021\/07\/THUNG-RAC-AM-TU-HIGOLD-307015.jpg\" \/>\n\t<meta property=\"og:image:width\" content=\"1029\" \/>\n\t<meta property=\"og:image:height\" content=\"1495\" \/>\n\t<meta property=\"og:image:type\" content=\"image\/jpeg\" \/>\n<meta name=\"twitter:card\" content=\"summary_large_image\" \/>\n<meta name=\"twitter:label1\" content=\"\u01af\u1edbc t\u00ednh th\u1eddi gian \u0111\u1ecdc\" \/>\n\t<meta name=\"twitter:data1\" content=\"3 ph\u00fat\" \/>\n<!-- \/ Yoast SEO plugin. -->","yoast_head_json":{"title":"Th\u00f9ng r\u00e1c \u00e2m t\u1ee7 Higold 307015 , 307016 I \u0110T\/Zalo : 0933103313","description":"Th\u00f9ng r\u00e1c \u00e2m t\u1ee7 Higold 307015 , 307016 \u0111\u01b0\u1ee3c ph\u00e2n ph\u1ed1i ch\u00ednh h\u00e3ng t\u1ea1i Xuongphukientubep.com I Free ship tr\u00ean to\u00e0n qu\u1ed1c I \u0110T \u0111\u1eb7t h\u00e0ng 0933103313","robots":{"index":"index","follow":"follow","max-snippet":"max-snippet:-1","max-image-preview":"max-image-preview:large","max-video-preview":"max-video-preview:-1"},"canonical":"https:\/\/xuongphukientubep.com\/site\/product\/thung-rac-am-tu-higold-307015-307016\/","og_locale":"vi_VN","og_type":"article","og_title":"Th\u00f9ng r\u00e1c \u00e2m t\u1ee7 Higold 307015 , 307016 I \u0110T\/Zalo : 0933103313","og_description":"Th\u00f9ng r\u00e1c \u00e2m t\u1ee7 Higold 307015 , 307016 \u0111\u01b0\u1ee3c ph\u00e2n ph\u1ed1i ch\u00ednh h\u00e3ng t\u1ea1i Xuongphukientubep.com I Free ship tr\u00ean to\u00e0n qu\u1ed1c I \u0110T \u0111\u1eb7t h\u00e0ng 0933103313","og_url":"https:\/\/xuongphukientubep.com\/site\/product\/thung-rac-am-tu-higold-307015-307016\/","og_site_name":"Niran","article_modified_time":"2022-02-22T02:09:41+00:00","og_image":[{"width":1029,"height":1495,"url":"https:\/\/xuongphukientubep.com\/site\/wp-content\/uploads\/2021\/07\/THUNG-RAC-AM-TU-HIGOLD-307015.jpg","type":"image\/jpeg"}],"twitter_card":"summary_large_image","twitter_misc":{"\u01af\u1edbc t\u00ednh th\u1eddi gian \u0111\u1ecdc":"3 ph\u00fat"},"schema":{"@context":"https:\/\/schema.org","@graph":[{"@type":"WebPage","@id":"https:\/\/xuongphukientubep.com\/site\/product\/thung-rac-am-tu-higold-307015-307016\/","url":"https:\/\/xuongphukientubep.com\/site\/product\/thung-rac-am-tu-higold-307015-307016\/","name":"Th\u00f9ng r\u00e1c \u00e2m t\u1ee7 Higold 307015 , 307016 I \u0110T\/Zalo : 0933103313","isPartOf":{"@id":"https:\/\/xuongphukientubep.com\/site\/#website"},"primaryImageOfPage":{"@id":"https:\/\/xuongphukientubep.com\/site\/product\/thung-rac-am-tu-higold-307015-307016\/#primaryimage"},"image":{"@id":"https:\/\/xuongphukientubep.com\/site\/product\/thung-rac-am-tu-higold-307015-307016\/#primaryimage"},"thumbnailUrl":"https:\/\/xuongphukientubep.com\/site\/wp-content\/uploads\/2021\/07\/THUNG-RAC-AM-TU-HIGOLD-307015.jpg","datePublished":"2021-07-23T14:31:01+00:00","dateModified":"2022-02-22T02:09:41+00:00","description":"Th\u00f9ng r\u00e1c \u00e2m t\u1ee7 Higold 307015 , 307016 \u0111\u01b0\u1ee3c ph\u00e2n ph\u1ed1i ch\u00ednh h\u00e3ng t\u1ea1i Xuongphukientubep.com I Free ship tr\u00ean to\u00e0n qu\u1ed1c I \u0110T \u0111\u1eb7t h\u00e0ng 0933103313","breadcrumb":{"@id":"https:\/\/xuongphukientubep.com\/site\/product\/thung-rac-am-tu-higold-307015-307016\/#breadcrumb"},"inLanguage":"vi","potentialAction":[{"@type":"ReadAction","target":["https:\/\/xuongphukientubep.com\/site\/product\/thung-rac-am-tu-higold-307015-307016\/"]}]},{"@type":"ImageObject","inLanguage":"vi","@id":"https:\/\/xuongphukientubep.com\/site\/product\/thung-rac-am-tu-higold-307015-307016\/#primaryimage","url":"https:\/\/xuongphukientubep.com\/site\/wp-content\/uploads\/2021\/07\/THUNG-RAC-AM-TU-HIGOLD-307015.jpg","contentUrl":"https:\/\/xuongphukientubep.com\/site\/wp-content\/uploads\/2021\/07\/THUNG-RAC-AM-TU-HIGOLD-307015.jpg","width":1029,"height":1495,"caption":"THUNG RAC AM TU HIGOLD 307015"},{"@type":"BreadcrumbList","@id":"https:\/\/xuongphukientubep.com\/site\/product\/thung-rac-am-tu-higold-307015-307016\/#breadcrumb","itemListElement":[{"@type":"ListItem","position":1,"name":"Trang ch\u1ee7","item":"https:\/\/xuongphukientubep.com\/site\/"},{"@type":"ListItem","position":2,"name":"C\u1eeda H\u00e0ng","item":"https:\/\/xuongphukientubep.com\/site\/shop\/"},{"@type":"ListItem","position":3,"name":"Th\u00f9ng r\u00e1c \u00e2m t\u1ee7 Higold 307015 , 307016"}]},{"@type":"WebSite","@id":"https:\/\/xuongphukientubep.com\/site\/#website","url":"https:\/\/xuongphukientubep.com\/site\/","name":"Niran","description":"X\u01b0\u1edfng chuy\u00ean s\u1ea3n xu\u1ea5t ph\u1ee5 ki\u1ec7n t\u1ee7 b\u1ebfp inox 304 cao c\u1ea5p","publisher":{"@id":"https:\/\/xuongphukientubep.com\/site\/#organization"},"potentialAction":[{"@type":"SearchAction","target":{"@type":"EntryPoint","urlTemplate":"https:\/\/xuongphukientubep.com\/site\/?s={search_term_string}"},"query-input":{"@type":"PropertyValueSpecification","valueRequired":true,"valueName":"search_term_string"}}],"inLanguage":"vi"},{"@type":"Organization","@id":"https:\/\/xuongphukientubep.com\/site\/#organization","name":"Niran","url":"https:\/\/xuongphukientubep.com\/site\/","logo":{"@type":"ImageObject","inLanguage":"vi","@id":"https:\/\/xuongphukientubep.com\/site\/#\/schema\/logo\/image\/","url":"https:\/\/xuongphukientubep.com\/site\/wp-content\/uploads\/2018\/09\/cropped-215-2.png","contentUrl":"https:\/\/xuongphukientubep.com\/site\/wp-content\/uploads\/2018\/09\/cropped-215-2.png","width":197,"height":108,"caption":"Niran"},"image":{"@id":"https:\/\/xuongphukientubep.com\/site\/#\/schema\/logo\/image\/"}}]}},"amp_enabled":true,"_links":{"self":[{"href":"https:\/\/xuongphukientubep.com\/site\/wp-json\/wp\/v2\/product\/3433"}],"collection":[{"href":"https:\/\/xuongphukientubep.com\/site\/wp-json\/wp\/v2\/product"}],"about":[{"href":"https:\/\/xuongphukientubep.com\/site\/wp-json\/wp\/v2\/types\/product"}],"replies":[{"embeddable":true,"href":"https:\/\/xuongphukientubep.com\/site\/wp-json\/wp\/v2\/comments?post=3433"}],"wp:featuredmedia":[{"embeddable":true,"href":"https:\/\/xuongphukientubep.com\/site\/wp-json\/wp\/v2\/media\/3436"}],"wp:attachment":[{"href":"https:\/\/xuongphukientubep.com\/site\/wp-json\/wp\/v2\/media?parent=3433"}],"curies":[{"name":"wp","href":"https:\/\/api.w.org\/{rel}","templated":true}]}}