{"id":924,"date":"2018-09-07T14:37:00","date_gmt":"2018-09-07T07:37:00","guid":{"rendered":"http:\/\/xuongphukientubep.com\/site\/?post_type=product&#038;p=924"},"modified":"2024-12-02T19:15:49","modified_gmt":"2024-12-02T12:15:49","slug":"ke-tu-do-kho-6-tang-niran-inox-304-nr0401","status":"publish","type":"product","link":"https:\/\/xuongphukientubep.com\/site\/product\/ke-tu-do-kho-6-tang-niran-inox-304-nr0401\/","title":{"rendered":"K\u1ec7 t\u1ee7 \u0111\u1ed3 kh\u00f4 6 t\u1ea7ng Niran inox 304 &#8211; NR0401"},"content":{"rendered":"<p><em><strong>K\u1ec7 t\u1ee7 \u0111\u1ed3 kh\u00f4 6 t\u1ea7ng Niran NR0401<\/strong><\/em> inox 304 \u0111\u01b0\u1ee3c thi\u1ebft k\u1ebf v\u1edbi 6 t\u1ea7ng r\u1ed7 inox 304 c\u00f3 ray k\u00e9o gi\u1ea3m ch\u1ea5n. D\u00f9ng \u0111\u1ef1ng th\u1ef1c ph\u1ea9m kh\u00f4 nh\u01b0 m\u00ec g\u00f3i b\u00e1nh k\u1eb9o ho\u1eb7c c\u00e1c \u0111\u1ed3 d\u00f9ng trong gia \u0111\u00ecnh. R\u1ea5t ti\u1ec7n khi \u0111\u1ec3 v\u00e0 l\u1ea5y d\u1ec5 d\u00e0ng kh\u00f4ng m\u1ea5t nhi\u1ec1u th\u1eddi gian t\u00ecm ki\u1ebfm.<br \/>\nS\u1ea3n ph\u1ea9m \u0111\u01b0\u1ee3c l\u00e0m 100 % ch\u1ea5t li\u1ec7u inox 304 s\u00e1ng b\u00f3ng ch\u1ed1ng r\u1ec9 s\u00e9t \u0111\u1eb7c bi\u1ec7t d\u1ec5 l\u00e2u ch\u00f9i. K\u00edch th\u01b0\u1edbc c\u00f3 th\u1ec3 thay \u0111\u1ed5i \u0111\u1ec3 ph\u00f9 h\u1ee3p v\u1edbi t\u1ee7 b\u1ebfp c\u00f3 s\u1eb5n.<br \/>\nS\u1ea3n ph\u1ea9m b\u1ea3o h\u00e0nh tr\u1ecdn \u0111\u1eddi. ( L\u01b0u \u00fd: H\u1ec7 th\u1ed1ng ray \u0111i k\u00e8m b\u1ea3o h\u00e0nh 12 th\u00e1ng )<\/p>\n<p><img loading=\"lazy\" decoding=\"async\" class=\" lazy size-full wp-image-2125\" src=\"data:image\/svg+xml,%3Csvg%20xmlns='http:\/\/www.w3.org\/2000\/svg'%20viewBox='0%200%203024%204032'%3E%3C\/svg%3E\" data-src=\"https:\/\/xuongphukientubep.com\/site\/wp-content\/uploads\/2018\/09\/K\u1ec7-t\u1ee7-\u0111\u1ed3-kh\u00f4-6-t\u1ea7ng-inox-304-Niran-NR0401.jpg\" alt=\"K\u1ec7 t\u1ee7 \u0111\u1ed3 kh\u00f4 6 t\u1ea7ng inox 304 Niran NR0401\" width=\"3024\" height=\"4032\" data-srcset=\"https:\/\/xuongphukientubep.com\/site\/wp-content\/uploads\/2018\/09\/K\u1ec7-t\u1ee7-\u0111\u1ed3-kh\u00f4-6-t\u1ea7ng-inox-304-Niran-NR0401.jpg 3024w, https:\/\/xuongphukientubep.com\/site\/wp-content\/uploads\/2018\/09\/K\u1ec7-t\u1ee7-\u0111\u1ed3-kh\u00f4-6-t\u1ea7ng-inox-304-Niran-NR0401-225x300.jpg 225w, https:\/\/xuongphukientubep.com\/site\/wp-content\/uploads\/2018\/09\/K\u1ec7-t\u1ee7-\u0111\u1ed3-kh\u00f4-6-t\u1ea7ng-inox-304-Niran-NR0401-768x1024.jpg 768w, https:\/\/xuongphukientubep.com\/site\/wp-content\/uploads\/2018\/09\/K\u1ec7-t\u1ee7-\u0111\u1ed3-kh\u00f4-6-t\u1ea7ng-inox-304-Niran-NR0401-600x800.jpg 600w\" sizes=\"(max-width: 3024px) 100vw, 3024px\" \/><\/p>\n<figure id=\"attachment_4343\" aria-describedby=\"caption-attachment-4343\" style=\"width: 1331px\" class=\"wp-caption alignnone\"><img loading=\"lazy\" decoding=\"async\" class=\" lazy wp-image-4343 size-full\" src=\"data:image\/svg+xml,%3Csvg%20xmlns='http:\/\/www.w3.org\/2000\/svg'%20viewBox='0%200%201331%20196'%3E%3C\/svg%3E\" data-src=\"http:\/\/xuongphukientubep.com\/site\/wp-content\/uploads\/2018\/09\/Bang-gia-thong-so-ky-thuat-ke-tu-do-kho-6-tang-inox-304-niran-nr0401.png\" alt=\"B\u1ea3ng gi\u00e1 k\u1ec7 t\u1ee7 \u0111\u1ed3 kh\u00f4 6 t\u1ea7ng Niran NR0401\" width=\"1331\" height=\"196\" data-srcset=\"https:\/\/xuongphukientubep.com\/site\/wp-content\/uploads\/2018\/09\/Bang-gia-thong-so-ky-thuat-ke-tu-do-kho-6-tang-inox-304-niran-nr0401.png 1331w, https:\/\/xuongphukientubep.com\/site\/wp-content\/uploads\/2018\/09\/Bang-gia-thong-so-ky-thuat-ke-tu-do-kho-6-tang-inox-304-niran-nr0401-300x44.png 300w, https:\/\/xuongphukientubep.com\/site\/wp-content\/uploads\/2018\/09\/Bang-gia-thong-so-ky-thuat-ke-tu-do-kho-6-tang-inox-304-niran-nr0401-768x113.png 768w, https:\/\/xuongphukientubep.com\/site\/wp-content\/uploads\/2018\/09\/Bang-gia-thong-so-ky-thuat-ke-tu-do-kho-6-tang-inox-304-niran-nr0401-1024x151.png 1024w, https:\/\/xuongphukientubep.com\/site\/wp-content\/uploads\/2018\/09\/Bang-gia-thong-so-ky-thuat-ke-tu-do-kho-6-tang-inox-304-niran-nr0401-600x88.png 600w\" sizes=\"(max-width: 1331px) 100vw, 1331px\" \/><figcaption id=\"caption-attachment-4343\" class=\"wp-caption-text\">B\u1ea3ng gi\u00e1 k\u1ec7 t\u1ee7 \u0111\u1ed3 kh\u00f4 6 t\u1ea7ng Niran NR0401<\/figcaption><\/figure>\n<p><div class=\"yt-video-place embed-responsive embed-responsive-4by3\" data-yt-url=\"https:\/\/www.youtube.com\/embed\/LXsHqRNFDtk?rel=0&showinfo=0\"><img src=\"data:image\/svg+xml,%3Csvg%20xmlns='http:\/\/www.w3.org\/2000\/svg'%20viewBox='0%200%20870%20489'%3E%3C\/svg%3E\" data-src=\"https:\/\/i.ytimg.com\/vi\/LXsHqRNFDtk\/maxres2.jpg?sqp\\u003d-oaymwEoCIAKENAF8quKqQMcGADwAQH4Ad4EgAK4CIoCDAgAEAEYZSBeKFUwDw\\u003d\\u003d\\\\u0026rs\\u003dAOn4CLBbKcR6ceYZ5FQ-AK7FeoLNHONjeg\" async class=\" lazy play-yt-video\"><a class=\"start-video\"><img width=\"64\" src=\"data:image\/svg+xml,%3Csvg%20xmlns='http:\/\/www.w3.org\/2000\/svg'%20viewBox='0%200%2064%2064'%3E%3C\/svg%3E\" data-src=\"https:\/\/xuongphukientubep.com\/site\/wp-content\/plugins\/wp2speed\/lib\/asset\/play-btn.png\" class=\" lazy \" ><\/a><\/div><\/p>\n<h4>N\u01a1i s\u1ea3n xu\u1ea5t K\u1ec7 t\u1ee7 \u0111\u1ed3 kh\u00f4 6 t\u1ea7ng Niran inox 304 uy t\u00edn t\u1ea1i Th\u00e0nh ph\u1ed1 H\u1ed3 Ch\u00ed Minh.<\/h4>\n<p>B\u1ea1n \u0111\u00e3 s\u1edf h\u1eefu hay \u0111ang l\u00ean \u00fd t\u01b0\u1edfng ho\u00e0n thi\u1ec7n cho t\u1ee7 b\u1ebfp c\u1ee7a b\u1ea1n?<br \/>\nB\u1ea1n \u0111ang b\u0103n kho\u0103n v\u1ec1 vi\u1ec7c mua ph\u1ee5 ki\u1ec7n t\u1ee7 b\u1ebfp tr\u01b0\u1edbc hay sau khi ho\u00e0n thi\u1ec7n t\u1ee7 b\u1ebfp?<br \/>\nS\u1ee3 r\u1eb1ng mua ph\u1ee5 ki\u1ec7n tr\u01b0\u1edbc th\u00ec ph\u1ea3i theo k\u00edch th\u01b0\u1edbc c\u00f3 s\u1eb5n kh\u00f4ng h\u1ee3p v\u1edbi thi\u1ebft k\u1ebf v\u1edbi nhu c\u1ea7u ,c\u00f2n mua sau th\u00ec s\u1ee3 l\u1eafp kh\u00f4ng v\u1eeba.<br \/>\nC\u00f3 <a href=\"https:\/\/xuongphukientubep.com\/site\/product-category\/phu-kien-tu-bep-niran\/\">X\u01af\u1edeNG PH\u1ee4 KI\u1ec6N T\u1ee6 B\u1ebeP<\/a> \u0111\u00e2y r\u1ed3i , kh\u00f4ng c\u1ea7n lo n\u1eefa nh\u00e9 , c\u1ee9 tho\u1ea3i m\u00e1i x\u00e2y d\u1ef1ng t\u1ee7 b\u1ebfp theo \u00fd th\u00edch c\u1ee7a gia \u0111\u00ecnh b\u1ea1n.C\u00f2n vi\u1ec7c g\u1eafn ph\u1ee5 ki\u1ec7n t\u1ee7 b\u1ebfp X\u01af\u1edeNG em s\u1ebd lo t\u1ea5t \u1ea1.<\/p>\n<p>\u2705K\u00edch th\u01b0\u1edbc ph\u1ee5 ki\u1ec7n s\u1ebd \u0111\u01b0\u1ee3c thi\u1ebft k\u1ebf, \u0111o \u0111\u1ea1c theo t\u1eebng milimet t\u1ee7 b\u1ebfp c\u1ee7a kh\u00e1ch h\u00e0ng.<br \/>\n\u2705\u0110\u1eb7c bi\u1ec7t x\u01b0\u1edfng s\u1ebd thi\u1ebft k\u1ebf theo nhu c\u1ea7u ri\u00eang c\u1ee7a m\u1ed7i kh\u00e1ch h\u00e0ng.<br \/>\n\u2705M\u1eabu m\u00e3 th\u1ea9m m\u1ef9 t\u01b0\u01a1ng th\u00edch v\u1edbi t\u1ee7 b\u1ebfp c\u00f3 s\u1eb5n, k\u00edch th\u01b0\u1edbc th\u00ec v\u1eeba kh\u00edt.<br \/>\n\u2705X\u01b0\u1edfng ch\u1ec9 s\u1eed d\u1ee5ng duy nh\u1ea5t ch\u1ea5t li\u1ec7u inox 304 \u0111\u1ec3 l\u00e0m n\u00ean s\u1ea3n ph\u1ea9m c\u00f3 \u0111\u1ed9 b\u1ec1n cao nh\u1ea5t.<br \/>\n\u2705Lu\u00f4n c\u1eadp nh\u1eadt m\u1eabu m\u00e3 m\u1edbi \u0111\u1ebfn v\u1edbi kh\u00e1ch h\u00e0ng<br \/>\n\u2705S\u1ea3n ph\u1ea9m b\u1ea3o h\u00e0nh tr\u1ecdn \u0111\u1eddi<br \/>\nLi\u00ean h\u1ec7 t\u01b0 v\u1ea5n mi\u1ec5n ph\u00ed \u0110T\/Zalo : 0933103313<br \/>\nShowroom: 4\/40 L\u01b0u Ch\u00ed Hi\u1ebfu, Ph\u01b0\u1eddng T\u00e2y Th\u1ea1nh, Qu\u1eadn T\u00e2n Ph\u00fa, TP.HCM<\/p>\n<p>X\u01b0\u1edbng SX: 61\/2 Qu\u1ed1c L\u1ed9 1A, Ti\u1ec1n L\u00e2n 15, B\u00e0 \u0110i\u1ec3m, Hooc M\u00f4n,TP.HCM<\/p>\n<p>T\u00ecm hi\u1ec3u th\u00eam h\u00ecnh \u1ea3nh thi c\u00f4ng th\u1ef1c t\u1ebf <a href=\"https:\/\/xuongphukientubep.com\/site\/product-category\/phu-kien-tu-bep-niran\/\">ph\u1ee5 ki\u1ec7n t\u1ee7 b\u1ebfp<\/a> c\u1ee7a x\u01b0\u1edfng t\u1ea1i : <a href=\"https:\/\/www.facebook.com\/xuongphukientubep\/\">https:\/\/www.facebook.com\/xuongphukientubep\/<\/a><\/p>\n","protected":false},"excerpt":{"rendered":"<p><strong>K\u1ec6 T\u1ee6 \u0110\u1ed2 KH\u00d4 6 T\u1ea6NG NIRAN &#8211; INOX 304 C\u00d3 RAY GI\u1ea2M CH\u1ea4N<\/strong><br \/>\n<strong>Nh\u00e3n hi\u1ec7u:<\/strong> NIRAN &#8211; S\u1ea3n xu\u1ea5t t\u1ea1i Vi\u1ec7t Nam<br \/>\n<strong>M\u00e3 SP:<\/strong> NR0401<br \/>\n<strong>Ch\u1ea5t li\u1ec7u:<\/strong> inox 304 b\u00f3ng kh\u00f4ng g\u1ec9 s\u00e9t<br \/>\n<strong>K\u00edch th\u01b0\u1edbc:<\/strong> N450x S450 x C1950 mm (K\u00edch th\u01b0\u1edbc c\u00f3 th\u1ec3 thay \u0111\u1ed5i theo s\u1ed1 \u0111o t\u1ee7 b\u1ebfp c\u1ee7a kh\u00e1ch )<\/p>\n<p>X\u01af\u1edeNG CHUY\u00caN S\u1ea2N XU\u1ea4T PH\u1ee4 KI\u1ec6N T\u1ee6 B\u1ebeP THEO S\u1ed0 \u0110O T\u1ee6 B\u1ebeP C\u1ee6A QU\u00dd KH\u00c1CH &#8211; 0933103313<\/p>\n<p>Mi\u1ec5n ph\u00ed t\u01b0 v\u1ea5n ,l\u1eafp \u0111\u1eb7t v\u00e0 b\u1ea3o h\u00e0nh s\u1ea3n ph\u1ea9m tr\u1ecdn \u0111\u1eddi<\/p>\n<p><span class=\"_5mfr _47e3\"><span class=\"_7oe\">\u00a0Mi\u1ec5n ph\u00ed giao h\u00e0ng n\u1ed9i th\u00e0nh TP. H\u1ed3 Ch\u00ed Minh v\u1edbi \u0111\u01a1n h\u00e0ng &gt;1.000.000\u0111 v\u00e0 free ship c\u00e1c t\u1ec9nh v\u1edbi \u0111\u01a1n h\u00e0ng &gt;5.000.0000\u0111<\/span><\/span><\/p>\n","protected":false},"featured_media":948,"comment_status":"open","ping_status":"closed","template":"","meta":{"_exactmetrics_skip_tracking":false,"_exactmetrics_sitenote_active":false,"_exactmetrics_sitenote_note":"","_exactmetrics_sitenote_category":0},"yoast_head":"<!-- This site is optimized with the Yoast SEO plugin v24.5 - https:\/\/yoast.com\/wordpress\/plugins\/seo\/ -->\n<title>K\u1ec7 t\u1ee7 \u0111\u1ed3 kh\u00f4 6 t\u1ea7ng Niran inox 304 - NR0401 - Niran<\/title>\n<meta name=\"description\" content=\"X\u01af\u1edeNG CHUY\u00caN S\u1ea2N XU\u1ea4T PH\u1ee4 KI\u1ec6N T\u1ee6 B\u1ebeP INOX 304 THEO S\u1ed0 \u0110O T\u1ee6 B\u1ebeP KH\u00c1CH H\u00c0NG. N\u01a1i s\u1ea3n xu\u1ea5t K\u1ec7 t\u1ee7 \u0111\u1ed3 kh\u00f4 6 t\u1ea7ng Niran inox 304 t\u1ea1i Th\u00e0nh Ph\u1ed1 H\u1ed3 Ch\u00ed Minh\" \/>\n<meta name=\"robots\" content=\"index, follow, max-snippet:-1, max-image-preview:large, max-video-preview:-1\" \/>\n<link rel=\"canonical\" href=\"https:\/\/xuongphukientubep.com\/site\/product\/ke-tu-do-kho-6-tang-niran-inox-304-nr0401\/\" \/>\n<meta property=\"og:locale\" content=\"vi_VN\" \/>\n<meta property=\"og:type\" content=\"article\" \/>\n<meta property=\"og:title\" content=\"K\u1ec7 t\u1ee7 \u0111\u1ed3 kh\u00f4 6 t\u1ea7ng Niran inox 304 - NR0401 - Niran\" \/>\n<meta property=\"og:description\" content=\"X\u01af\u1edeNG CHUY\u00caN S\u1ea2N XU\u1ea4T PH\u1ee4 KI\u1ec6N T\u1ee6 B\u1ebeP INOX 304 THEO S\u1ed0 \u0110O T\u1ee6 B\u1ebeP KH\u00c1CH H\u00c0NG. N\u01a1i s\u1ea3n xu\u1ea5t K\u1ec7 t\u1ee7 \u0111\u1ed3 kh\u00f4 6 t\u1ea7ng Niran inox 304 t\u1ea1i Th\u00e0nh Ph\u1ed1 H\u1ed3 Ch\u00ed Minh\" \/>\n<meta property=\"og:url\" content=\"https:\/\/xuongphukientubep.com\/site\/product\/ke-tu-do-kho-6-tang-niran-inox-304-nr0401\/\" \/>\n<meta property=\"og:site_name\" content=\"Niran\" \/>\n<meta property=\"article:modified_time\" content=\"2024-12-02T12:15:49+00:00\" \/>\n<meta property=\"og:image\" content=\"https:\/\/xuongphukientubep.com\/site\/wp-content\/uploads\/2018\/09\/1-3.jpg\" \/>\n\t<meta property=\"og:image:width\" content=\"3024\" \/>\n\t<meta property=\"og:image:height\" content=\"4032\" \/>\n\t<meta property=\"og:image:type\" content=\"image\/jpeg\" \/>\n<meta name=\"twitter:card\" content=\"summary_large_image\" \/>\n<meta name=\"twitter:label1\" content=\"\u01af\u1edbc t\u00ednh th\u1eddi gian \u0111\u1ecdc\" \/>\n\t<meta name=\"twitter:data1\" content=\"3 ph\u00fat\" \/>\n<!-- \/ Yoast SEO plugin. -->","yoast_head_json":{"title":"K\u1ec7 t\u1ee7 \u0111\u1ed3 kh\u00f4 6 t\u1ea7ng Niran inox 304 - NR0401 - Niran","description":"X\u01af\u1edeNG CHUY\u00caN S\u1ea2N XU\u1ea4T PH\u1ee4 KI\u1ec6N T\u1ee6 B\u1ebeP INOX 304 THEO S\u1ed0 \u0110O T\u1ee6 B\u1ebeP KH\u00c1CH H\u00c0NG. N\u01a1i s\u1ea3n xu\u1ea5t K\u1ec7 t\u1ee7 \u0111\u1ed3 kh\u00f4 6 t\u1ea7ng Niran inox 304 t\u1ea1i Th\u00e0nh Ph\u1ed1 H\u1ed3 Ch\u00ed Minh","robots":{"index":"index","follow":"follow","max-snippet":"max-snippet:-1","max-image-preview":"max-image-preview:large","max-video-preview":"max-video-preview:-1"},"canonical":"https:\/\/xuongphukientubep.com\/site\/product\/ke-tu-do-kho-6-tang-niran-inox-304-nr0401\/","og_locale":"vi_VN","og_type":"article","og_title":"K\u1ec7 t\u1ee7 \u0111\u1ed3 kh\u00f4 6 t\u1ea7ng Niran inox 304 - NR0401 - Niran","og_description":"X\u01af\u1edeNG CHUY\u00caN S\u1ea2N XU\u1ea4T PH\u1ee4 KI\u1ec6N T\u1ee6 B\u1ebeP INOX 304 THEO S\u1ed0 \u0110O T\u1ee6 B\u1ebeP KH\u00c1CH H\u00c0NG. N\u01a1i s\u1ea3n xu\u1ea5t K\u1ec7 t\u1ee7 \u0111\u1ed3 kh\u00f4 6 t\u1ea7ng Niran inox 304 t\u1ea1i Th\u00e0nh Ph\u1ed1 H\u1ed3 Ch\u00ed Minh","og_url":"https:\/\/xuongphukientubep.com\/site\/product\/ke-tu-do-kho-6-tang-niran-inox-304-nr0401\/","og_site_name":"Niran","article_modified_time":"2024-12-02T12:15:49+00:00","og_image":[{"width":3024,"height":4032,"url":"https:\/\/xuongphukientubep.com\/site\/wp-content\/uploads\/2018\/09\/1-3.jpg","type":"image\/jpeg"}],"twitter_card":"summary_large_image","twitter_misc":{"\u01af\u1edbc t\u00ednh th\u1eddi gian \u0111\u1ecdc":"3 ph\u00fat"},"schema":{"@context":"https:\/\/schema.org","@graph":[{"@type":"WebPage","@id":"https:\/\/xuongphukientubep.com\/site\/product\/ke-tu-do-kho-6-tang-niran-inox-304-nr0401\/","url":"https:\/\/xuongphukientubep.com\/site\/product\/ke-tu-do-kho-6-tang-niran-inox-304-nr0401\/","name":"K\u1ec7 t\u1ee7 \u0111\u1ed3 kh\u00f4 6 t\u1ea7ng Niran inox 304 - NR0401 - Niran","isPartOf":{"@id":"https:\/\/xuongphukientubep.com\/site\/#website"},"primaryImageOfPage":{"@id":"https:\/\/xuongphukientubep.com\/site\/product\/ke-tu-do-kho-6-tang-niran-inox-304-nr0401\/#primaryimage"},"image":{"@id":"https:\/\/xuongphukientubep.com\/site\/product\/ke-tu-do-kho-6-tang-niran-inox-304-nr0401\/#primaryimage"},"thumbnailUrl":"https:\/\/xuongphukientubep.com\/site\/wp-content\/uploads\/2018\/09\/1-3.jpg","datePublished":"2018-09-07T07:37:00+00:00","dateModified":"2024-12-02T12:15:49+00:00","description":"X\u01af\u1edeNG CHUY\u00caN S\u1ea2N XU\u1ea4T PH\u1ee4 KI\u1ec6N T\u1ee6 B\u1ebeP INOX 304 THEO S\u1ed0 \u0110O T\u1ee6 B\u1ebeP KH\u00c1CH H\u00c0NG. N\u01a1i s\u1ea3n xu\u1ea5t K\u1ec7 t\u1ee7 \u0111\u1ed3 kh\u00f4 6 t\u1ea7ng Niran inox 304 t\u1ea1i Th\u00e0nh Ph\u1ed1 H\u1ed3 Ch\u00ed Minh","breadcrumb":{"@id":"https:\/\/xuongphukientubep.com\/site\/product\/ke-tu-do-kho-6-tang-niran-inox-304-nr0401\/#breadcrumb"},"inLanguage":"vi","potentialAction":[{"@type":"ReadAction","target":["https:\/\/xuongphukientubep.com\/site\/product\/ke-tu-do-kho-6-tang-niran-inox-304-nr0401\/"]}]},{"@type":"ImageObject","inLanguage":"vi","@id":"https:\/\/xuongphukientubep.com\/site\/product\/ke-tu-do-kho-6-tang-niran-inox-304-nr0401\/#primaryimage","url":"https:\/\/xuongphukientubep.com\/site\/wp-content\/uploads\/2018\/09\/1-3.jpg","contentUrl":"https:\/\/xuongphukientubep.com\/site\/wp-content\/uploads\/2018\/09\/1-3.jpg","width":3024,"height":4032,"caption":"X\u01af\u1edeNG CHUY\u00caN S\u1ea2N XU\u1ea4T PH\u1ee4 KI\u1ec6N T\u1ee6 B\u1ebeP INOX 304 THEO S\u1ed0 \u0110O T\u1ee6 B\u1ebeP KH\u00c1CH H\u00c0NG. N\u01a1i s\u1ea3n xu\u1ea5t K\u1ec7 t\u1ee7 \u0111\u1ed3 kh\u00f4 6 t\u1ea7ng Niran inox 304 t\u1ea1i Th\u00e0nh Ph\u1ed1 H\u1ed3 Ch\u00ed Minh"},{"@type":"BreadcrumbList","@id":"https:\/\/xuongphukientubep.com\/site\/product\/ke-tu-do-kho-6-tang-niran-inox-304-nr0401\/#breadcrumb","itemListElement":[{"@type":"ListItem","position":1,"name":"Trang ch\u1ee7","item":"https:\/\/xuongphukientubep.com\/site\/"},{"@type":"ListItem","position":2,"name":"C\u1eeda H\u00e0ng","item":"https:\/\/xuongphukientubep.com\/site\/shop\/"},{"@type":"ListItem","position":3,"name":"K\u1ec7 t\u1ee7 \u0111\u1ed3 kh\u00f4 6 t\u1ea7ng Niran inox 304 &#8211; NR0401"}]},{"@type":"WebSite","@id":"https:\/\/xuongphukientubep.com\/site\/#website","url":"https:\/\/xuongphukientubep.com\/site\/","name":"Niran","description":"X\u01b0\u1edfng chuy\u00ean s\u1ea3n xu\u1ea5t ph\u1ee5 ki\u1ec7n t\u1ee7 b\u1ebfp inox 304 cao c\u1ea5p","publisher":{"@id":"https:\/\/xuongphukientubep.com\/site\/#organization"},"potentialAction":[{"@type":"SearchAction","target":{"@type":"EntryPoint","urlTemplate":"https:\/\/xuongphukientubep.com\/site\/?s={search_term_string}"},"query-input":{"@type":"PropertyValueSpecification","valueRequired":true,"valueName":"search_term_string"}}],"inLanguage":"vi"},{"@type":"Organization","@id":"https:\/\/xuongphukientubep.com\/site\/#organization","name":"Niran","url":"https:\/\/xuongphukientubep.com\/site\/","logo":{"@type":"ImageObject","inLanguage":"vi","@id":"https:\/\/xuongphukientubep.com\/site\/#\/schema\/logo\/image\/","url":"https:\/\/xuongphukientubep.com\/site\/wp-content\/uploads\/2018\/09\/cropped-215-2.png","contentUrl":"https:\/\/xuongphukientubep.com\/site\/wp-content\/uploads\/2018\/09\/cropped-215-2.png","width":197,"height":108,"caption":"Niran"},"image":{"@id":"https:\/\/xuongphukientubep.com\/site\/#\/schema\/logo\/image\/"}}]}},"amp_enabled":true,"_links":{"self":[{"href":"https:\/\/xuongphukientubep.com\/site\/wp-json\/wp\/v2\/product\/924"}],"collection":[{"href":"https:\/\/xuongphukientubep.com\/site\/wp-json\/wp\/v2\/product"}],"about":[{"href":"https:\/\/xuongphukientubep.com\/site\/wp-json\/wp\/v2\/types\/product"}],"replies":[{"embeddable":true,"href":"https:\/\/xuongphukientubep.com\/site\/wp-json\/wp\/v2\/comments?post=924"}],"wp:featuredmedia":[{"embeddable":true,"href":"https:\/\/xuongphukientubep.com\/site\/wp-json\/wp\/v2\/media\/948"}],"wp:attachment":[{"href":"https:\/\/xuongphukientubep.com\/site\/wp-json\/wp\/v2\/media?parent=924"}],"curies":[{"name":"wp","href":"https:\/\/api.w.org\/{rel}","templated":true}]}}